{"id":1451,"date":"2020-03-23T08:33:12","date_gmt":"2020-03-23T08:33:12","guid":{"rendered":"http:\/\/localhost\/it-tech\/?page_id=1451"},"modified":"2024-09-25T12:45:53","modified_gmt":"2024-09-25T17:45:53","slug":"it-service","status":"publish","type":"page","link":"https:\/\/solucione.com.mx\/corporativo\/it-service\/","title":{"rendered":"Telecomunicaciones"},"content":{"rendered":"<p><section class=\"kc-elm kc-css-988582 kc_row\"><div class=\"kc-row-container  kc-container\"><div class=\"kc-wrap-columns\"><div class=\"kc-elm kc-css-643604 kc_col-sm-12 kc_column kc_col-sm-12\"><div class=\"kc-col-container\"><div class=\"kc-elm kc-css-917670 kc_row kc_row_inner\"><div class=\"kc-elm kc-css-965572 kc_col-sm-12 kc_column_inner kc_col-sm-12\"><div class=\"kc_wrapper kc-col-inner-container\">\t\r\r\t<div class=\"kc-elm kc-css-576967 \">\r\r\t\t<div class=\"section-title  t_center\">\r\t\t\t\t\t\t\t<h5>Servicios de telecomunicaciones<\/h5>\r\t\t\t\t\t\t<h3>Redes de alta demanda <\/h3>\r\t\t\t<h2>para operadores de telefon\u00eda<\/h2>\r\t\t\t\r\t\t\t\t\t\t\r\t\t\t\t\t\t\r\t\t\t\t<div class=\"em-bar-main\">\r\t\t\t\t\t<div class=\"em-bar em-bar-big\"><\/div>\r\t\t\t\t<\/div>\r\t\t\t\t\r\t\t\t\r\r\t\t\t\t\t\t\r\t\t\t\t\r\r\t\t<\/div>\t\r\r\t<\/div>\t\r\r\t<div class=\"kc-elm kc-css-661439\" style=\"height: 32px; clear: both; width:100%;\"><\/div><div class=\"kc-elm kc-css-867862 kc_text_block\"><\/p>\n<p>Contamos con una amplia experiencia en la creaci\u00f3n de proyectos junto a los m\u00e1s grandes operadores de telefon\u00eda e Internet del pa\u00eds. En tecnolog\u00edas como GPON, ADSL, VDSL, Transporte y Fibra \u00d3ptica, GPON, Carrier Ethernet, FTTX, GSM, LTE, MW.<\/p>\n<p>\n<\/div><div class=\"kc-elm kc-css-256130\" style=\"height: 30px; clear: both; width:100%;\"><\/div><\/div><\/div><\/div><div class=\"kc-elm kc-css-888284 kc_row kc_row_inner\"><div class=\"kc-elm kc-css-104207 kc_col-sm-4 kc_column_inner kc_col-sm-4\"><div class=\"kc_wrapper kc-col-inner-container\">\r\n\t\t\t<div class=\"em-service service-style-two  kc-elm kc-css-899658\">\t\t\r\n\t\t\t\t\r\n\t\t\t\t\t\t\t\t\t<div class=\"em-service-icon\">\r\n\t\t\t\t\t\t<i class=\"flaticon-home\"><\/i>\r\n\t\t\t\t\t<\/div>\t\t\t\r\n\t\t\t\t\t\r\n\t\t\t\t<div class=\"em_service_content\">\r\n\t\t\t\t\t<div class=\"em-service-title\"><h2>ISAM 7302 y 7330<\/h2><\/div>\t\t\t\t\t\t\t\r\n\t\t\t\t\t<div class=\"em-service-desc\"><p>Intelligent Services Access Manager (ISAM) FD, es un nodo de alta capacidad para redes de acceso basadas en cobre y fibra.<\/p><\/div>\t\t\t\t\t<div class=\"service-btn\"><a href=\"https:\/\/solucione.com.mx\/corporativo\/isam-7302-y-7330\/\">Leer m\u00e1s<i class=\"fa fa-angle-right\"><\/i><\/a><\/div>\t\t\t\t\t\t\t\t\r\n\t\t\t\t<\/div>\r\n\t\t\t<\/div>\t\r\n\t\t\t\r\n\t\t\t<div class=\"em-service service-style-two  kc-elm kc-css-161380\">\t\t\r\n\t\t\t\t\r\n\t\t\t\t\t\t\t\t\t<div class=\"em-service-icon\">\r\n\t\t\t\t\t\t<i class=\"icofont-sound-wave-alt\"><\/i>\r\n\t\t\t\t\t<\/div>\t\t\t\r\n\t\t\t\t\t\r\n\t\t\t\t<div class=\"em_service_content\">\r\n\t\t\t\t\t<div class=\"em-service-title\"><h2>WDM<\/h2><\/div>\t\t\t\t\t\t\t\r\n\t\t\t\t\t<div class=\"em-service-desc\"><p>Multiplexa n\u00famero de se\u00f1ales portadoras \u00f3pticas en una sola fibra \u00f3ptica utilizando diferentes longitudes de onda.<\/p><\/div>\t\t\t\t\t<div class=\"service-btn\"><a href=\"https:\/\/solucione.com.mx\/corporativo\/wdm\/\">Leer m\u00e1s<i class=\"fa fa-angle-right\"><\/i><\/a><\/div>\t\t\t\t\t\t\t\t\r\n\t\t\t\t<\/div>\r\n\t\t\t<\/div>\t\r\n\t\t\t<\/div><\/div><div class=\"kc-elm kc-css-67125 kc_col-sm-4 kc_column_inner kc_col-sm-4\"><div class=\"kc_wrapper kc-col-inner-container\">\r\n\t\t\t<div class=\"em-service service-style-two  kc-elm kc-css-563049\">\t\t\r\n\t\t\t\t\r\n\t\t\t\t\t\t\t\t\t<div class=\"em-service-icon\">\r\n\t\t\t\t\t\t<i class=\"flaticon-briefcase\"><\/i>\r\n\t\t\t\t\t<\/div>\t\t\t\r\n\t\t\t\t\t\r\n\t\t\t\t<div class=\"em_service_content\">\r\n\t\t\t\t\t<div class=\"em-service-title\"><h2>Red Compartida<\/h2><\/div>\t\t\t\t\t\t\t\r\n\t\t\t\t\t<div class=\"em-service-desc\"><p>Participamos en el proyecto, cuyo objetivo era contribuir a cerrar la brecha digital en la adopci\u00f3n de tecnolog\u00edas de la informaci\u00f3n en zonas urbanas y rurales.<\/p><\/div>\t\t\t\t\t<div class=\"service-btn\"><a href=\"https:\/\/solucione.com.mx\/corporativo\/red-compartida\/\">Leer m\u00e1s<i class=\"fa fa-angle-right\"><\/i><\/a><\/div>\t\t\t\t\t\t\t\t\r\n\t\t\t\t<\/div>\r\n\t\t\t<\/div>\t\r\n\t\t\t\r\n\t\t\t<div class=\"em-service service-style-two  kc-elm kc-css-778331\">\t\t\r\n\t\t\t\t\r\n\t\t\t\t\t\t\t\t\t<div class=\"em-service-icon\">\r\n\t\t\t\t\t\t<i class=\"icofont-wifi-router\"><\/i>\r\n\t\t\t\t\t<\/div>\t\t\t\r\n\t\t\t\t\t\r\n\t\t\t\t<div class=\"em_service_content\">\r\n\t\t\t\t\t<div class=\"em-service-title\"><h2>CSR<\/h2><\/div>\t\t\t\t\t\t\t\r\n\t\t\t\t\t<div class=\"em-service-desc\"><p>Los equipos Alcatel 7705 representan la plataforma tecnol\u00f3gica en desarrollo de banda ancha en servicios empresariales, residenciales y m\u00f3viles.<\/p><\/div>\t\t\t\t\t<div class=\"service-btn\"><a href=\"https:\/\/solucione.com.mx\/corporativo\/csr\/\">Leer m\u00e1s<i class=\"fa fa-angle-right\"><\/i><\/a><\/div>\t\t\t\t\t\t\t\t\r\n\t\t\t\t<\/div>\r\n\t\t\t<\/div>\t\r\n\t\t\t<\/div><\/div><div class=\"kc-elm kc-css-117499 kc_col-sm-4 kc_column_inner kc_col-sm-4\"><div class=\"kc_wrapper kc-col-inner-container\">\r\n\t\t\t<div class=\"em-service service-style-two  kc-elm kc-css-444016\">\t\t\r\n\t\t\t\t\r\n\t\t\t\t\t\t\t\t\t<div class=\"em-service-icon\">\r\n\t\t\t\t\t\t<i class=\"flaticon-algorithm\"><\/i>\r\n\t\t\t\t\t<\/div>\t\t\t\r\n\t\t\t\t\t\r\n\t\t\t\t<div class=\"em_service_content\">\r\n\t\t\t\t\t<div class=\"em-service-title\"><h2>MPR<\/h2><\/div>\t\t\t\t\t\t\t\r\n\t\t\t\t\t<div class=\"em-service-desc\"><p>Microwave Packet Radio (MPR) este  radio digital de microondas admite tecnolog\u00eda  PDH y paquetes de datos (Ethernet) para migrar de TDM a IP. <\/p><\/div>\t\t\t\t\t<div class=\"service-btn\"><a href=\"https:\/\/solucione.com.mx\/corporativo\/mpr\/\">Leer m\u00e1s<i class=\"fa fa-angle-right\"><\/i><\/a><\/div>\t\t\t\t\t\t\t\t\r\n\t\t\t\t<\/div>\r\n\t\t\t<\/div>\t\r\n\t\t\t\r\n\t\t\t<div class=\"em-service service-style-two  kc-elm kc-css-600785\">\t\t\r\n\t\t\t\t\r\n\t\t\t\t\t\t\t\t\t<div class=\"em-service-icon\">\r\n\t\t\t\t\t\t<i class=\"flaticon-space\"><\/i>\r\n\t\t\t\t\t<\/div>\t\t\t\r\n\t\t\t\t\t\r\n\t\t\t\t<div class=\"em_service_content\">\r\n\t\t\t\t\t<div class=\"em-service-title\"><h2>GPON<\/h2><\/div>\t\t\t\t\t\t\t\r\n\t\t\t\t\t<div class=\"em-service-desc\"><p>Es una familia de equipos de acceso de alta capacidad sobre implantaciones de fibra \u00f3ptica que permite llegar a los suscriptores.  <\/p><\/div>\t\t\t\t\t<div class=\"service-btn\"><a href=\"https:\/\/solucione.com.mx\/corporativo\/gpon\/\">Leer m\u00e1s<i class=\"fa fa-angle-right\"><\/i><\/a><\/div>\t\t\t\t\t\t\t\t\r\n\t\t\t\t<\/div>\r\n\t\t\t<\/div>\t\r\n\t\t\t<\/div><\/div><\/div><\/div><\/div><\/div><\/div><\/section><section class=\"kc-elm kc-css-860468 kc_row\"><div class=\"kc-row-container  kc-container\"><div class=\"kc-wrap-columns\"><div class=\"kc-elm kc-css-341404 kc_col-sm-12 kc_column kc_col-sm-12\"><div class=\"kc-col-container\"><div class=\"kc-elm kc-css-759234 kc_row kc_row_inner\"><div class=\"kc-elm kc-css-932861 kc_col-sm-12 kc_column_inner kc_col-sm-12\"><div class=\"kc_wrapper kc-col-inner-container\">\t<div class=\"em-call-to-action kc-elm kc-css-417925\">\r\n\t\t<div class=\"em-call-to-video\">\r\n\t\t\t\t\t\t\t<div class=\"em-call-video-link\">\r\n\t\t\t\t\t\t\t\t\t\t<a class=\"video-vemo-icon venobox vbox-item\" data-vbtype=\"youtube\" data-autoplay=\"true\" href=\"https:\/\/youtu.be\/BS4TUd7FJSg\"><i class=\"icofont-play-alt-2\"><\/i><\/a>\r\n\t\t\t\t\t\t\t\t\t\t\t\t\t\t\t\t\t\t\t\t\t\t\t\t\t\r\n\t\t\t\t<\/div>\r\n\t\t\t\t<div class=\"em-call-v-title\">\r\n\t\t\t\t\t\t\t\t\t\t\r\n\t\t\t\t<\/div>\r\n\t\t\t\t\t\t\r\n\t\t<\/div>\r\n\t\t<div class=\"em_single_call-to-action_text\">\r\n\t\t\t<div class=\"call-to-action_top_text\">\r\n\t\t\t\t<div class=\"em-call-to-action-title\"><h2>Proveemos servicios de administraci\u00f3n de TI<span class=\"subtitlespan\">Peque\u00f1as, medianas y grandes empresas<\/span><\/h2><\/div>\t\t\t<\/div>\r\n\t\t\t<div class=\"em-call-to-action-inner\">\t\t\t\t\r\n\t\t\t\t<div class=\"em-call-to-action-desc\">Servicios a la medida de tu empresa, simplificando los servicios de alta calidad de TI. Lo hacemos para ti. <\/div>\t\t\t\t\t\t\t\r\n\t\t\t<\/div>\r\n\t\t\t <div class=\"call-to-action-btn\"><a href=\"#\">Llama ya: +52 771 7185818<\/a><\/div>\t\t<\/div>\r\n\t<\/div>\t\t\r\n\r\n\t\t<\/div><\/div><\/div><\/div><\/div><\/div><\/div><\/section><section class=\"kc-elm kc-css-925345 kc_row\"><div class=\"kc-row-container  kc-container\"><div class=\"kc-wrap-columns\"><div class=\"kc-elm kc-css-957629 kc_col-sm-12 kc_column kc_col-sm-12\"><div class=\"kc-col-container\"><div class=\"kc-elm kc-css-186360 kc_row kc_row_inner\"><div class=\"kc-elm kc-css-727181 kc_col-sm-12 kc_column_inner kc_col-sm-12\"><div class=\"kc_wrapper kc-col-inner-container\">\t\t\t<div class=\" blog_style_adn_2\">\t\t\t\t\r\n\t\t\t\t<div class=\"blog_wrap brand_carousel owl-carousel curosel-style\">\r\n\t\t\t\t\r\n\t\t\t\t\t\t\t\t\t\t\t<!-- single blog -->\r\n\t\t\t\t\t\t<div class=\"   col-md-12 col-xs-12 col-sm-12 \" >\r\n\t\t\t\t\t\t\t<div class=\"single_brand kc-elm kc-css-87827\">\r\n\t\t\t\t\t\t\t\r\n\t\r\n\t\t\t\t\t\t\t\t<div id=\"post-469\" class=\"post-469 em_brand type-em_brand status-publish has-post-thumbnail hentry\">\r\n\t\t\t\t\t\t\t\t\t<div class=\"ittech-single-brand \">\t\t\t\t\t\r\n\t\t\t\t\t\t\t\t\t\t\r\n\t\t\t\t\t\t\t\t\t\t<!-- BLOG THUMB -->\r\n\t\t\t\t\t\t\t\t\t\t\t\t\t\t\t\t\t\t\t\t\t<div class=\"brand-thumb \">\r\n\t\t\t\t\t\t\t\t\t\t\t\t<img loading=\"lazy\" decoding=\"async\" width=\"84\" height=\"114\" src=\"https:\/\/solucione.com.mx\/corporativo\/wp-content\/uploads\/2020\/08\/imss-e1597446362556.png\" class=\"attachment-post-thumbnail size-post-thumbnail wp-post-image\" alt=\"Logo IMSS\" \/>\t\t\t\t\t\t\t\t\t\t\t<\/div>\t\t\t\t\t\t\t\t\t\r\n\t\t\t\t\t\t\t\t\t\t\t\t\t\t\t\t\t\t\t\t\t\t\t\r\n\t\t\t\t\t\t\t\t\t<\/div>\r\n\t\t\t\t\t\t\t\t<\/div> <!--  END SINGLE BLOG -->\r\n\t\r\n\t\t\t\t\t\t\t\t\t\r\n\t\t\t\t\t\t\t<\/div>\r\n\t\t\t\t\t\t\r\n\t\t\t\t\t\t<\/div>\r\n\t\t\t\t\t\t\t\t\t\t\t<!-- single blog -->\r\n\t\t\t\t\t\t<div class=\"   col-md-12 col-xs-12 col-sm-12 \" >\r\n\t\t\t\t\t\t\t<div class=\"single_brand kc-elm kc-css-87827\">\r\n\t\t\t\t\t\t\t\r\n\t\r\n\t\t\t\t\t\t\t\t<div id=\"post-468\" class=\"post-468 em_brand type-em_brand status-publish has-post-thumbnail hentry\">\r\n\t\t\t\t\t\t\t\t\t<div class=\"ittech-single-brand \">\t\t\t\t\t\r\n\t\t\t\t\t\t\t\t\t\t\r\n\t\t\t\t\t\t\t\t\t\t<!-- BLOG THUMB -->\r\n\t\t\t\t\t\t\t\t\t\t\t\t\t\t\t\t\t\t\t\t\t<div class=\"brand-thumb \">\r\n\t\t\t\t\t\t\t\t\t\t\t\t<img loading=\"lazy\" decoding=\"async\" width=\"335\" height=\"117\" src=\"https:\/\/solucione.com.mx\/corporativo\/wp-content\/uploads\/2020\/03\/CFE.png\" class=\"attachment-post-thumbnail size-post-thumbnail wp-post-image\" alt=\"\" srcset=\"https:\/\/solucione.com.mx\/corporativo\/wp-content\/uploads\/2020\/03\/CFE.png 335w, https:\/\/solucione.com.mx\/corporativo\/wp-content\/uploads\/2020\/03\/CFE-300x105.png 300w\" sizes=\"auto, (max-width: 335px) 100vw, 335px\" \/>\t\t\t\t\t\t\t\t\t\t\t<\/div>\t\t\t\t\t\t\t\t\t\r\n\t\t\t\t\t\t\t\t\t\t\t\t\t\t\t\t\t\t\t\t\t\t\t\r\n\t\t\t\t\t\t\t\t\t<\/div>\r\n\t\t\t\t\t\t\t\t<\/div> <!--  END SINGLE BLOG -->\r\n\t\r\n\t\t\t\t\t\t\t\t\t\r\n\t\t\t\t\t\t\t<\/div>\r\n\t\t\t\t\t\t\r\n\t\t\t\t\t\t<\/div>\r\n\t\t\t\t\t\t\t\t\t\t\t<!-- single blog -->\r\n\t\t\t\t\t\t<div class=\"   col-md-12 col-xs-12 col-sm-12 \" >\r\n\t\t\t\t\t\t\t<div class=\"single_brand kc-elm kc-css-87827\">\r\n\t\t\t\t\t\t\t\r\n\t\r\n\t\t\t\t\t\t\t\t<div id=\"post-467\" class=\"post-467 em_brand type-em_brand status-publish has-post-thumbnail hentry\">\r\n\t\t\t\t\t\t\t\t\t<div class=\"ittech-single-brand \">\t\t\t\t\t\r\n\t\t\t\t\t\t\t\t\t\t\r\n\t\t\t\t\t\t\t\t\t\t<!-- BLOG THUMB -->\r\n\t\t\t\t\t\t\t\t\t\t\t\t\t\t\t\t\t\t\t\t\t<div class=\"brand-thumb \">\r\n\t\t\t\t\t\t\t\t\t\t\t\t<img loading=\"lazy\" decoding=\"async\" width=\"129\" height=\"117\" src=\"https:\/\/solucione.com.mx\/corporativo\/wp-content\/uploads\/2020\/03\/Estado-hidalgo.png\" class=\"attachment-post-thumbnail size-post-thumbnail wp-post-image\" alt=\"\" \/>\t\t\t\t\t\t\t\t\t\t\t<\/div>\t\t\t\t\t\t\t\t\t\r\n\t\t\t\t\t\t\t\t\t\t\t\t\t\t\t\t\t\t\t\t\t\t\t\r\n\t\t\t\t\t\t\t\t\t<\/div>\r\n\t\t\t\t\t\t\t\t<\/div> <!--  END SINGLE BLOG -->\r\n\t\r\n\t\t\t\t\t\t\t\t\t\r\n\t\t\t\t\t\t\t<\/div>\r\n\t\t\t\t\t\t\r\n\t\t\t\t\t\t<\/div>\r\n\t\t\t\t\t\t\t\t\t\t\t<!-- single blog -->\r\n\t\t\t\t\t\t<div class=\"   col-md-12 col-xs-12 col-sm-12 \" >\r\n\t\t\t\t\t\t\t<div class=\"single_brand kc-elm kc-css-87827\">\r\n\t\t\t\t\t\t\t\r\n\t\r\n\t\t\t\t\t\t\t\t<div id=\"post-466\" class=\"post-466 em_brand type-em_brand status-publish has-post-thumbnail hentry\">\r\n\t\t\t\t\t\t\t\t\t<div class=\"ittech-single-brand \">\t\t\t\t\t\r\n\t\t\t\t\t\t\t\t\t\t\r\n\t\t\t\t\t\t\t\t\t\t<!-- BLOG THUMB -->\r\n\t\t\t\t\t\t\t\t\t\t\t\t\t\t\t\t\t\t\t\t\t<div class=\"brand-thumb \">\r\n\t\t\t\t\t\t\t\t\t\t\t\t<img loading=\"lazy\" decoding=\"async\" width=\"302\" height=\"117\" src=\"https:\/\/solucione.com.mx\/corporativo\/wp-content\/uploads\/2020\/03\/Logo-Chiapas.png\" class=\"attachment-post-thumbnail size-post-thumbnail wp-post-image\" alt=\"\" srcset=\"https:\/\/solucione.com.mx\/corporativo\/wp-content\/uploads\/2020\/03\/Logo-Chiapas.png 302w, https:\/\/solucione.com.mx\/corporativo\/wp-content\/uploads\/2020\/03\/Logo-Chiapas-300x116.png 300w\" sizes=\"auto, (max-width: 302px) 100vw, 302px\" \/>\t\t\t\t\t\t\t\t\t\t\t<\/div>\t\t\t\t\t\t\t\t\t\r\n\t\t\t\t\t\t\t\t\t\t\t\t\t\t\t\t\t\t\t\t\t\t\t\r\n\t\t\t\t\t\t\t\t\t<\/div>\r\n\t\t\t\t\t\t\t\t<\/div> <!--  END SINGLE BLOG -->\r\n\t\r\n\t\t\t\t\t\t\t\t\t\r\n\t\t\t\t\t\t\t<\/div>\r\n\t\t\t\t\t\t\r\n\t\t\t\t\t\t<\/div>\r\n\t\t\t\t\t\t\t\t\t\t\t<!-- single blog -->\r\n\t\t\t\t\t\t<div class=\"   col-md-12 col-xs-12 col-sm-12 \" >\r\n\t\t\t\t\t\t\t<div class=\"single_brand kc-elm kc-css-87827\">\r\n\t\t\t\t\t\t\t\r\n\t\r\n\t\t\t\t\t\t\t\t<div id=\"post-461\" class=\"post-461 em_brand type-em_brand status-publish has-post-thumbnail hentry\">\r\n\t\t\t\t\t\t\t\t\t<div class=\"ittech-single-brand \">\t\t\t\t\t\r\n\t\t\t\t\t\t\t\t\t\t\r\n\t\t\t\t\t\t\t\t\t\t<!-- BLOG THUMB -->\r\n\t\t\t\t\t\t\t\t\t\t\t\t\t\t\t\t\t\t\t\t\t<div class=\"brand-thumb \">\r\n\t\t\t\t\t\t\t\t\t\t\t\t<img loading=\"lazy\" decoding=\"async\" width=\"140\" height=\"93\" src=\"https:\/\/solucione.com.mx\/corporativo\/wp-content\/uploads\/2020\/03\/pemex-e1597445988613.png\" class=\"attachment-post-thumbnail size-post-thumbnail wp-post-image\" alt=\"Logo de pemex\" \/>\t\t\t\t\t\t\t\t\t\t\t<\/div>\t\t\t\t\t\t\t\t\t\r\n\t\t\t\t\t\t\t\t\t\t\t\t\t\t\t\t\t\t\t\t\t\t\t\r\n\t\t\t\t\t\t\t\t\t<\/div>\r\n\t\t\t\t\t\t\t\t<\/div> <!--  END SINGLE BLOG -->\r\n\t\r\n\t\t\t\t\t\t\t\t\t\r\n\t\t\t\t\t\t\t<\/div>\r\n\t\t\t\t\t\t\r\n\t\t\t\t\t\t<\/div>\r\n\t\t\t\t\t\t\r\n\t\t\t\t\t\r\n\t\t\t\t\t\r\n\t\t\t\t<\/div>\r\n\t\t\t<\/div>\t\t\t\t\t\r\n\t\t\t\t\t\r\n\t\t<\/div><\/div><\/div><\/div><\/div><\/div><\/div><\/section><\/p>\n","protected":false},"excerpt":{"rendered":"","protected":false},"author":1,"featured_media":0,"parent":0,"menu_order":0,"comment_status":"closed","ping_status":"closed","template":"page-templates\/template-default.php","meta":{"footnotes":""},"class_list":["post-1451","page","type-page","status-publish","hentry"],"_links":{"self":[{"href":"https:\/\/solucione.com.mx\/corporativo\/wp-json\/wp\/v2\/pages\/1451","targetHints":{"allow":["GET"]}}],"collection":[{"href":"https:\/\/solucione.com.mx\/corporativo\/wp-json\/wp\/v2\/pages"}],"about":[{"href":"https:\/\/solucione.com.mx\/corporativo\/wp-json\/wp\/v2\/types\/page"}],"author":[{"embeddable":true,"href":"https:\/\/solucione.com.mx\/corporativo\/wp-json\/wp\/v2\/users\/1"}],"replies":[{"embeddable":true,"href":"https:\/\/solucione.com.mx\/corporativo\/wp-json\/wp\/v2\/comments?post=1451"}],"version-history":[{"count":57,"href":"https:\/\/solucione.com.mx\/corporativo\/wp-json\/wp\/v2\/pages\/1451\/revisions"}],"predecessor-version":[{"id":3295,"href":"https:\/\/solucione.com.mx\/corporativo\/wp-json\/wp\/v2\/pages\/1451\/revisions\/3295"}],"wp:attachment":[{"href":"https:\/\/solucione.com.mx\/corporativo\/wp-json\/wp\/v2\/media?parent=1451"}],"curies":[{"name":"wp","href":"https:\/\/api.w.org\/{rel}","templated":true}]}}