{"id":1544,"date":"2020-03-23T12:52:02","date_gmt":"2020-03-23T12:52:02","guid":{"rendered":"http:\/\/localhost\/it-tech\/?page_id=1544"},"modified":"2024-09-25T12:51:53","modified_gmt":"2024-09-25T17:51:53","slug":"business-solution","status":"publish","type":"page","link":"https:\/\/solucione.com.mx\/corporativo\/business-solution\/","title":{"rendered":"Seguridad"},"content":{"rendered":"<p><section class=\"kc-elm kc-css-312618 kc_row\"><div class=\"kc-row-container  kc-container\"><div class=\"kc-wrap-columns\"><div class=\"kc-elm kc-css-724721 kc_col-sm-12 kc_column kc_col-sm-12\"><div class=\"kc-col-container\"><div class=\"kc-elm kc-css-552201 kc_row kc_row_inner\"><div class=\"kc-elm kc-css-819199 kc_col-sm-12 kc_column_inner kc_col-sm-12\"><div class=\"kc_wrapper kc-col-inner-container\">\t\r\r\t<div class=\"kc-elm kc-css-111933 \">\r\r\t\t<div class=\"section-title  t_center\">\r\t\t\t\t\t\t\t<h5>Servicios de Seguridad<\/h5>\r\t\t\t\t\t\t<h3>Plataformas e Infraestructura <\/h3>\r\t\t\t<h2>de Seguridad<\/h2>\r\t\t\t\r\t\t\t\t\t\t\r\t\t\t\t\t\t\r\t\t\t\t<div class=\"em-bar-main\">\r\t\t\t\t\t<div class=\"em-bar em-bar-big\"><\/div>\r\t\t\t\t<\/div>\r\t\t\t\t\r\t\t\t\r\r\t\t\t\t\t\t\r\t\t\t\t\r\r\t\t<\/div>\t\r\r\t<\/div>\t\r\r\t<div class=\"kc-elm kc-css-394078 kc_text_block\"><\/p>\n<p>En nuestra \u00e1rea de Seguridad siempre estaremos atentos a brindarle soluciones confiables que cumplan con los m\u00e1s altos est\u00e1ndares, por ello contamos con acuerdos comerciales con equipos de profesionales y proveedores nacionales e internacionales para ayudarte a resolver tus necesidades en seguridad tales como; <span style=\"font-weight: 400;\">monitoreo, control de acceso, contramedidas y filtros de seguridad, control de tr\u00e1fico de personas<\/span>, conteo, identificaci\u00f3n en \u00e1reas e infraestructura de seguridad para detecci\u00f3n de incendios.<\/p>\n<\/p>\n<p>\n<\/div><div class=\"kc-elm kc-css-321663\" style=\"height: 30px; clear: both; width:100%;\"><\/div>\n<div class=\"kc-elm kc-css-551969 kc-pro-button kc-button-2\">\n\t<a href=\"https:\/\/solucione.com.mx\/corporativo\/contact-us\/\" title=\"Queremos saber de ti \u2026\">\n\t\t<span class=\"creative_title\">Cont\u00e1ctanos<\/span>\t<\/a>\n<\/div>\n<\/div><\/div><\/div><\/div><\/div><\/div><\/div><\/section><section class=\"kc-elm kc-css-741760 kc_row\"><div class=\"kc-row-container  kc-container\"><div class=\"kc-wrap-columns\"><div class=\"kc-elm kc-css-786330 kc_col-sm-12 kc_column kc_col-sm-12\"><div class=\"kc-col-container\"><div class=\"kc-elm kc-css-95438 kc_row kc_row_inner\"><div class=\"kc-elm kc-css-776796 kc_col-sm-12 kc_column_inner kc_col-sm-12\"><div class=\"kc_wrapper kc-col-inner-container\">\t\r\r\t<div class=\"kc-elm kc-css-52449 \">\r\r\t\t<div class=\"section-title  t_center\">\r\t\t\t\t\t\t<h3>Ofrecemos Soluciones de Seguridad que<\/h3>\r\t\t\t<h2>cumplen con los est\u00e1ndares m\u00e1s altos.<\/h2>\r\t\t\t\r\t\t\t\t\t\t\r\t\t\t\t\t\t\r\t\t\t\t<div class=\"em-bar-main\">\r\t\t\t\t\t<div class=\"em-bar em-bar-big\"><\/div>\r\t\t\t\t<\/div>\r\t\t\t\t\r\t\t\t\r\r\t\t\t\t\t\t\r\t\t\t\t\r\r\t\t<\/div>\t\r\r\t<\/div>\t\r\r\t<div class=\"kc-elm kc-css-426641\" style=\"height: 30px; clear: both; width:100%;\"><\/div><\/div><\/div><\/div><div class=\"kc-elm kc-css-146328 kc_row kc_row_inner\"><div class=\"kc-elm kc-css-124950 kc_col-sm-6 kc_column_inner kc_col-sm-6\"><div class=\"kc_wrapper kc-col-inner-container\"><div class=\"kc-elm kc-css-34323 kc-feature-boxes kc-fb-layout-1\">\n\n\t<div class=\"content-icon\"><i class=\"icofont-cc-camera\"><\/i><\/div><div class=\"content-title\">Centro de Monitoreo<\/div><div class=\"content-desc\">Brindamos integraci\u00f3n entre sistemas de video vigilancia en tiempo real, permitiendo el seguimiento y control, tanto en los equipos como en \u00e1reas. <\/div>\n<\/div>\n<div class=\"kc-elm kc-css-774263 kc-feature-boxes kc-fb-layout-1\">\n\n\t<div class=\"content-icon\"><i class=\"icofont-ui-fire-wall\"><\/i><\/div><div class=\"content-title\">Filtros de Seguridad <\/div><div class=\"content-desc\">Unificaci\u00f3n de tecnolog\u00edas de seguridad en equipos finales o sistemas de autenticaci\u00f3n, para reforzar la seguridad dentro del acceso a la red. <\/div>\n<\/div>\n<\/div><\/div><div class=\"kc-elm kc-css-733729 kc_col-sm-6 kc_column_inner kc_col-sm-6\"><div class=\"kc_wrapper kc-col-inner-container\"><div class=\"kc-elm kc-css-218100 kc-feature-boxes kc-fb-layout-1\">\n\n\t<div class=\"content-icon\"><i class=\"flaticon-padlock\"><\/i><\/div><div class=\"content-title\">Control de Acceso<\/div><div class=\"content-desc\">Generamos un acceso controlado a las \u00e1reas de la empresa, hogar o instituci\u00f3n, para personal autorizado, creando entornos seguros para todos los usuarios. <\/div>\n<\/div>\n<div class=\"kc-elm kc-css-232288 kc-feature-boxes kc-fb-layout-1\">\n\n\t<div class=\"content-icon\"><i class=\"flaticon-home\"><\/i><\/div><div class=\"content-title\">Infraestructura en Seguridad<\/div><div class=\"content-desc\">Implementamos sistemas de seguridad que den aviso en situaciones de riesgo; ingreso de intrusos, presencia de humo, fuga de gas o agua, entre otros; proporcionando fiabilidad a nuestros clientes.<\/div>\n<\/div>\n<\/div><\/div><\/div><\/div><\/div><\/div><\/div><\/section><section class=\"kc-elm kc-css-449932 kc_row\"><div class=\"kc-row-container  kc-container\"><div class=\"kc-wrap-columns\"><div class=\"kc-elm kc-css-231448 kc_col-sm-12 kc_column kc_col-sm-12\"><div class=\"kc-col-container\"><div class=\"kc-elm kc-css-647412 kc_row kc_row_inner\"><div class=\"kc-elm kc-css-639091 kc_col-sm-12 kc_column_inner kc_col-sm-12\"><div class=\"kc_wrapper kc-col-inner-container\">\t\r\r\t<div class=\"kc-elm kc-css-946601 \">\r\r\t\t<div class=\"section-title  t_center\">\r\t\t\t\t\t\t\t<h5>Services<\/h5>\r\t\t\t\t\t\t<h3>Preparing for your success,<\/h3>\r\t\t\t<h2>Best IT Managed Services<\/h2>\r\t\t\t\r\t\t\t\t\t\t\r\t\t\t\t\t\t\r\t\t\t\t<div class=\"em-bar-main\">\r\t\t\t\t\t<div class=\"em-bar em-bar-big\"><\/div>\r\t\t\t\t<\/div>\r\t\t\t\t\r\t\t\t\r\r\t\t\t\t\t\t\r\t\t\t\t\r\r\t\t<\/div>\t\r\r\t<\/div>\t\r\r\t<div class=\"kc-elm kc-css-965492\" style=\"height: 30px; clear: both; width:100%;\"><\/div><\/div><\/div><\/div><div class=\"kc-elm kc-css-141484 kc_row kc_row_inner\"><div class=\"kc-elm kc-css-451244 kc_col-sm-6 kc_column_inner kc_col-sm-6\"><div class=\"kc_wrapper kc-col-inner-container\"><div class=\"kc-elm kc-css-66789 kc-feature-boxes kc-fb-layout-3\">\n\n\t<div class=\"content-icon\"><i class=\"flaticon-code\"><\/i><\/div><div class=\"box-right\"><div class=\"content-title\">IT Design<\/div><div class=\"content-desc\">There are many variations of passages of Lorem Ipsum an available, but the majority have suffered alteration in thes some form, by injected humour, or randomised<\/div><\/div>\n<\/div>\n<div class=\"kc-elm kc-css-768874 kc-feature-boxes kc-fb-layout-3\">\n\n\t<div class=\"content-icon\"><i class=\"flaticon-data-2\"><\/i><\/div><div class=\"box-right\"><div class=\"content-title\">Data Security<\/div><div class=\"content-desc\">There are many variations of passages of Lorem Ipsum an available, but the majority have suffered alteration in thes some form, by injected humour, or randomised<\/div><\/div>\n<\/div>\n<div class=\"kc-elm kc-css-932362 kc-feature-boxes kc-fb-layout-3\">\n\n\t<div class=\"content-icon\"><i class=\"flaticon-global-1\"><\/i><\/div><div class=\"box-right\"><div class=\"content-title\">Infrastructure Plan<\/div><div class=\"content-desc\">There are many variations of passages of Lorem Ipsum an available, but the majority have suffered alteration in thes some form, by injected humour, or randomised<\/div><\/div>\n<\/div>\n<\/div><\/div><div class=\"kc-elm kc-css-993808 kc_col-sm-6 kc_column_inner kc_col-sm-6\"><div class=\"kc_wrapper kc-col-inner-container\"><div class=\"kc-elm kc-css-435048 kc-feature-boxes kc-fb-layout-3\">\n\n\t<div class=\"content-icon\"><i class=\"flaticon-padlock\"><\/i><\/div><div class=\"box-right\"><div class=\"content-title\">IT Management<\/div><div class=\"content-desc\">There are many variations of passages of Lorem Ipsum an available, but the majority have suffered alteration in thes some form, by injected humour, or randomised<\/div><\/div>\n<\/div>\n<div class=\"kc-elm kc-css-566232 kc-feature-boxes kc-fb-layout-3\">\n\n\t<div class=\"content-icon\"><i class=\"flaticon-space\"><\/i><\/div><div class=\"box-right\"><div class=\"content-title\">Business Reform<\/div><div class=\"content-desc\">There are many variations of passages of Lorem Ipsum an available, but the majority have suffered alteration in thes some form, by injected humour, or randomised<\/div><\/div>\n<\/div>\n<div class=\"kc-elm kc-css-572946 kc-feature-boxes kc-fb-layout-3\">\n\n\t<div class=\"content-icon\"><i class=\"flaticon-shopping-basket\"><\/i><\/div><div class=\"box-right\"><div class=\"content-title\">Firewall Advance<\/div><div class=\"content-desc\">There are many variations of passages of Lorem Ipsum an available, but the majority have suffered alteration in thes some form, by injected humour, or randomised<\/div><\/div>\n<\/div>\n<\/div><\/div><\/div><\/div><\/div><\/div><\/div><\/section><section class=\"kc-elm kc-css-146197 kc_row\"><div class=\"kc-row-container  kc-container\"><div class=\"kc-wrap-columns\"><div class=\"kc-elm kc-css-179415 kc_col-sm-12 kc_column kc_col-sm-12\"><div class=\"kc-col-container\"><div class=\"kc-elm kc-css-966354 kc_row kc_row_inner\"><div class=\"kc-elm kc-css-34297 kc_col-sm-12 kc_column_inner kc_col-sm-12\"><div class=\"kc_wrapper kc-col-inner-container\">\t<div class=\"em-call-to-action kc-elm kc-css-932312\">\r\n\t\t<div class=\"em-call-to-video\">\r\n\t\t\t\t\t\t\t<div class=\"em-call-video-link\">\r\n\t\t\t\t\t\t\t\t\t\t<a class=\"video-vemo-icon venobox vbox-item\" data-vbtype=\"youtube\" data-autoplay=\"true\" href=\"https:\/\/youtu.be\/BS4TUd7FJSg\"><i class=\"icofont-play-alt-2\"><\/i><\/a>\r\n\t\t\t\t\t\t\t\t\t\t\t\t\t\t\t\t\t\t\t\t\t\t\t\t\t\r\n\t\t\t\t<\/div>\r\n\t\t\t\t<div class=\"em-call-v-title\">\r\n\t\t\t\t\t\t\t\t\t\t\r\n\t\t\t\t<\/div>\r\n\t\t\t\t\t\t\r\n\t\t<\/div>\r\n\t\t<div class=\"em_single_call-to-action_text\">\r\n\t\t\t<div class=\"call-to-action_top_text\">\r\n\t\t\t\t<div class=\"em-call-to-action-title\"><h2>Proveemos servicios de seguridad en TI<span class=\"subtitlespan\">Para peque\u00f1as, medianas y grandes empresas.<\/span><\/h2><\/div>\t\t\t<\/div>\r\n\t\t\t<div class=\"em-call-to-action-inner\">\t\t\t\t\r\n\t\t\t\t<div class=\"em-call-to-action-desc\">Servicios  de seguridad de alta calidad de IT a la medida de tu empresa. Lo hacemos para ti<\/div>\t\t\t\t\t\t\t\r\n\t\t\t<\/div>\r\n\t\t\t <div class=\"call-to-action-btn\"><a href=\"#\">Llamanos: +771 718 5818<\/a><\/div>\t\t<\/div>\r\n\t<\/div>\t\t\r\n\r\n\t\t<\/div><\/div><\/div><\/div><\/div><\/div><\/div><\/section><section class=\"kc-elm kc-css-588364 kc_row\"><div class=\"kc-row-container  kc-container\"><div class=\"kc-wrap-columns\"><div class=\"kc-elm kc-css-638344 kc_col-sm-12 kc_column kc_col-sm-12\"><div class=\"kc-col-container\"><div class=\"kc-elm kc-css-159103 kc_row kc_row_inner\"><div class=\"kc-elm kc-css-569836 kc_col-sm-12 kc_column_inner kc_col-sm-12\"><div class=\"kc_wrapper kc-col-inner-container\">\t\t\t<div class=\" blog_style_adn_2\">\t\t\t\t\r\n\t\t\t\t<div class=\"blog_wrap brand_carousel owl-carousel curosel-style\">\r\n\t\t\t\t\r\n\t\t\t\t\t\t\t\t\t\t\t<!-- single blog -->\r\n\t\t\t\t\t\t<div class=\"   col-md-12 col-xs-12 col-sm-12 \" >\r\n\t\t\t\t\t\t\t<div class=\"single_brand kc-elm kc-css-925224\">\r\n\t\t\t\t\t\t\t\r\n\t\r\n\t\t\t\t\t\t\t\t<div id=\"post-469\" class=\"post-469 em_brand type-em_brand status-publish has-post-thumbnail hentry\">\r\n\t\t\t\t\t\t\t\t\t<div class=\"ittech-single-brand \">\t\t\t\t\t\r\n\t\t\t\t\t\t\t\t\t\t\r\n\t\t\t\t\t\t\t\t\t\t<!-- BLOG THUMB -->\r\n\t\t\t\t\t\t\t\t\t\t\t\t\t\t\t\t\t\t\t\t\t<div class=\"brand-thumb \">\r\n\t\t\t\t\t\t\t\t\t\t\t\t<img loading=\"lazy\" decoding=\"async\" width=\"84\" height=\"114\" src=\"https:\/\/solucione.com.mx\/corporativo\/wp-content\/uploads\/2020\/08\/imss-e1597446362556.png\" class=\"attachment-post-thumbnail size-post-thumbnail wp-post-image\" alt=\"Logo IMSS\" \/>\t\t\t\t\t\t\t\t\t\t\t<\/div>\t\t\t\t\t\t\t\t\t\r\n\t\t\t\t\t\t\t\t\t\t\t\t\t\t\t\t\t\t\t\t\t\t\t\r\n\t\t\t\t\t\t\t\t\t<\/div>\r\n\t\t\t\t\t\t\t\t<\/div> <!--  END SINGLE BLOG -->\r\n\t\r\n\t\t\t\t\t\t\t\t\t\r\n\t\t\t\t\t\t\t<\/div>\r\n\t\t\t\t\t\t\r\n\t\t\t\t\t\t<\/div>\r\n\t\t\t\t\t\t\t\t\t\t\t<!-- single blog -->\r\n\t\t\t\t\t\t<div class=\"   col-md-12 col-xs-12 col-sm-12 \" >\r\n\t\t\t\t\t\t\t<div class=\"single_brand kc-elm kc-css-925224\">\r\n\t\t\t\t\t\t\t\r\n\t\r\n\t\t\t\t\t\t\t\t<div id=\"post-468\" class=\"post-468 em_brand type-em_brand status-publish has-post-thumbnail hentry\">\r\n\t\t\t\t\t\t\t\t\t<div class=\"ittech-single-brand \">\t\t\t\t\t\r\n\t\t\t\t\t\t\t\t\t\t\r\n\t\t\t\t\t\t\t\t\t\t<!-- BLOG THUMB -->\r\n\t\t\t\t\t\t\t\t\t\t\t\t\t\t\t\t\t\t\t\t\t<div class=\"brand-thumb \">\r\n\t\t\t\t\t\t\t\t\t\t\t\t<img loading=\"lazy\" decoding=\"async\" width=\"335\" height=\"117\" src=\"https:\/\/solucione.com.mx\/corporativo\/wp-content\/uploads\/2020\/03\/CFE.png\" class=\"attachment-post-thumbnail size-post-thumbnail wp-post-image\" alt=\"\" srcset=\"https:\/\/solucione.com.mx\/corporativo\/wp-content\/uploads\/2020\/03\/CFE.png 335w, https:\/\/solucione.com.mx\/corporativo\/wp-content\/uploads\/2020\/03\/CFE-300x105.png 300w\" sizes=\"auto, (max-width: 335px) 100vw, 335px\" \/>\t\t\t\t\t\t\t\t\t\t\t<\/div>\t\t\t\t\t\t\t\t\t\r\n\t\t\t\t\t\t\t\t\t\t\t\t\t\t\t\t\t\t\t\t\t\t\t\r\n\t\t\t\t\t\t\t\t\t<\/div>\r\n\t\t\t\t\t\t\t\t<\/div> <!--  END SINGLE BLOG -->\r\n\t\r\n\t\t\t\t\t\t\t\t\t\r\n\t\t\t\t\t\t\t<\/div>\r\n\t\t\t\t\t\t\r\n\t\t\t\t\t\t<\/div>\r\n\t\t\t\t\t\t\t\t\t\t\t<!-- single blog -->\r\n\t\t\t\t\t\t<div class=\"   col-md-12 col-xs-12 col-sm-12 \" >\r\n\t\t\t\t\t\t\t<div class=\"single_brand kc-elm kc-css-925224\">\r\n\t\t\t\t\t\t\t\r\n\t\r\n\t\t\t\t\t\t\t\t<div id=\"post-467\" class=\"post-467 em_brand type-em_brand status-publish has-post-thumbnail hentry\">\r\n\t\t\t\t\t\t\t\t\t<div class=\"ittech-single-brand \">\t\t\t\t\t\r\n\t\t\t\t\t\t\t\t\t\t\r\n\t\t\t\t\t\t\t\t\t\t<!-- BLOG THUMB -->\r\n\t\t\t\t\t\t\t\t\t\t\t\t\t\t\t\t\t\t\t\t\t<div class=\"brand-thumb \">\r\n\t\t\t\t\t\t\t\t\t\t\t\t<img loading=\"lazy\" decoding=\"async\" width=\"129\" height=\"117\" src=\"https:\/\/solucione.com.mx\/corporativo\/wp-content\/uploads\/2020\/03\/Estado-hidalgo.png\" class=\"attachment-post-thumbnail size-post-thumbnail wp-post-image\" alt=\"\" \/>\t\t\t\t\t\t\t\t\t\t\t<\/div>\t\t\t\t\t\t\t\t\t\r\n\t\t\t\t\t\t\t\t\t\t\t\t\t\t\t\t\t\t\t\t\t\t\t\r\n\t\t\t\t\t\t\t\t\t<\/div>\r\n\t\t\t\t\t\t\t\t<\/div> <!--  END SINGLE BLOG -->\r\n\t\r\n\t\t\t\t\t\t\t\t\t\r\n\t\t\t\t\t\t\t<\/div>\r\n\t\t\t\t\t\t\r\n\t\t\t\t\t\t<\/div>\r\n\t\t\t\t\t\t\t\t\t\t\t<!-- single blog -->\r\n\t\t\t\t\t\t<div class=\"   col-md-12 col-xs-12 col-sm-12 \" >\r\n\t\t\t\t\t\t\t<div class=\"single_brand kc-elm kc-css-925224\">\r\n\t\t\t\t\t\t\t\r\n\t\r\n\t\t\t\t\t\t\t\t<div id=\"post-466\" class=\"post-466 em_brand type-em_brand status-publish has-post-thumbnail hentry\">\r\n\t\t\t\t\t\t\t\t\t<div class=\"ittech-single-brand \">\t\t\t\t\t\r\n\t\t\t\t\t\t\t\t\t\t\r\n\t\t\t\t\t\t\t\t\t\t<!-- BLOG THUMB -->\r\n\t\t\t\t\t\t\t\t\t\t\t\t\t\t\t\t\t\t\t\t\t<div class=\"brand-thumb \">\r\n\t\t\t\t\t\t\t\t\t\t\t\t<img loading=\"lazy\" decoding=\"async\" width=\"302\" height=\"117\" src=\"https:\/\/solucione.com.mx\/corporativo\/wp-content\/uploads\/2020\/03\/Logo-Chiapas.png\" class=\"attachment-post-thumbnail size-post-thumbnail wp-post-image\" alt=\"\" srcset=\"https:\/\/solucione.com.mx\/corporativo\/wp-content\/uploads\/2020\/03\/Logo-Chiapas.png 302w, https:\/\/solucione.com.mx\/corporativo\/wp-content\/uploads\/2020\/03\/Logo-Chiapas-300x116.png 300w\" sizes=\"auto, (max-width: 302px) 100vw, 302px\" \/>\t\t\t\t\t\t\t\t\t\t\t<\/div>\t\t\t\t\t\t\t\t\t\r\n\t\t\t\t\t\t\t\t\t\t\t\t\t\t\t\t\t\t\t\t\t\t\t\r\n\t\t\t\t\t\t\t\t\t<\/div>\r\n\t\t\t\t\t\t\t\t<\/div> <!--  END SINGLE BLOG -->\r\n\t\r\n\t\t\t\t\t\t\t\t\t\r\n\t\t\t\t\t\t\t<\/div>\r\n\t\t\t\t\t\t\r\n\t\t\t\t\t\t<\/div>\r\n\t\t\t\t\t\t\t\t\t\t\t<!-- single blog -->\r\n\t\t\t\t\t\t<div class=\"   col-md-12 col-xs-12 col-sm-12 \" >\r\n\t\t\t\t\t\t\t<div class=\"single_brand kc-elm kc-css-925224\">\r\n\t\t\t\t\t\t\t\r\n\t\r\n\t\t\t\t\t\t\t\t<div id=\"post-461\" class=\"post-461 em_brand type-em_brand status-publish has-post-thumbnail hentry\">\r\n\t\t\t\t\t\t\t\t\t<div class=\"ittech-single-brand \">\t\t\t\t\t\r\n\t\t\t\t\t\t\t\t\t\t\r\n\t\t\t\t\t\t\t\t\t\t<!-- BLOG THUMB -->\r\n\t\t\t\t\t\t\t\t\t\t\t\t\t\t\t\t\t\t\t\t\t<div class=\"brand-thumb \">\r\n\t\t\t\t\t\t\t\t\t\t\t\t<img loading=\"lazy\" decoding=\"async\" width=\"140\" height=\"93\" src=\"https:\/\/solucione.com.mx\/corporativo\/wp-content\/uploads\/2020\/03\/pemex-e1597445988613.png\" class=\"attachment-post-thumbnail size-post-thumbnail wp-post-image\" alt=\"Logo de pemex\" \/>\t\t\t\t\t\t\t\t\t\t\t<\/div>\t\t\t\t\t\t\t\t\t\r\n\t\t\t\t\t\t\t\t\t\t\t\t\t\t\t\t\t\t\t\t\t\t\t\r\n\t\t\t\t\t\t\t\t\t<\/div>\r\n\t\t\t\t\t\t\t\t<\/div> <!--  END SINGLE BLOG -->\r\n\t\r\n\t\t\t\t\t\t\t\t\t\r\n\t\t\t\t\t\t\t<\/div>\r\n\t\t\t\t\t\t\r\n\t\t\t\t\t\t<\/div>\r\n\t\t\t\t\t\t\r\n\t\t\t\t\t\r\n\t\t\t\t\t\r\n\t\t\t\t<\/div>\r\n\t\t\t<\/div>\t\t\t\t\t\r\n\t\t\t\t\t\r\n\t\t<\/div><\/div><\/div><\/div><\/div><\/div><\/div><\/section><\/p>\n","protected":false},"excerpt":{"rendered":"","protected":false},"author":1,"featured_media":0,"parent":0,"menu_order":0,"comment_status":"closed","ping_status":"closed","template":"page-templates\/template-default.php","meta":{"footnotes":""},"class_list":["post-1544","page","type-page","status-publish","hentry"],"_links":{"self":[{"href":"https:\/\/solucione.com.mx\/corporativo\/wp-json\/wp\/v2\/pages\/1544","targetHints":{"allow":["GET"]}}],"collection":[{"href":"https:\/\/solucione.com.mx\/corporativo\/wp-json\/wp\/v2\/pages"}],"about":[{"href":"https:\/\/solucione.com.mx\/corporativo\/wp-json\/wp\/v2\/types\/page"}],"author":[{"embeddable":true,"href":"https:\/\/solucione.com.mx\/corporativo\/wp-json\/wp\/v2\/users\/1"}],"replies":[{"embeddable":true,"href":"https:\/\/solucione.com.mx\/corporativo\/wp-json\/wp\/v2\/comments?post=1544"}],"version-history":[{"count":11,"href":"https:\/\/solucione.com.mx\/corporativo\/wp-json\/wp\/v2\/pages\/1544\/revisions"}],"predecessor-version":[{"id":3299,"href":"https:\/\/solucione.com.mx\/corporativo\/wp-json\/wp\/v2\/pages\/1544\/revisions\/3299"}],"wp:attachment":[{"href":"https:\/\/solucione.com.mx\/corporativo\/wp-json\/wp\/v2\/media?parent=1544"}],"curies":[{"name":"wp","href":"https:\/\/api.w.org\/{rel}","templated":true}]}}