{"id":1779,"date":"2020-02-21T02:20:11","date_gmt":"2020-02-21T02:20:11","guid":{"rendered":"http:\/\/localhost\/it-tech\/?page_id=2"},"modified":"2026-04-07T21:21:31","modified_gmt":"2026-04-08T03:21:31","slug":"sample-page","status":"publish","type":"page","link":"https:\/\/solucione.com.mx\/corporativo\/sample-page\/","title":{"rendered":"Gestores CMS"},"content":{"rendered":"<p><section class=\"kc-elm kc-css-461361 kc_row\"><div class=\"kc-row-container\"><div class=\"kc-wrap-columns\"><div class=\"kc-elm kc-css-980979 kc_col-sm-12 kc_column kc_col-sm-12\"><div class=\"kc-col-container\"><div class=\"kc-elm kc-css-494340 kc_row kc_row_inner\"><div class=\"kc-elm kc-css-450071 kc_col-sm-12 kc_column_inner kc_col-sm-12\"><div class=\"kc_wrapper kc-col-inner-container\">       <!-- INTRO -->\r\n        <section id=\"parallax\" class=\"banner-area em-slick-slider-new kc-elm kc-css-165645\">\r\n\r\n\t\t\t\t    <div class=\"single-slide slide-one-bg slider-style-four kc-elm kc-css-284039\" style=\"background-image:url(https:\/\/solucione.com.mx\/corporativo\/wp-content\/uploads\/2026\/04\/fondo.webp)\t\">\r\n\t\t <div class=\"banner-content banner-slick text-left\">\r\n\t\t<h4 class=\"wow fadeInDown\" animation-duration=\"1s\" animation-delay=\"0s\"><\/h4>\r\n\t\t\t<h1 class=\"wow fadeInDown\" animation-duration=\"2s\" animation-delay=\"1s\">Soluciones Digitales para <span class=\"redX\"><\/span><\/h1>\r\n\t\t\t<h2 class=\"wow fadeInDown\" animation-duration=\"3s\" animation-delay=\"1s\">empresas modernas<\/h2>\r\n\t\t\t<h3 class=\"wow fadeInDown\" animation-duration=\"3s\" animation-delay=\"1s\"><\/h3>\r\n\t\t\t<p>Dise\u00f1amos plataformas web seguras, escalables y f\u00e1ciles de administrar, preparadas para crecer con tu negocio.<\/p>\r\n\t\t\t<div class=\"slick-slider-button wow fadeInUp\" animation-duration=\"3s\" animation-delay=\"1s\">\r\n\t\t\t\t\t\t\t\t\t<\/div>\r\n\r\n\t\t\t<\/div>\r\n\t\t\t\t\t\t\t<div class=\"slider-video-icon\">\r\n\t\t\t\t\t\t\t\t\t\t\t\t\t\t\t\r\n\t\t\t\t<\/div>\r\n\t\t\t\t\r\n\t\t<\/div>\r\n\t        <\/section>\r\n        <!-- \/INTRO -->\r\n\r\n\t<\/div><\/div><\/div><\/div><\/div><\/div><\/div><\/section><section class=\"kc-elm kc-css-505136 kc_row\"><div class=\"kc-row-container  kc-container\"><div class=\"kc-wrap-columns\"><div class=\"kc-elm kc-css-30975 kc_col-sm-6 kc_column kc_col-sm-6\"><div class=\"kc-col-container\"><div class=\"kc-elm kc-css-248248\" style=\"height: 150px; clear: both; width:100%;\"><\/div>\t\r\r\t<div class=\"kc-elm kc-css-279845 \">\r\r\t\t<div class=\"section-title  t_left\">\r\t\t\t\t\t\t<h3>Gestores CMS <\/h3>\r\t\t\t<h2>Empresariales<\/h2>\r\t\t\t\r\t\t\t\t\t\t\r\t\t\t\t\t\t\r\t\t\t\t<div class=\"em-bar-main\">\r\t\t\t\t\t<div class=\"em-bar em-bar-big\"><\/div>\r\t\t\t\t<\/div>\r\t\t\t\t\r\t\t\t\r\r\t\t\t\r\t\t\t\t<p class=\" text-alignm\">Desarrollamos plataformas robustas con tecnolog\u00edas lideres como WordPress, Umbraco y Laravel, enfocadas en rendimiento, seguridad y escabilidad.  <\/p>\r\r\t\t\t\t\t\t\r\t\t\t\t\r\r\t\t<\/div>\t\r\r\t<\/div>\t\r\r\t<div class=\"kc-elm kc-css-163217 kc_text_block\"><\/p>\n<p>Implementamos gestores de contenido que permiten a las empresas administrar su informaci\u00f3n de forma \u00e1gil, segura y centralizada. Estas soluciones facilitan la actualizaci\u00f3n constante de sitios web sin necesidad de conocimientos t\u00e9cnicos avanzados, optimizando tiempos y recursos operativos.<\/p>\n<\/p>\n<p>\n<\/div><div class=\"kc-elm kc-css-487437 kc_text_block\"><\/p>\n<p data-start=\"469\" data-end=\"804\">Adem\u00e1s, integramos funcionalidades personalizadas que se adaptan a los procesos internos de cada organizaci\u00f3n, permitiendo una mayor eficiencia en la gesti\u00f3n digital. Nuestros CMS est\u00e1n dise\u00f1ados para garantizar estabilidad, alto rendimiento y una experiencia de usuario intuitiva tanto para administradores como para usuarios finales.<\/p>\n<\/p>\n<p>\n<\/div><div class=\"kc-elm kc-css-337610 kc-raw-code\"><blockquote>\r\nAlto rendimiento\r\n<\/blockquote><\/div><div class=\"kc-elm kc-css-731130 kc-raw-code\"><blockquote>\r\nSeguridad\r\n<\/blockquote><\/div><div class=\"kc-elm kc-css-481975 kc-raw-code\"><blockquote>\r\nIntegracion<\/blockquote><\/div><div class=\"kc-elm kc-css-541205 kc-raw-code\">\t\t<div class=\"about-bottom\" style=\"display:flex;\">\r\n\t\t\t<div class=\"about-sign\" style=\"margin-right:20px;\">\r\n\t\t\t\t<img decoding=\"async\" src=\"http:\/\/localhost\/it-tech\/wp-content\/uploads\/2020\/03\/testi3.jpg\" alt=\"\" style=\"border-radius:100%;\" \/>\r\n\t\t\t<\/div>\r\n\t\t\t<div class=\"ceo-name\">\r\n\t\t\t\t<h3 style=\"font-size:18px;\"><\/h3>\r\n\t\t\t\t<p><\/p>\r\n\t\t\t<\/div>\r\n\t\t<\/div><\/div><\/div><\/div><div class=\"kc-elm kc-css-210991 kc_col-sm-6 kc_column kc_col-sm-6\"><div class=\"kc-col-container\"><div class=\"kc-elm kc-css-510918\" style=\"height: 350px; clear: both; width:100%;\"><\/div><div class=\"kc-elm kc-css-364367 kc-feature-boxes kc-fb-layout-3\">\n\n\t<div class=\"content-icon\"><i class=\"et-envelope\"><\/i><\/div><div class=\"box-right\"><div class=\"content-title\">Wordpress <\/div><div class=\"content-desc\">Ideal para sitios corporativos con administraci\u00f3n sencilla. <\/div><\/div>\n<\/div>\n<div class=\"kc-elm kc-css-299637 kc-feature-boxes kc-fb-layout-3\">\n\n\t<div class=\"content-icon\"><i class=\"et-envelope\"><\/i><\/div><div class=\"box-right\"><div class=\"content-title\">Umbraco <\/div><div class=\"content-desc\">CMS empresarial en .NET con alto rendimiento<\/div><\/div>\n<\/div>\n<div class=\"kc-elm kc-css-397491 kc-feature-boxes kc-fb-layout-3\">\n\n\t<div class=\"content-icon\"><i class=\"et-envelope\"><\/i><\/div><div class=\"box-right\"><div class=\"content-title\">Laravel<\/div><div class=\"content-desc\">Desarrollo a medida para sistemas complejos <\/div><\/div>\n<\/div>\n<\/div><\/div><\/div><\/div><\/section><\/p>\n","protected":false},"excerpt":{"rendered":"","protected":false},"author":1,"featured_media":0,"parent":0,"menu_order":0,"comment_status":"closed","ping_status":"open","template":"page-templates\/template-default.php","meta":{"footnotes":""},"class_list":["post-1779","page","type-page","status-publish","hentry"],"_links":{"self":[{"href":"https:\/\/solucione.com.mx\/corporativo\/wp-json\/wp\/v2\/pages\/1779","targetHints":{"allow":["GET"]}}],"collection":[{"href":"https:\/\/solucione.com.mx\/corporativo\/wp-json\/wp\/v2\/pages"}],"about":[{"href":"https:\/\/solucione.com.mx\/corporativo\/wp-json\/wp\/v2\/types\/page"}],"author":[{"embeddable":true,"href":"https:\/\/solucione.com.mx\/corporativo\/wp-json\/wp\/v2\/users\/1"}],"replies":[{"embeddable":true,"href":"https:\/\/solucione.com.mx\/corporativo\/wp-json\/wp\/v2\/comments?post=1779"}],"version-history":[{"count":35,"href":"https:\/\/solucione.com.mx\/corporativo\/wp-json\/wp\/v2\/pages\/1779\/revisions"}],"predecessor-version":[{"id":5496,"href":"https:\/\/solucione.com.mx\/corporativo\/wp-json\/wp\/v2\/pages\/1779\/revisions\/5496"}],"wp:attachment":[{"href":"https:\/\/solucione.com.mx\/corporativo\/wp-json\/wp\/v2\/media?parent=1779"}],"curies":[{"name":"wp","href":"https:\/\/api.w.org\/{rel}","templated":true}]}}