{"id":2,"date":"2020-04-09T02:08:10","date_gmt":"2020-04-09T02:08:10","guid":{"rendered":"http:\/\/corporativo.solucione.com.mx\/?page_id=2"},"modified":"2021-04-07T02:44:29","modified_gmt":"2021-04-07T07:44:29","slug":"admon-proyectos","status":"publish","type":"page","link":"https:\/\/solucione.com.mx\/corporativo\/admon-proyectos\/","title":{"rendered":"Administraci\u00f3n de proyectos"},"content":{"rendered":"<p><section class=\"kc-elm kc-css-765848 kc_row\"><div class=\"kc-row-container  kc-container\"><div class=\"kc-wrap-columns\"><div class=\"kc-elm kc-css-115984 kc_col-sm-12 kc_column kc_col-sm-12\"><div class=\"kc-col-container\"><div class=\"kc-elm kc-css-612474 kc_row kc_row_inner\"><div class=\"kc-elm kc-css-827375 kc_col-sm-7 kc_column_inner kc_col-sm-7\"><div class=\"kc_wrapper kc-col-inner-container\"><div class=\"kc-elm kc-css-402615 kc-animated kc-animate-eff-fadeInDown kc_shortcode kc_single_image\">\n\n        <img decoding=\"async\" src=\"https:\/\/solucione.com.mx\/corporativo\/wp-content\/uploads\/2020\/03\/blog1.jpg\" class=\"\" alt=\"\" \/>    <\/div>\n<\/div><\/div><div class=\"kc-elm kc-css-312432 kc_col-sm-5 kc_column_inner kc_col-sm-5\"><div class=\"kc_wrapper kc-col-inner-container\">\n<div class=\"kc-elm kc-css-602119 kc-title-wrap \">\n\n\t<h1 class=\"kc_title\">+12,000  proyectos  en Telecom nos avalan<\/h1>\n<\/div>\n<div class=\"kc-elm kc-css-707792 kc_text_block\"><\/p>\n<p>Tenemos amplia experiencia en instalaci\u00f3n, ejecuci\u00f3n y administraci\u00f3n de proyectos corporativos de telecomunicaciones con clientes finales como Telmex, Telcel, Altan y Movistar.&nbsp;<\/p>\n<p>\n<\/div><\/div><\/div><\/div><div class=\"kc-elm kc-css-118604\" style=\"height: 20px; clear: both; width:100%;\"><\/div><div data-closeall=\"true\" class=\"kc-elm kc-css-903298 kc_accordion_wrapper\">\n<div class=\"kc-elm kc-css-897635 kc_accordion_section group \"><h3 class=\"kc_accordion_header ui-accordion-header\"><span class=\"ui-accordion-header-icon ui-icon\"><\/span><a href=\"#nuestros-proyectos\" data-prevent=\"scroll\"><i class=\"\"><\/i> Nuestros proyectos<\/a><\/h3><div class=\"kc_accordion_content ui-accordion-content kc_clearfix\"><div class=\"kc-panel-body\"><div class=\"kc-elm kc-css-874067 kc_text_block\"><\/p>\n<p>Desde 2008 hemos conformado un equipo de especialistas en&nbsp; gesti\u00f3n y administraci\u00f3n de proyectos, quienes a lo largo de estos a\u00f1os han resuelto satisfactoriamente muchos retos en proyectos con instituciones p\u00fablicas, con los m\u00e1s grandes operadores de telefon\u00eda y los principales fabricantes de equipo de telecomunicaciones del mundo.<\/p>\n<p>\n<\/div><\/div><\/div><\/div><\/div>\n<div class=\"kc-elm kc-css-867795\" style=\"height: 20px; clear: both; width:100%;\"><\/div><div class=\"kc-elm kc-css-628398 kc_row kc_row_inner\"><div class=\"kc-elm kc-css-611404 kc_col-sm-6 kc_column_inner kc_col-sm-6\"><div class=\"kc_wrapper kc-col-inner-container\"><div class=\"kc-elm kc-css-390370 kc-feature-boxes kc-fb-layout-3 :lt:a href=:quot:http:\/\/www.google.com:quot::gt:\">\n\n\t<div class=\"content-icon\"><i class=\"icofont-network-tower\"><\/i><\/div><div class=\"box-right\"><div class=\"content-title\">Telecomunicaciones<\/div><div class=\"content-desc\">Amplia experiencia en proyectos con los m\u00e1s grandes operadores de Telefon\u00eda e Internet del pa\u00eds, en tecnolog\u00edas como GPON, ADSL, VDSL, Transporte y Fibra \u00d3ptica, GPON, Carrier Ethernet, FTTX, GSM, LTE y MW.<\/div><\/div>\n<\/div>\n<div class=\"kc-elm kc-css-972055 kc-feature-boxes kc-fb-layout-3\">\n\n\t<div class=\"content-icon\"><i class=\"flaticon-shopping-basket\"><\/i><\/div><div class=\"box-right\"><div class=\"content-title\">Servicios TI<\/div><div class=\"content-desc\">Te brindamos servicios integrales desde Site Surveys hasta Antenas de Microondas, Enlaces de Fibra \u00d3ptica y Redes de Datos, todos bajo un estricto apego a los lineamientos de calidad, seguridad y normas.<\/div><\/div>\n<\/div>\n<\/div><\/div><div class=\"kc-elm kc-css-230166 kc_col-sm-6 kc_column_inner kc_col-sm-6\"><div class=\"kc_wrapper kc-col-inner-container\"><div class=\"kc-elm kc-css-856640 kc-feature-boxes kc-fb-layout-3\">\n\n\t<div class=\"content-icon\"><i class=\"icofont-network\"><\/i><\/div><div class=\"box-right\"><div class=\"content-title\">Networking<\/div><div class=\"content-desc\">Somos tu mejor alternativa llevamos a\u00f1os participado en proyectos de Redes y Networking para un amplio sector empresarial y gubernamental como: SAT, IMSS, Secretaria de Salud, Alcatel Lucent, Hoteler\u00eda entre otros. <\/div><\/div>\n<\/div>\n<div class=\"kc-elm kc-css-667047 kc-feature-boxes kc-fb-layout-3\">\n\n\t<div class=\"content-icon\"><i class=\"flaticon-report\"><\/i><\/div><div class=\"box-right\"><div class=\"content-title\">Gesti\u00f3n de proyectos<\/div><div class=\"content-desc\">Estamos atentos para escuchar tus inquietudes y ofrecerte nuestras soluciones en sistemas, servidores, implementaci\u00f3n de nuevas soluciones tecnol\u00f3gicas, as\u00ed como servicios administrados, mantenimiento y soporte.<\/div><\/div>\n<\/div>\n<\/div><\/div><\/div><div class=\"kc-elm kc-css-680217\" style=\"height: 150px; clear: both; width:100%;\"><\/div><\/div><\/div><\/div><\/div><\/section><section class=\"kc-elm kc-css-971486 kc_row\"><div class=\"kc-row-container  kc-container\"><div class=\"kc-wrap-columns\"><div class=\"kc-elm kc-css-876626 kc_col-sm-12 kc_column kc_col-sm-12\"><div class=\"kc-col-container\"><div id=\"6\" class=\"kc-elm kc-css-828161 kc_row kc_row_inner\"><div class=\"kc-elm kc-css-106299 kc_col-of-5 kc_column_inner kc_col-of-5\"><div class=\"kc_wrapper kc-col-inner-container\">\t\t\t<div class=\"single_counter default_style kc-elm kc-css-895617\">\r\n\t\t\t\t<div class=\"single_counter_inner\">\t\t\t\t\t\r\n\t\t\t\t\t\r\n\t\t\t\t\t\t\t\t\t\t\t<div class=\"counter_icon\">\t\t\t\r\n\t\t\t\t\t\t\t<i class=\"icofont-telephone\"><\/i>\t\t\r\n\t\t\t\t\t\t<\/div>\r\n\t\t\t\t\t\t\t\t\t\t\r\n\t\t\t\t\t\r\n\t\t\t\t\t\r\n\t\t\t\t\t<div class=\"countr_text\">\r\n\t\t\t\t\t\t\t\t\t\t\t\t\t<h1>10,000<\/h1>\r\n\t\t\t\t\t\t\t\t\t\t\t\t\t\r\n\t\t\t\t\t\t\t<h3>+<\/h3>\r\n\t\t\t\t\t\t\t\t\t\t\t\t\t\r\n\t\t\t\t\t<\/div>\r\n\t\t\t\t\t<div class=\"counter_title\">\r\n\t\t\t\t\t\t\t\t\t\t\t\t\t<h4>\r\n\t\t\t\t\t\t\tProyectos para Telmex \t\t\t\t\t\t\t<\/h4>\t\r\n\t\t\t\t\t\t\t\t\t\t\t<\/div>\r\n\t\t\t\t\t\r\n\t\t\t\t\t\t\r\n\t\t\t\t\t\r\n\t\t\t\t<\/div>\r\n\t\t\t<\/div> \t\t\r\n\t\t<\/div><\/div><div class=\"kc-elm kc-css-725627 kc_col-of-5 kc_column_inner kc_col-of-5\"><div class=\"kc_wrapper kc-col-inner-container\">\t\t\t<div class=\"single_counter default_style kc-elm kc-css-92454\">\r\n\t\t\t\t<div class=\"single_counter_inner\">\t\t\t\t\t\r\n\t\t\t\t\t\r\n\t\t\t\t\t\t\t\t\t\t\t<div class=\"counter_icon\">\t\t\t\r\n\t\t\t\t\t\t\t<i class=\"icofont-brand-nokia\"><\/i>\t\t\r\n\t\t\t\t\t\t<\/div>\r\n\t\t\t\t\t\t\t\t\t\t\r\n\t\t\t\t\t\r\n\t\t\t\t\t\r\n\t\t\t\t\t<div class=\"countr_text\">\r\n\t\t\t\t\t\t\t\t\t\t\t\t\t<h1>600<\/h1>\r\n\t\t\t\t\t\t\t\t\t\t\t\t\t\r\n\t\t\t\t\t\t\t<h3>+<\/h3>\r\n\t\t\t\t\t\t\t\t\t\t\t\t\t\r\n\t\t\t\t\t<\/div>\r\n\t\t\t\t\t<div class=\"counter_title\">\r\n\t\t\t\t\t\t\t\t\t\t\t\t\t<h4>\r\n\t\t\t\t\t\t\tProyectos para Megacable\t\t\t\t\t\t\t<\/h4>\t\r\n\t\t\t\t\t\t\t\t\t\t\t<\/div>\r\n\t\t\t\t\t\r\n\t\t\t\t\t\t\r\n\t\t\t\t\t\r\n\t\t\t\t<\/div>\r\n\t\t\t<\/div> \t\t\r\n\t\t<\/div><\/div><div class=\"kc-elm kc-css-773358 kc_col-of-5 kc_column_inner kc_col-of-5\"><div class=\"kc_wrapper kc-col-inner-container\">\t\t\t<div class=\"single_counter default_style kc-elm kc-css-4709\">\r\n\t\t\t\t<div class=\"single_counter_inner\">\t\t\t\t\t\r\n\t\t\t\t\t\r\n\t\t\t\t\t\t\t\t\t\t\t<div class=\"counter_icon\">\t\t\t\r\n\t\t\t\t\t\t\t<i class=\"icofont-brand-att\"><\/i>\t\t\r\n\t\t\t\t\t\t<\/div>\r\n\t\t\t\t\t\t\t\t\t\t\r\n\t\t\t\t\t\r\n\t\t\t\t\t\r\n\t\t\t\t\t<div class=\"countr_text\">\r\n\t\t\t\t\t\t\t\t\t\t\t\t\t<h1>1,200<\/h1>\r\n\t\t\t\t\t\t\t\t\t\t\t\t\t\r\n\t\t\t\t\t\t\t<h3>+<\/h3>\r\n\t\t\t\t\t\t\t\t\t\t\t\t\t\r\n\t\t\t\t\t<\/div>\r\n\t\t\t\t\t<div class=\"counter_title\">\r\n\t\t\t\t\t\t\t\t\t\t\t\t\t<h4>\r\n\t\t\t\t\t\t\tProyectos para AT&T\t\t\t\t\t\t\t<\/h4>\t\r\n\t\t\t\t\t\t\t\t\t\t\t<\/div>\r\n\t\t\t\t\t\r\n\t\t\t\t\t\t\r\n\t\t\t\t\t\r\n\t\t\t\t<\/div>\r\n\t\t\t<\/div> \t\t\r\n\t\t<\/div><\/div><div class=\"kc-elm kc-css-377412 kc_col-of-5 kc_column_inner kc_col-of-5\"><div class=\"kc_wrapper kc-col-inner-container\">\t\t\t<div class=\"single_counter default_style kc-elm kc-css-827248\">\r\n\t\t\t\t<div class=\"single_counter_inner\">\t\t\t\t\t\r\n\t\t\t\t\t\r\n\t\t\t\t\t\t\t\t\t\t\t<div class=\"counter_icon\">\t\t\t\r\n\t\t\t\t\t\t\t<i class=\"icofont-ui-cell-phone\"><\/i>\t\t\r\n\t\t\t\t\t\t<\/div>\r\n\t\t\t\t\t\t\t\t\t\t\r\n\t\t\t\t\t\r\n\t\t\t\t\t\r\n\t\t\t\t\t<div class=\"countr_text\">\r\n\t\t\t\t\t\t\t\t\t\t\t\t\t<h1>300<\/h1>\r\n\t\t\t\t\t\t\t\t\t\t\t\t\t\r\n\t\t\t\t\t\t\t<h3>+<\/h3>\r\n\t\t\t\t\t\t\t\t\t\t\t\t\t\r\n\t\t\t\t\t<\/div>\r\n\t\t\t\t\t<div class=\"counter_title\">\r\n\t\t\t\t\t\t\t\t\t\t\t\t\t<h4>\r\n\t\t\t\t\t\t\tServicios para Telcel\t\t\t\t\t\t\t<\/h4>\t\r\n\t\t\t\t\t\t\t\t\t\t\t<\/div>\r\n\t\t\t\t\t\r\n\t\t\t\t\t\t\r\n\t\t\t\t\t\r\n\t\t\t\t<\/div>\r\n\t\t\t<\/div> \t\t\r\n\t\t<\/div><\/div><div class=\"kc-elm kc-css-629336 kc_col-of-5 kc_column_inner kc_col-of-5\"><div class=\"kc_wrapper kc-col-inner-container\">\t\t\t<div class=\"single_counter default_style kc-elm kc-css-538943\">\r\n\t\t\t\t<div class=\"single_counter_inner\">\t\t\t\t\t\r\n\t\t\t\t\t\r\n\t\t\t\t\t\t\t\t\t\t\t<div class=\"counter_icon\">\t\t\t\r\n\t\t\t\t\t\t\t<i class=\"icofont-ui-wifi\"><\/i>\t\t\r\n\t\t\t\t\t\t<\/div>\r\n\t\t\t\t\t\t\t\t\t\t\r\n\t\t\t\t\t\r\n\t\t\t\t\t\r\n\t\t\t\t\t<div class=\"countr_text\">\r\n\t\t\t\t\t\t\t\t\t\t\t\t\t<h1>300<\/h1>\r\n\t\t\t\t\t\t\t\t\t\t\t\t\t\r\n\t\t\t\t\t\t\t<h3>+<\/h3>\r\n\t\t\t\t\t\t\t\t\t\t\t\t\t\r\n\t\t\t\t\t<\/div>\r\n\t\t\t\t\t<div class=\"counter_title\">\r\n\t\t\t\t\t\t\t\t\t\t\t\t\t<h4>\r\n\t\t\t\t\t\t\tServicios para movistar\t\t\t\t\t\t\t<\/h4>\t\r\n\t\t\t\t\t\t\t\t\t\t\t<\/div>\r\n\t\t\t\t\t\r\n\t\t\t\t\t\t\r\n\t\t\t\t\t\r\n\t\t\t\t<\/div>\r\n\t\t\t<\/div> \t\t\r\n\t\t<\/div><\/div><\/div><\/div><\/div><\/div><\/div><\/section><section class=\"kc-elm kc-css-410530 kc_row\"><div class=\"kc-row-container  kc-container\"><div class=\"kc-wrap-columns\"><div class=\"kc-elm kc-css-937828 kc_col-sm-12 kc_column kc_col-sm-12\"><div class=\"kc-col-container\"><div class=\"kc-elm kc-css-749992 kc_row kc_row_inner\"><div class=\"kc-elm kc-css-141159 kc_col-sm-12 kc_column_inner kc_col-sm-12\"><div class=\"kc_wrapper kc-col-inner-container\">\t\r\r\t<div class=\"kc-elm kc-css-22506 \">\r\r\t\t<div class=\"section-title  t_center\">\r\t\t\t\t\t\t\t<h5>nuestra experiencia<\/h5>\r\t\t\t\t\t\t<h3>M\u00e1s de 20 a\u00f1os de experiencia a tu servicio<\/h3>\r\t\t\t<h2>telecomunicaciones y datos<\/h2>\r\t\t\t\r\t\t\t\t\t\t\r\t\t\t\t\t\t\r\t\t\t\t<div class=\"em-bar-main\">\r\t\t\t\t\t<div class=\"em-bar em-bar-big\"><\/div>\r\t\t\t\t<\/div>\r\t\t\t\t\r\t\t\t\r\r\t\t\t\t\t\t\r\t\t\t\t\r\r\t\t<\/div>\t\r\r\t<\/div>\t\r\r\t<div class=\"kc-elm kc-css-230851\" style=\"height: 15px; clear: both; width:100%;\"><\/div><div class=\"kc-elm kc-css-151946 kc_shortcode kc_progress_bars \" data-style=\"2\"><div class=\"progress-item\"><span class=\"label\">Proyectos para TELMEX<\/span><div class=\"kc-ui-progress-bar kc-ui-progress-bar2 kc-progress-bar kc-ui-container\"><div class=\"kc-ui-progress kc-ui-progress2\" style=\"background-color: #0c5adb;width: 33%\" data-value=\"33\" data-speed=\"2000\"><div class=\"ui-label\">\n\t\t\t\t\t<span class=\"value\" style=\"color: #ffffff\">33%<\/span>\n\t\t\t\t<\/div><\/div><\/div><\/div><div class=\"progress-item\"><span class=\"label\">Proyectos para Mega Cable<\/span><div class=\"kc-ui-progress-bar kc-ui-progress-bar2 kc-progress-bar kc-ui-container\"><div class=\"kc-ui-progress kc-ui-progress2\" style=\"background-color: #0c5adb;width: 80%\" data-value=\"80\" data-speed=\"2000\"><div class=\"ui-label\">\n\t\t\t\t\t<span class=\"value\" style=\"color: #ffffff\">80%<\/span>\n\t\t\t\t<\/div><\/div><\/div><\/div><div class=\"progress-item\"><span class=\"label\">Proyectos para Telcel<\/span><div class=\"kc-ui-progress-bar kc-ui-progress-bar2 kc-progress-bar kc-ui-container\"><div class=\"kc-ui-progress kc-ui-progress2\" style=\"background-color: #0c5adb;width: 70%\" data-value=\"70\" data-speed=\"2000\"><div class=\"ui-label\">\n\t\t\t\t\t<span class=\"value\" style=\"color: #ffffff\">70%<\/span>\n\t\t\t\t<\/div><\/div><\/div><\/div><div class=\"progress-item\"><span class=\"label\">Proyectos para Movistar<\/span><div class=\"kc-ui-progress-bar kc-ui-progress-bar2 kc-progress-bar kc-ui-container\"><div class=\"kc-ui-progress kc-ui-progress2\" style=\"background-color: #0c5adb;width: 95%\" data-value=\"95\" data-speed=\"2000\"><div class=\"ui-label\">\n\t\t\t\t\t<span class=\"value\" style=\"color: #ffffff\">95%<\/span>\n\t\t\t\t<\/div><\/div><\/div><\/div><div class=\"progress-item\"><span class=\"label\">Proyectos AT&amp;T<\/span><div class=\"kc-ui-progress-bar kc-ui-progress-bar2 kc-progress-bar kc-ui-container\"><div class=\"kc-ui-progress kc-ui-progress2\" style=\"background-color: #4d17ff;width: 80%\" data-value=\"80\" data-speed=\"2000\"><div class=\"ui-label\">\n\t\t\t\t\t<span class=\"value\" style=\"color: #ffffff\">80%<\/span>\n\t\t\t\t<\/div><\/div><\/div><\/div><div class=\"progress-item\"><span class=\"label\">Proyectos IZZI<\/span><div class=\"kc-ui-progress-bar kc-ui-progress-bar2 kc-progress-bar kc-ui-container\"><div class=\"kc-ui-progress kc-ui-progress2\" style=\"background-color: #1726ff;width: 80%\" data-value=\"80\" data-speed=\"2000\"><div class=\"ui-label\">\n\t\t\t\t\t<span class=\"value\">80%<\/span>\n\t\t\t\t<\/div><\/div><\/div><\/div><\/div><\/div><\/div><\/div><\/div><\/div><\/div><\/div><\/section><\/p>\n","protected":false},"excerpt":{"rendered":"","protected":false},"author":1,"featured_media":0,"parent":0,"menu_order":0,"comment_status":"closed","ping_status":"open","template":"","meta":{"footnotes":""},"class_list":["post-2","page","type-page","status-publish","hentry"],"_links":{"self":[{"href":"https:\/\/solucione.com.mx\/corporativo\/wp-json\/wp\/v2\/pages\/2","targetHints":{"allow":["GET"]}}],"collection":[{"href":"https:\/\/solucione.com.mx\/corporativo\/wp-json\/wp\/v2\/pages"}],"about":[{"href":"https:\/\/solucione.com.mx\/corporativo\/wp-json\/wp\/v2\/types\/page"}],"author":[{"embeddable":true,"href":"https:\/\/solucione.com.mx\/corporativo\/wp-json\/wp\/v2\/users\/1"}],"replies":[{"embeddable":true,"href":"https:\/\/solucione.com.mx\/corporativo\/wp-json\/wp\/v2\/comments?post=2"}],"version-history":[{"count":41,"href":"https:\/\/solucione.com.mx\/corporativo\/wp-json\/wp\/v2\/pages\/2\/revisions"}],"predecessor-version":[{"id":2876,"href":"https:\/\/solucione.com.mx\/corporativo\/wp-json\/wp\/v2\/pages\/2\/revisions\/2876"}],"wp:attachment":[{"href":"https:\/\/solucione.com.mx\/corporativo\/wp-json\/wp\/v2\/media?parent=2"}],"curies":[{"name":"wp","href":"https:\/\/api.w.org\/{rel}","templated":true}]}}