{"id":2070,"date":"2020-04-24T19:30:11","date_gmt":"2020-04-24T19:30:11","guid":{"rendered":"http:\/\/corporativo.solucione.com.mx\/?page_id=2070"},"modified":"2020-04-24T22:12:38","modified_gmt":"2020-04-24T22:12:38","slug":"red-compartida","status":"publish","type":"page","link":"https:\/\/solucione.com.mx\/corporativo\/red-compartida\/","title":{"rendered":"Red compartida"},"content":{"rendered":"<p><section class=\"kc-elm kc-css-752771 kc_row\"><div class=\"kc-row-container  kc-container\"><div class=\"kc-wrap-columns\"><div class=\"kc-elm kc-css-657250 kc_col-sm-12 kc_column kc_col-sm-12\"><div class=\"kc-col-container\"><div class=\"kc-elm kc-css-48390 kc_row kc_row_inner\"><div class=\"kc-elm kc-css-463978 kc_col-sm-6 kc_column_inner kc_col-sm-6\"><div class=\"kc_wrapper kc-col-inner-container\"><div class=\"kc-elm kc-css-398928 kc_shortcode kc_single_image\">\n\n        <img decoding=\"async\" src=\"https:\/\/solucione.com.mx\/corporativo\/wp-content\/uploads\/2021\/04\/ingeniero-en-sistema-o-informatica-1.jpg\" class=\"\" alt=\"\" \/>    <\/div>\n<\/div><\/div><div class=\"kc-elm kc-css-590928 kc_col-sm-6 kc_column_inner kc_col-sm-6\"><div class=\"kc_wrapper kc-col-inner-container\">\n<div class=\"kc-elm kc-css-442770 kc-title-wrap \">\n\n\t<h1 class=\"kc_title\">Red Compartida<\/h1>\n<\/div>\n<div class=\"kc-elm kc-css-164162\" style=\"height: 20px; clear: both; width:100%;\"><\/div><div class=\"kc-elm kc-css-429081 kc_text_block\"><\/p>\n<p class=\"MsoNormal\" style=\"font-size: 14px; line-height: normal; margin: 1em 0px; max-width: 100%; color: #444444; font-family: -apple-system, BlinkMacSystemFont, &#039;Segoe UI&#039;, Roboto, Oxygen-Sans, Ubuntu, Cantarell, &#039;Helvetica Neue&#039;, sans-serif; text-align: justify;\"><span lang=\"ES\" style=\"max-width: 100%; line-height: normal; font-family: Arial, sans-serif;\">Durante los a\u00f1os 2016 y 2017 participamos en el proyecto de Red Compartida, cuyo objetivo\u00a0<span style=\"max-width: 100%; line-height: normal;\">\u00a0<\/span>era contribuir a cerrar la brecha digital en la adopci\u00f3n de tecnolog\u00edas de la informaci\u00f3n en zonas urbanas y<span style=\"max-width: 100%; line-height: normal;\">\u00a0\u00a0<\/span>rurales a trav\u00e9s de una red m\u00f3vil de banda ancha 4G LTE de baja latencia, alta velocidad y con cobertura nacional.<\/span><\/p>\n<p class=\"MsoNormal\" style=\"font-size: 14px; line-height: normal; margin: 1em 0px; max-width: 100%; color: #444444; font-family: -apple-system, BlinkMacSystemFont, &#039;Segoe UI&#039;, Roboto, Oxygen-Sans, Ubuntu, Cantarell, &#039;Helvetica Neue&#039;, sans-serif; text-align: justify;\"><span lang=\"ES\" style=\"max-width: 100%; line-height: normal; font-family: Arial, sans-serif;\">Grupo Alternativas particip\u00f3 en R5, donde nuestras cuadrillas de ingenieros ejecutaron servicios de obra civil (CW) y TI, instalando equipos de Radio Frecuencia y Micro ondas (MW) en aproximadamente 90 sitios y apoyando en la realizaci\u00f3n de servicios de clean up y adecuaciones.<\/span><\/p>\n<p class=\"MsoNormal\" style=\"font-size: 14px; line-height: normal; margin: 1em 0px; max-width: 100%; color: #444444; font-family: -apple-system, BlinkMacSystemFont, &#039;Segoe UI&#039;, Roboto, Oxygen-Sans, Ubuntu, Cantarell, &#039;Helvetica Neue&#039;, sans-serif; text-align: justify;\"><span lang=\"ES\" style=\"max-width: 100%; line-height: normal; font-family: Arial, sans-serif;\">En esta fase del proyecto instalamos equipos demarcadores Alcatel 7210 SAS-K 2SFP 1C 2TX de 1GE, que normalmente se<span style=\"max-width: 100%; line-height: normal;\">\u00a0\u00a0<\/span>destina a servicios de backhaul m\u00f3vil en segmentos verticales y estrat\u00e9gicos de la industria de telecomunicaciones.<\/span><\/p>\n<p>\n<\/div><\/div><\/div><\/div><\/div><\/div><\/div><\/div><\/section><section class=\"kc-elm kc-css-975834 kc_row\"><div class=\"kc-row-container  kc-container\"><div class=\"kc-wrap-columns\"><div class=\"kc-elm kc-css-374838 kc_col-sm-6 kc_column kc_col-sm-6\"><div class=\"kc-col-container\">\n<div class=\"kc-elm kc-css-351770 kc-title-wrap \">\n\n\t<h4 class=\"kc_title\">Abarcamos toda la regi\u00f3n 5 del pa\u00eds en los estados de Jalisco, Michoac\u00e1n, Nayarit y Aguascalientes <\/h4>\n<\/div>\n<div class=\"kc-elm kc-css-832278 kc_text_block\"><\/p>\n<p><span style=\"font-family: Arial, sans-serif; text-align: justify;\">Los equipos de Microondas (MW) instalados fueron los MPT-HQAM, cuya funci\u00f3n es servir como transceptor de RF y est\u00e1 controlado por un microprocesador que interact\u00faa con el estante MSS-1\/4\/8 \/ 1C; MPTACC, Core-E, P8ETH y EASv2, o MPRe (independiente) de la antena.<\/span><\/p>\n<p>\n<\/div><\/div><\/div><div class=\"kc-elm kc-css-405902 kc_col-sm-6 kc_column kc_col-sm-6\"><div class=\"kc-col-container\"><div class=\"kc-elm kc-css-204514 kc_google_maps kc_shortcode\"><div style=\"height: 350px\" class=\"kc-google-maps\"><style>.embed-container {position: relative; padding-bottom: 80%; height: 0; max-width: 100%;} .embed-container iframe, .embed-container object, .embed-container iframe{position: absolute; top: 0; left: 0; width: 100%; height: 100%;} small{position: absolute; z-index: 40; bottom: 0; margin-bottom: -15px;}<\/style><div class=\"embed-container\"><iframe loading=\"lazy\" width=\"100%\" height=\"350\" frameborder=\"0\" scrolling=\"no\" marginheight=\"350\" marginwidth=\"100%\" title=\"Mapa-Red\" src=\"\/\/www.arcgis.com\/apps\/Embed\/index.html?webmap=52566cd827174b799a3fe7aced610acd&extent=-107.7851,16.7185,-93.8544,22.2059&zoom=true&previewImage=false&scale=true&disable_scroll=true&theme=light\"><\/iframe><\/div><\/div><\/div><\/div><\/div><\/div><\/div><\/section><section class=\"kc-elm kc-css-964331 kc_row\"><div class=\"kc-row-container  kc-container\"><div class=\"kc-wrap-columns\"><div class=\"kc-elm kc-css-814742 kc_col-sm-12 kc_column kc_col-sm-12\"><div class=\"kc-col-container\"><div class=\"kc-elm kc-css-553746\" style=\"height: 20px; clear: both; width:100%;\"><\/div>\r\n\t\t\t<div class=\"clearfix kicuakta\">\r\n\t\t\t<div class=\"col-md-12\">\r\n\t\t\t\t<div class=\"portfolio_nav   kc-elm kc-css-495541\">\r\n\t\t\t\t\t<ul id=\"filter\" class=\"filter_menu \">\r\n\t\t\t\t\t\t<li class=\"current_menu_item\" data-filter=\"*\" >All Works<\/li>\r\n\t\t\t\t\t\t\t\t\t\t\t\t\t\t\t\r\n\t\t\t\t\t\t\t<li   data-filter=\".gpon\">GPON<\/li>\r\n\t\t\t\t\t\t\t\t\t\t\t\t\t\t\t\t\r\n\t\t\t\t\t\t\t<li   data-filter=\".portfolio\">MPR<\/li>\r\n\t\t\t\t\t\t\t\t\t\t\t\t\t\t\t\t\r\n\t\t\t\t\t\t\t<li   data-filter=\".branding\">WDM<\/li>\r\n\t\t\t\t\t\t\t\t\t\t\t<\/ul>\r\n\t\t\t\t<\/div>\r\n\r\n\t\t\t<\/div>\t\t\t\t\r\n\t\t<\/div>\t\t\r\n\t\t\t\t\t\t\r\n\t\t\t\r\n\t\t\t\r\n\t\t\t<div class=\" em_load pstyle_1 em_port_container\">\t\t\t\t\t\r\n\t\t\t\t<div class=\"prot_wrap\">\t\t\t\t\r\n\t\t\t\t\t\t\t\t\t\t\t<!-- single portfolio -->\r\n\t\t\t\t\t\t<div class=\" col-md-6 col-sm-12  col-lg-4 grid-item col-xs-12 col-sm-6 \" >\r\n\t\t\t\t\t<div class=\"single_protfolio  kc-elm kc-css-495541\">\r\n\t\t\t\t\t\t\t\t\t\t\t\t\r\n\t\t\t\t\t\t\t<div class=\"prot_thumb\">\r\n\t\t\t\t\t\t\t\t\r\n\t\t\t\t\t\t\t\t\t\t\t\t\t\t\t\t\t\r\n\t\t\t\t\t\t\t\t<div class=\"prot_content em_port_content \">\r\n\t\t\t\t\t\t\t\t\t<div class=\"prot_content_inner\">\r\n\r\n\t\t\t\t\t\t\t\t\t\r\n\t\t\t\t\t\t\t\t\t<div class=\"picon\">\r\n\t\t\t\t\t\t\t\t\t\t\t\t\t\t\t\t\t\t\r\n\t\t\t\t\t\t\t\t\t\t\t\t\t\t\t\t\r\n\t\t\t\t\t\t\t\t\t\t\t\t\t\t\t\t\t\t\t\r\n\t\t\t\t\t\t\t\t\t\t<a class=\"portfolio-icon venobox\" data-gall=\"myportfolio\" href=\"\"><i class=\"fa fa-photo\"><\/i><\/a>\r\n\t\t\t\t\t\t\t\t\t\t\r\n\t\t\t\t\t\t\t\t\t\t\t\r\n\t\t\t\t\t\t\t\t\t\t<a href=\"https:\/\/solucione.com.mx\/corporativo\/em_portfolios\/catastro-y-predial\/\"><i class=\"fa fa-link\"><\/i><\/a>\t\r\n\t\t\t\t\t\t\t\t\t\t\r\n\t\t\t\t\t\t\t\t\t\t\r\n\t\t\t\t\t\t\t\t\t\t\t\t\t\t\t\t\t\t\t<\/div>\r\n\t\t\t\t\t\t\t\t\t\t\t\t\t\t\t\t\t\t\t\t\r\n\t\t\t\t\t\t\t\t\t\t\t\t\t\t\t\t\t\t\t\t\r\n\t\t\t\t\t\t\t\t\t\t\t\t\t\t\t\t\t\t<div class=\"porttitle_inner\">\r\n\t\t\t\t\t\t\t\t\t\t<h3><a href=\"https:\/\/solucione.com.mx\/corporativo\/em_portfolios\/catastro-y-predial\/\">Catastro y Predial<\/a><\/h3>\r\n\t\t\t\t\t\t\t\t\t\t\t\t\t\t\t\t\t\t\t\t<p>\r\n\t\t\t\t\t\t\t\t\t\t\t\t\t\t\t\t\t\t\t\t\t<\/p>\r\n\t\t\t\t\t\t\t\t\t<\/div>\r\n\t\t\t\t\t\t\t\t\t\t\t\t\t\t\t\t\t\t\t\t\t\t\t\t\t\t\t<\/div>\r\n\t\t\t\t\t\t\t\t<\/div>\t\t\r\n\t\t\t\t\t\t\t<\/div>\t\t\t\t\r\n\t\r\n\t\t\t\t\t\t\t\t\t\t\t\r\n\t\t\t\t\t\t\t\t\t\t\t\t\t\t\t\t\t\r\n\t\t\t\t\t\t\t<\/div>\r\n\t\t\t\t\t\t<\/div>\r\n\t\t\t\t\t\t\t\t\t\t\t<!-- single portfolio -->\r\n\t\t\t\t\t\t<div class=\" col-md-6 col-sm-12  col-lg-4 grid-item col-xs-12 col-sm-6 gpon \" >\r\n\t\t\t\t\t<div class=\"single_protfolio  kc-elm kc-css-495541\">\r\n\t\t\t\t\t\t\t\t\t\t\t\t\r\n\t\t\t\t\t\t\t<div class=\"prot_thumb\">\r\n\t\t\t\t\t\t\t\t\r\n\t\t\t\t\t\t\t\t\t<img loading=\"lazy\" decoding=\"async\" width=\"1280\" height=\"841\" src=\"https:\/\/solucione.com.mx\/corporativo\/wp-content\/uploads\/2020\/10\/WhatsApp-Image-2020-10-16-at-15.44.57-e1603297825269.jpeg\" class=\"attachment-post-thumbnail size-post-thumbnail wp-post-image\" alt=\"\" srcset=\"https:\/\/solucione.com.mx\/corporativo\/wp-content\/uploads\/2020\/10\/WhatsApp-Image-2020-10-16-at-15.44.57-e1603297825269.jpeg 1280w, https:\/\/solucione.com.mx\/corporativo\/wp-content\/uploads\/2020\/10\/WhatsApp-Image-2020-10-16-at-15.44.57-e1603297825269-300x197.jpeg 300w, https:\/\/solucione.com.mx\/corporativo\/wp-content\/uploads\/2020\/10\/WhatsApp-Image-2020-10-16-at-15.44.57-e1603297825269-1024x673.jpeg 1024w, https:\/\/solucione.com.mx\/corporativo\/wp-content\/uploads\/2020\/10\/WhatsApp-Image-2020-10-16-at-15.44.57-e1603297825269-768x505.jpeg 768w\" sizes=\"auto, (max-width: 1280px) 100vw, 1280px\" \/>\t\t\t\t\t\t\t\t\r\n\t\t\t\t\t\t\t\t<div class=\"prot_content em_port_content \">\r\n\t\t\t\t\t\t\t\t\t<div class=\"prot_content_inner\">\r\n\r\n\t\t\t\t\t\t\t\t\t\r\n\t\t\t\t\t\t\t\t\t<div class=\"picon\">\r\n\t\t\t\t\t\t\t\t\t\t\t\t\t\t\t\t\t\t\r\n\t\t\t\t\t\t\t\t\t\t\t\t\t\t\t\t\r\n\t\t\t\t\t\t\t\t\t\t\r\n\t\t\t\t\t\t\t\t\t\t\r\n\t\t\t\t\t\t\t\t\t\t\r\n\t\t\t\t\t\t\t\t\t\t\t\t\t\t\t\t\t\t\t<\/div>\r\n\t\t\t\t\t\t\t\t\t\t\t\t\t\t\t\t\t\t\t\t\r\n\t\t\t\t\t\t\t\t\t\t\t\t\t\t\t\t\t\t\t\t\r\n\t\t\t\t\t\t\t\t\t\t\t\t\t\t\t\t\t\t<div class=\"porttitle_inner\">\r\n\t\t\t\t\t\t\t\t\t\t<h3><a href=\"https:\/\/solucione.com.mx\/corporativo\/em_portfolios\/loma-dorada\/\">Loma Dorada<\/a><\/h3>\r\n\t\t\t\t\t\t\t\t\t\t\t\t\t\t\t\t\t\t\t\t<p>\r\n\t\t\t\t\t\t\t\t\t\t\t\t\t\t\t\t\t\t\t\t\t\t\t<span class=\"category-item-p\">\r\n\t\t\t\t\t\t\t\t\t\t\t\t   GPON\t\t\t\t\t\t\t\t\t\t\t\t<\/span>\t\t\t\t\t\t\t\t\t\t\t\t\t\t\t\t\t\t\t\r\n\t\t\t\t\t\t\t\t\t\t\t\t\t\t\t\t\t\t\t\t\t<\/p>\r\n\t\t\t\t\t\t\t\t\t<\/div>\r\n\t\t\t\t\t\t\t\t\t\t\t\t\t\t\t\t\t\t\t\t\t\t\t\t\t\t\t<\/div>\r\n\t\t\t\t\t\t\t\t<\/div>\t\t\r\n\t\t\t\t\t\t\t<\/div>\t\t\t\t\r\n\t\r\n\t\t\t\t\t\t\t\t\t\t\t\r\n\t\t\t\t\t\t\t\t\t\t\t\t\t\t\t\t\t\r\n\t\t\t\t\t\t\t<\/div>\r\n\t\t\t\t\t\t<\/div>\r\n\t\t\t\t\t\t\t\t\t\t\t<!-- single portfolio -->\r\n\t\t\t\t\t\t<div class=\" col-md-6 col-sm-12  col-lg-4 grid-item col-xs-12 col-sm-6 portfolio \" >\r\n\t\t\t\t\t<div class=\"single_protfolio  kc-elm kc-css-495541\">\r\n\t\t\t\t\t\t\t\t\t\t\t\t\r\n\t\t\t\t\t\t\t<div class=\"prot_thumb\">\r\n\t\t\t\t\t\t\t\t\r\n\t\t\t\t\t\t\t\t\t<img loading=\"lazy\" decoding=\"async\" width=\"768\" height=\"921\" src=\"https:\/\/solucione.com.mx\/corporativo\/wp-content\/uploads\/2020\/10\/WhatsApp-Image-2020-10-08-at-17.03.057-e1603297861143.jpeg\" class=\"attachment-post-thumbnail size-post-thumbnail wp-post-image\" alt=\"\" srcset=\"https:\/\/solucione.com.mx\/corporativo\/wp-content\/uploads\/2020\/10\/WhatsApp-Image-2020-10-08-at-17.03.057-e1603297861143.jpeg 768w, https:\/\/solucione.com.mx\/corporativo\/wp-content\/uploads\/2020\/10\/WhatsApp-Image-2020-10-08-at-17.03.057-e1603297861143-250x300.jpeg 250w\" sizes=\"auto, (max-width: 768px) 100vw, 768px\" \/>\t\t\t\t\t\t\t\t\r\n\t\t\t\t\t\t\t\t<div class=\"prot_content em_port_content \">\r\n\t\t\t\t\t\t\t\t\t<div class=\"prot_content_inner\">\r\n\r\n\t\t\t\t\t\t\t\t\t\r\n\t\t\t\t\t\t\t\t\t<div class=\"picon\">\r\n\t\t\t\t\t\t\t\t\t\t\t\t\t\t\t\t\t\t\r\n\t\t\t\t\t\t\t\t\t\t\t\t\t\t\t\t\r\n\t\t\t\t\t\t\t\t\t\t\r\n\t\t\t\t\t\t\t\t\t\t\r\n\t\t\t\t\t\t\t\t\t\t\r\n\t\t\t\t\t\t\t\t\t\t\t\t\t\t\t\t\t\t\t<\/div>\r\n\t\t\t\t\t\t\t\t\t\t\t\t\t\t\t\t\t\t\t\t\r\n\t\t\t\t\t\t\t\t\t\t\t\t\t\t\t\t\t\t\t\t\r\n\t\t\t\t\t\t\t\t\t\t\t\t\t\t\t\t\t\t<div class=\"porttitle_inner\">\r\n\t\t\t\t\t\t\t\t\t\t<h3><a href=\"https:\/\/solucione.com.mx\/corporativo\/em_portfolios\/sitio-coatepec\/\">Sitio Coatepec<\/a><\/h3>\r\n\t\t\t\t\t\t\t\t\t\t\t\t\t\t\t\t\t\t\t\t<p>\r\n\t\t\t\t\t\t\t\t\t\t\t\t\t\t\t\t\t\t\t\t\t\t\t<span class=\"category-item-p\">\r\n\t\t\t\t\t\t\t\t\t\t\t\t   MPR\t\t\t\t\t\t\t\t\t\t\t\t<\/span>\t\t\t\t\t\t\t\t\t\t\t\t\t\t\t\t\t\t\t\r\n\t\t\t\t\t\t\t\t\t\t\t\t\t\t\t\t\t\t\t\t\t<\/p>\r\n\t\t\t\t\t\t\t\t\t<\/div>\r\n\t\t\t\t\t\t\t\t\t\t\t\t\t\t\t\t\t\t\t\t\t\t\t\t\t\t\t<\/div>\r\n\t\t\t\t\t\t\t\t<\/div>\t\t\r\n\t\t\t\t\t\t\t<\/div>\t\t\t\t\r\n\t\r\n\t\t\t\t\t\t\t\t\t\t\t\r\n\t\t\t\t\t\t\t\t\t\t\t\t\t\t\t\t\t\r\n\t\t\t\t\t\t\t<\/div>\r\n\t\t\t\t\t\t<\/div>\r\n\t\t\t\t\t\t\t\t\t\t\t<!-- single portfolio -->\r\n\t\t\t\t\t\t<div class=\" col-md-6 col-sm-12  col-lg-4 grid-item col-xs-12 col-sm-6 portfolio \" >\r\n\t\t\t\t\t<div class=\"single_protfolio  kc-elm kc-css-495541\">\r\n\t\t\t\t\t\t\t\t\t\t\t\t\r\n\t\t\t\t\t\t\t<div class=\"prot_thumb\">\r\n\t\t\t\t\t\t\t\t\r\n\t\t\t\t\t\t\t\t\t<img loading=\"lazy\" decoding=\"async\" width=\"768\" height=\"921\" src=\"https:\/\/solucione.com.mx\/corporativo\/wp-content\/uploads\/2020\/10\/WhatsApp-Image-2020-10-08-at-17.03.051-e1603298092751.jpeg\" class=\"attachment-post-thumbnail size-post-thumbnail wp-post-image\" alt=\"\" srcset=\"https:\/\/solucione.com.mx\/corporativo\/wp-content\/uploads\/2020\/10\/WhatsApp-Image-2020-10-08-at-17.03.051-e1603298092751.jpeg 768w, https:\/\/solucione.com.mx\/corporativo\/wp-content\/uploads\/2020\/10\/WhatsApp-Image-2020-10-08-at-17.03.051-e1603298092751-250x300.jpeg 250w\" sizes=\"auto, (max-width: 768px) 100vw, 768px\" \/>\t\t\t\t\t\t\t\t\r\n\t\t\t\t\t\t\t\t<div class=\"prot_content em_port_content \">\r\n\t\t\t\t\t\t\t\t\t<div class=\"prot_content_inner\">\r\n\r\n\t\t\t\t\t\t\t\t\t\r\n\t\t\t\t\t\t\t\t\t<div class=\"picon\">\r\n\t\t\t\t\t\t\t\t\t\t\t\t\t\t\t\t\t\t\r\n\t\t\t\t\t\t\t\t\t\t\t\t\t\t\t\t\r\n\t\t\t\t\t\t\t\t\t\t\r\n\t\t\t\t\t\t\t\t\t\t\r\n\t\t\t\t\t\t\t\t\t\t\r\n\t\t\t\t\t\t\t\t\t\t\t\t\t\t\t\t\t\t\t<\/div>\r\n\t\t\t\t\t\t\t\t\t\t\t\t\t\t\t\t\t\t\t\t\r\n\t\t\t\t\t\t\t\t\t\t\t\t\t\t\t\t\t\t\t\t\r\n\t\t\t\t\t\t\t\t\t\t\t\t\t\t\t\t\t\t<div class=\"porttitle_inner\">\r\n\t\t\t\t\t\t\t\t\t\t<h3><a href=\"https:\/\/solucione.com.mx\/corporativo\/em_portfolios\/sitio-cutzamala\/\">Sitio Cutzamala<\/a><\/h3>\r\n\t\t\t\t\t\t\t\t\t\t\t\t\t\t\t\t\t\t\t\t<p>\r\n\t\t\t\t\t\t\t\t\t\t\t\t\t\t\t\t\t\t\t\t\t\t\t<span class=\"category-item-p\">\r\n\t\t\t\t\t\t\t\t\t\t\t\t   MPR\t\t\t\t\t\t\t\t\t\t\t\t<\/span>\t\t\t\t\t\t\t\t\t\t\t\t\t\t\t\t\t\t\t\r\n\t\t\t\t\t\t\t\t\t\t\t\t\t\t\t\t\t\t\t\t\t<\/p>\r\n\t\t\t\t\t\t\t\t\t<\/div>\r\n\t\t\t\t\t\t\t\t\t\t\t\t\t\t\t\t\t\t\t\t\t\t\t\t\t\t\t<\/div>\r\n\t\t\t\t\t\t\t\t<\/div>\t\t\r\n\t\t\t\t\t\t\t<\/div>\t\t\t\t\r\n\t\r\n\t\t\t\t\t\t\t\t\t\t\t\r\n\t\t\t\t\t\t\t\t\t\t\t\t\t\t\t\t\t\r\n\t\t\t\t\t\t\t<\/div>\r\n\t\t\t\t\t\t<\/div>\r\n\t\t\t\t\t\t\t\t\t\t\t<!-- single portfolio -->\r\n\t\t\t\t\t\t<div class=\" col-md-6 col-sm-12  col-lg-4 grid-item col-xs-12 col-sm-6 portfolio \" >\r\n\t\t\t\t\t<div class=\"single_protfolio  kc-elm kc-css-495541\">\r\n\t\t\t\t\t\t\t\t\t\t\t\t\r\n\t\t\t\t\t\t\t<div class=\"prot_thumb\">\r\n\t\t\t\t\t\t\t\t\r\n\t\t\t\t\t\t\t\t\t<img loading=\"lazy\" decoding=\"async\" width=\"687\" height=\"832\" src=\"https:\/\/solucione.com.mx\/corporativo\/wp-content\/uploads\/2020\/10\/WhatsApp-Image-2020-10-08-at-17.03.05-e1603298150632.jpeg\" class=\"attachment-post-thumbnail size-post-thumbnail wp-post-image\" alt=\"\" srcset=\"https:\/\/solucione.com.mx\/corporativo\/wp-content\/uploads\/2020\/10\/WhatsApp-Image-2020-10-08-at-17.03.05-e1603298150632.jpeg 687w, https:\/\/solucione.com.mx\/corporativo\/wp-content\/uploads\/2020\/10\/WhatsApp-Image-2020-10-08-at-17.03.05-e1603298150632-248x300.jpeg 248w\" sizes=\"auto, (max-width: 687px) 100vw, 687px\" \/>\t\t\t\t\t\t\t\t\r\n\t\t\t\t\t\t\t\t<div class=\"prot_content em_port_content \">\r\n\t\t\t\t\t\t\t\t\t<div class=\"prot_content_inner\">\r\n\r\n\t\t\t\t\t\t\t\t\t\r\n\t\t\t\t\t\t\t\t\t<div class=\"picon\">\r\n\t\t\t\t\t\t\t\t\t\t\t\t\t\t\t\t\t\t\r\n\t\t\t\t\t\t\t\t\t\t\t\t\t\t\t\t\r\n\t\t\t\t\t\t\t\t\t\t\r\n\t\t\t\t\t\t\t\t\t\t\r\n\t\t\t\t\t\t\t\t\t\t\r\n\t\t\t\t\t\t\t\t\t\t\t\t\t\t\t\t\t\t\t<\/div>\r\n\t\t\t\t\t\t\t\t\t\t\t\t\t\t\t\t\t\t\t\t\r\n\t\t\t\t\t\t\t\t\t\t\t\t\t\t\t\t\t\t\t\t\r\n\t\t\t\t\t\t\t\t\t\t\t\t\t\t\t\t\t\t<div class=\"porttitle_inner\">\r\n\t\t\t\t\t\t\t\t\t\t<h3><a href=\"https:\/\/solucione.com.mx\/corporativo\/em_portfolios\/sitio-tamacuaro\/\">Sitio Tamacuaro<\/a><\/h3>\r\n\t\t\t\t\t\t\t\t\t\t\t\t\t\t\t\t\t\t\t\t<p>\r\n\t\t\t\t\t\t\t\t\t\t\t\t\t\t\t\t\t\t\t\t\t\t\t<span class=\"category-item-p\">\r\n\t\t\t\t\t\t\t\t\t\t\t\t   MPR\t\t\t\t\t\t\t\t\t\t\t\t<\/span>\t\t\t\t\t\t\t\t\t\t\t\t\t\t\t\t\t\t\t\r\n\t\t\t\t\t\t\t\t\t\t\t\t\t\t\t\t\t\t\t\t\t<\/p>\r\n\t\t\t\t\t\t\t\t\t<\/div>\r\n\t\t\t\t\t\t\t\t\t\t\t\t\t\t\t\t\t\t\t\t\t\t\t\t\t\t\t<\/div>\r\n\t\t\t\t\t\t\t\t<\/div>\t\t\r\n\t\t\t\t\t\t\t<\/div>\t\t\t\t\r\n\t\r\n\t\t\t\t\t\t\t\t\t\t\t\r\n\t\t\t\t\t\t\t\t\t\t\t\t\t\t\t\t\t\r\n\t\t\t\t\t\t\t<\/div>\r\n\t\t\t\t\t\t<\/div>\r\n\t\t\t\t\t\t\t\t\t\t\t<!-- single portfolio -->\r\n\t\t\t\t\t\t<div class=\" col-md-6 col-sm-12  col-lg-4 grid-item col-xs-12 col-sm-6 branding \" >\r\n\t\t\t\t\t<div class=\"single_protfolio  kc-elm kc-css-495541\">\r\n\t\t\t\t\t\t\t\t\t\t\t\t\r\n\t\t\t\t\t\t\t<div class=\"prot_thumb\">\r\n\t\t\t\t\t\t\t\t\r\n\t\t\t\t\t\t\t\t\t<img loading=\"lazy\" decoding=\"async\" width=\"1024\" height=\"673\" src=\"https:\/\/solucione.com.mx\/corporativo\/wp-content\/uploads\/2020\/10\/wdm-2-e1603298327787.jpeg\" class=\"attachment-post-thumbnail size-post-thumbnail wp-post-image\" alt=\"\" srcset=\"https:\/\/solucione.com.mx\/corporativo\/wp-content\/uploads\/2020\/10\/wdm-2-e1603298327787.jpeg 1024w, https:\/\/solucione.com.mx\/corporativo\/wp-content\/uploads\/2020\/10\/wdm-2-e1603298327787-300x197.jpeg 300w, https:\/\/solucione.com.mx\/corporativo\/wp-content\/uploads\/2020\/10\/wdm-2-e1603298327787-768x505.jpeg 768w\" sizes=\"auto, (max-width: 1024px) 100vw, 1024px\" \/>\t\t\t\t\t\t\t\t\r\n\t\t\t\t\t\t\t\t<div class=\"prot_content em_port_content \">\r\n\t\t\t\t\t\t\t\t\t<div class=\"prot_content_inner\">\r\n\r\n\t\t\t\t\t\t\t\t\t\r\n\t\t\t\t\t\t\t\t\t<div class=\"picon\">\r\n\t\t\t\t\t\t\t\t\t\t\t\t\t\t\t\t\t\t\r\n\t\t\t\t\t\t\t\t\t\t\t\t\t\t\t\t\r\n\t\t\t\t\t\t\t\t\t\t\r\n\t\t\t\t\t\t\t\t\t\t\r\n\t\t\t\t\t\t\t\t\t\t\r\n\t\t\t\t\t\t\t\t\t\t\t\t\t\t\t\t\t\t\t<\/div>\r\n\t\t\t\t\t\t\t\t\t\t\t\t\t\t\t\t\t\t\t\t\r\n\t\t\t\t\t\t\t\t\t\t\t\t\t\t\t\t\t\t\t\t\r\n\t\t\t\t\t\t\t\t\t\t\t\t\t\t\t\t\t\t<div class=\"porttitle_inner\">\r\n\t\t\t\t\t\t\t\t\t\t<h3><a href=\"https:\/\/solucione.com.mx\/corporativo\/em_portfolios\/wavelength-division-multiplexing-3\/\">Wavelength Division Multiplexing<\/a><\/h3>\r\n\t\t\t\t\t\t\t\t\t\t\t\t\t\t\t\t\t\t\t\t<p>\r\n\t\t\t\t\t\t\t\t\t\t\t\t\t\t\t\t\t\t\t\t\t\t\t<span class=\"category-item-p\">\r\n\t\t\t\t\t\t\t\t\t\t\t\t   WDM\t\t\t\t\t\t\t\t\t\t\t\t<\/span>\t\t\t\t\t\t\t\t\t\t\t\t\t\t\t\t\t\t\t\r\n\t\t\t\t\t\t\t\t\t\t\t\t\t\t\t\t\t\t\t\t\t<\/p>\r\n\t\t\t\t\t\t\t\t\t<\/div>\r\n\t\t\t\t\t\t\t\t\t\t\t\t\t\t\t\t\t\t\t\t\t\t\t\t\t\t\t<\/div>\r\n\t\t\t\t\t\t\t\t<\/div>\t\t\r\n\t\t\t\t\t\t\t<\/div>\t\t\t\t\r\n\t\r\n\t\t\t\t\t\t\t\t\t\t\t\r\n\t\t\t\t\t\t\t\t\t\t\t\t\t\t\t\t\t\r\n\t\t\t\t\t\t\t<\/div>\r\n\t\t\t\t\t\t<\/div>\r\n\t\t\t\t\t\t\t\t\t\t\t<!-- single portfolio -->\r\n\t\t\t\t\t\t<div class=\" col-md-6 col-sm-12  col-lg-4 grid-item col-xs-12 col-sm-6 branding \" >\r\n\t\t\t\t\t<div class=\"single_protfolio  kc-elm kc-css-495541\">\r\n\t\t\t\t\t\t\t\t\t\t\t\t\r\n\t\t\t\t\t\t\t<div class=\"prot_thumb\">\r\n\t\t\t\t\t\t\t\t\r\n\t\t\t\t\t\t\t\t\t<img loading=\"lazy\" decoding=\"async\" width=\"1024\" height=\"670\" src=\"https:\/\/solucione.com.mx\/corporativo\/wp-content\/uploads\/2020\/10\/wdm-1-e1603298388479.jpeg\" class=\"attachment-post-thumbnail size-post-thumbnail wp-post-image\" alt=\"\" srcset=\"https:\/\/solucione.com.mx\/corporativo\/wp-content\/uploads\/2020\/10\/wdm-1-e1603298388479.jpeg 1024w, https:\/\/solucione.com.mx\/corporativo\/wp-content\/uploads\/2020\/10\/wdm-1-e1603298388479-300x196.jpeg 300w, https:\/\/solucione.com.mx\/corporativo\/wp-content\/uploads\/2020\/10\/wdm-1-e1603298388479-768x503.jpeg 768w\" sizes=\"auto, (max-width: 1024px) 100vw, 1024px\" \/>\t\t\t\t\t\t\t\t\r\n\t\t\t\t\t\t\t\t<div class=\"prot_content em_port_content \">\r\n\t\t\t\t\t\t\t\t\t<div class=\"prot_content_inner\">\r\n\r\n\t\t\t\t\t\t\t\t\t\r\n\t\t\t\t\t\t\t\t\t<div class=\"picon\">\r\n\t\t\t\t\t\t\t\t\t\t\t\t\t\t\t\t\t\t\r\n\t\t\t\t\t\t\t\t\t\t\t\t\t\t\t\t\r\n\t\t\t\t\t\t\t\t\t\t\r\n\t\t\t\t\t\t\t\t\t\t\r\n\t\t\t\t\t\t\t\t\t\t\r\n\t\t\t\t\t\t\t\t\t\t\t\t\t\t\t\t\t\t\t<\/div>\r\n\t\t\t\t\t\t\t\t\t\t\t\t\t\t\t\t\t\t\t\t\r\n\t\t\t\t\t\t\t\t\t\t\t\t\t\t\t\t\t\t\t\t\r\n\t\t\t\t\t\t\t\t\t\t\t\t\t\t\t\t\t\t<div class=\"porttitle_inner\">\r\n\t\t\t\t\t\t\t\t\t\t<h3><a href=\"https:\/\/solucione.com.mx\/corporativo\/em_portfolios\/wavelength-division-multiplexing-2\/\">Wavelength Division Multiplexing<\/a><\/h3>\r\n\t\t\t\t\t\t\t\t\t\t\t\t\t\t\t\t\t\t\t\t<p>\r\n\t\t\t\t\t\t\t\t\t\t\t\t\t\t\t\t\t\t\t\t\t\t\t<span class=\"category-item-p\">\r\n\t\t\t\t\t\t\t\t\t\t\t\t   WDM\t\t\t\t\t\t\t\t\t\t\t\t<\/span>\t\t\t\t\t\t\t\t\t\t\t\t\t\t\t\t\t\t\t\r\n\t\t\t\t\t\t\t\t\t\t\t\t\t\t\t\t\t\t\t\t\t<\/p>\r\n\t\t\t\t\t\t\t\t\t<\/div>\r\n\t\t\t\t\t\t\t\t\t\t\t\t\t\t\t\t\t\t\t\t\t\t\t\t\t\t\t<\/div>\r\n\t\t\t\t\t\t\t\t<\/div>\t\t\r\n\t\t\t\t\t\t\t<\/div>\t\t\t\t\r\n\t\r\n\t\t\t\t\t\t\t\t\t\t\t\r\n\t\t\t\t\t\t\t\t\t\t\t\t\t\t\t\t\t\r\n\t\t\t\t\t\t\t<\/div>\r\n\t\t\t\t\t\t<\/div>\r\n\t\t\t\t\t\t\t\t\t\t\t<!-- single portfolio -->\r\n\t\t\t\t\t\t<div class=\" col-md-6 col-sm-12  col-lg-4 grid-item col-xs-12 col-sm-6 branding \" >\r\n\t\t\t\t\t<div class=\"single_protfolio  kc-elm kc-css-495541\">\r\n\t\t\t\t\t\t\t\t\t\t\t\t\r\n\t\t\t\t\t\t\t<div class=\"prot_thumb\">\r\n\t\t\t\t\t\t\t\t\r\n\t\t\t\t\t\t\t\t\t<img loading=\"lazy\" decoding=\"async\" width=\"1280\" height=\"851\" src=\"https:\/\/solucione.com.mx\/corporativo\/wp-content\/uploads\/2020\/03\/WDM-ISAM-1-e1603298228946.jpeg\" class=\"attachment-post-thumbnail size-post-thumbnail wp-post-image\" alt=\"\" srcset=\"https:\/\/solucione.com.mx\/corporativo\/wp-content\/uploads\/2020\/03\/WDM-ISAM-1-e1603298228946.jpeg 1280w, https:\/\/solucione.com.mx\/corporativo\/wp-content\/uploads\/2020\/03\/WDM-ISAM-1-e1603298228946-300x199.jpeg 300w, https:\/\/solucione.com.mx\/corporativo\/wp-content\/uploads\/2020\/03\/WDM-ISAM-1-e1603298228946-1024x681.jpeg 1024w, https:\/\/solucione.com.mx\/corporativo\/wp-content\/uploads\/2020\/03\/WDM-ISAM-1-e1603298228946-768x511.jpeg 768w\" sizes=\"auto, (max-width: 1280px) 100vw, 1280px\" \/>\t\t\t\t\t\t\t\t\r\n\t\t\t\t\t\t\t\t<div class=\"prot_content em_port_content \">\r\n\t\t\t\t\t\t\t\t\t<div class=\"prot_content_inner\">\r\n\r\n\t\t\t\t\t\t\t\t\t\r\n\t\t\t\t\t\t\t\t\t<div class=\"picon\">\r\n\t\t\t\t\t\t\t\t\t\t\t\t\t\t\t\t\t\t\r\n\t\t\t\t\t\t\t\t\t\t\t\t\t\t\t\t\r\n\t\t\t\t\t\t\t\t\t\t\r\n\t\t\t\t\t\t\t\t\t\t\r\n\t\t\t\t\t\t\t\t\t\t\r\n\t\t\t\t\t\t\t\t\t\t\t\t\t\t\t\t\t\t\t<\/div>\r\n\t\t\t\t\t\t\t\t\t\t\t\t\t\t\t\t\t\t\t\t\r\n\t\t\t\t\t\t\t\t\t\t\t\t\t\t\t\t\t\t\t\t\r\n\t\t\t\t\t\t\t\t\t\t\t\t\t\t\t\t\t\t<div class=\"porttitle_inner\">\r\n\t\t\t\t\t\t\t\t\t\t<h3><a href=\"https:\/\/solucione.com.mx\/corporativo\/em_portfolios\/wdm\/\">Wavelength Division Multiplexing<\/a><\/h3>\r\n\t\t\t\t\t\t\t\t\t\t\t\t\t\t\t\t\t\t\t\t<p>\r\n\t\t\t\t\t\t\t\t\t\t\t\t\t\t\t\t\t\t\t\t\t\t\t<span class=\"category-item-p\">\r\n\t\t\t\t\t\t\t\t\t\t\t\t   WDM\t\t\t\t\t\t\t\t\t\t\t\t<\/span>\t\t\t\t\t\t\t\t\t\t\t\t\t\t\t\t\t\t\t\r\n\t\t\t\t\t\t\t\t\t\t\t\t\t\t\t\t\t\t\t\t\t<\/p>\r\n\t\t\t\t\t\t\t\t\t<\/div>\r\n\t\t\t\t\t\t\t\t\t\t\t\t\t\t\t\t\t\t\t\t\t\t\t\t\t\t\t<\/div>\r\n\t\t\t\t\t\t\t\t<\/div>\t\t\r\n\t\t\t\t\t\t\t<\/div>\t\t\t\t\r\n\t\r\n\t\t\t\t\t\t\t\t\t\t\t\r\n\t\t\t\t\t\t\t\t\t\t\t\t\t\t\t\t\t\r\n\t\t\t\t\t\t\t<\/div>\r\n\t\t\t\t\t\t<\/div>\r\n\t\t\t\t\t\t\r\n\t\t\t\t\t\t\t\t\t<\/div>\r\n\t\t\t<\/div>\t\t\t\t\t\r\n\t\t\t\t\t\t\r\n\t\t<\/div><\/div><\/div><\/div><\/section><\/p>\n","protected":false},"excerpt":{"rendered":"","protected":false},"author":1,"featured_media":0,"parent":0,"menu_order":0,"comment_status":"closed","ping_status":"closed","template":"","meta":{"footnotes":""},"class_list":["post-2070","page","type-page","status-publish","hentry"],"_links":{"self":[{"href":"https:\/\/solucione.com.mx\/corporativo\/wp-json\/wp\/v2\/pages\/2070","targetHints":{"allow":["GET"]}}],"collection":[{"href":"https:\/\/solucione.com.mx\/corporativo\/wp-json\/wp\/v2\/pages"}],"about":[{"href":"https:\/\/solucione.com.mx\/corporativo\/wp-json\/wp\/v2\/types\/page"}],"author":[{"embeddable":true,"href":"https:\/\/solucione.com.mx\/corporativo\/wp-json\/wp\/v2\/users\/1"}],"replies":[{"embeddable":true,"href":"https:\/\/solucione.com.mx\/corporativo\/wp-json\/wp\/v2\/comments?post=2070"}],"version-history":[{"count":7,"href":"https:\/\/solucione.com.mx\/corporativo\/wp-json\/wp\/v2\/pages\/2070\/revisions"}],"predecessor-version":[{"id":2867,"href":"https:\/\/solucione.com.mx\/corporativo\/wp-json\/wp\/v2\/pages\/2070\/revisions\/2867"}],"wp:attachment":[{"href":"https:\/\/solucione.com.mx\/corporativo\/wp-json\/wp\/v2\/media?parent=2070"}],"curies":[{"name":"wp","href":"https:\/\/api.w.org\/{rel}","templated":true}]}}