{"id":2106,"date":"2020-04-26T02:13:25","date_gmt":"2020-04-26T02:13:25","guid":{"rendered":"http:\/\/corporativo.solucione.com.mx\/?page_id=2106"},"modified":"2020-10-08T22:50:57","modified_gmt":"2020-10-08T22:50:57","slug":"mpr","status":"publish","type":"page","link":"https:\/\/solucione.com.mx\/corporativo\/mpr\/","title":{"rendered":"MPR"},"content":{"rendered":"<p><section class=\"kc-elm kc-css-252296 kc_row\"><div class=\"kc-row-container  kc-container\"><div class=\"kc-wrap-columns\"><div class=\"kc-elm kc-css-577600 kc_col-sm-6 kc_column kc_col-sm-6\"><div class=\"kc-col-container\">\n<div class=\"kc-elm kc-css-271516 kc-title-wrap \">\n\n\t<h1 class=\"kc_title\">Microwave Packet Radio (MPR)<\/h1>\n<\/div>\n<div class=\"kc-elm kc-css-987368\" style=\"height: 20px; clear: both; width:100%;\"><\/div><div class=\"kc-elm kc-css-988292 kc_text_block\"><\/p>\n<p>Microwave Packet Radio (MPR) con equipos Alcatel 9500, este\u00a0<span style=\"font-style: inherit;\">radio digital de microondas admite tecnolog\u00eda PDH y paquetes de datos (Ethernet) para migrar\u00a0<\/span><span style=\"font-style: inherit;\">de TDM a IP. El MPR 9500 proporciona una plataforma IP gen\u00e9rica y modular para m\u00faltiples\u00a0<\/span><span style=\"font-style: inherit;\">aplicaciones de red (incluyendo backhauling 2G \/ 3G \/ HSDPA \/ WiMAX a \u00e1reas Metro\u00a0<\/span><span style=\"font-style: inherit;\">Ethernet) para acomodar servicios de banda ancha. La familia de radio 9500 MPR admite\u00a0<\/span><span style=\"font-style: inherit;\">aplicaciones de baja, media y alta capacidad que utilizan velocidades de datos, frecuencias,\u00a0<\/span><span style=\"font-style: inherit;\">planes de canales e interfaces tributarias.<\/span><\/p>\n<p>\n<\/div><div class=\"kc-elm kc-css-877030 kc-animated kc-animate-eff-zoomIn kc_shortcode kc_single_image\">\n\n        <img decoding=\"async\" src=\"https:\/\/solucione.com.mx\/corporativo\/wp-content\/uploads\/2020\/04\/torree.jpg\" class=\"\" alt=\"\" \/>    <\/div>\n<\/div><\/div><div class=\"kc-elm kc-css-763133 kc_col-sm-6 kc_column kc_col-sm-6\"><div class=\"kc-col-container\"><div class=\"kc-elm kc-css-249871 kc-animated kc-animate-eff-zoomIn kc_shortcode kc_single_image\">\n\n        <img decoding=\"async\" src=\"https:\/\/solucione.com.mx\/corporativo\/wp-content\/uploads\/2020\/10\/bahuichivo-e1602197618986.jpeg\" class=\"\" alt=\"\" \/>    <\/div>\n<div class=\"kc-elm kc-css-609116\" style=\"height: 20px; clear: both; width:100%;\"><\/div><div data-closeall=\"true\" class=\"kc-elm kc-css-907530 kc_accordion_wrapper\">\n<div class=\"kc-elm kc-css-722419 kc_accordion_section group \"><h3 class=\"kc_accordion_header ui-accordion-header\"><span class=\"ui-accordion-header-icon ui-icon\"><\/span><a href=\"#nuestro-alcance\" data-prevent=\"scroll\"><i class=\"\"><\/i> Nuestro alcance<\/a><\/h3><div class=\"kc_accordion_content ui-accordion-content kc_clearfix\"><div class=\"kc-panel-body\"><div class=\"kc-elm kc-css-868265 kc_text_block\"><\/p>\n<p class=\"MsoNormal\" style=\"text-align:justify\"><span lang=\"ES\">Hemos instalado aproximadamente 100 enlaces en las regiones R1, R2, R3, R4, R5 Y R8.<\/span><\/p>\n<p>\n<\/div><\/div><\/div><\/div><\/div>\n<div data-closeall=\"true\" class=\"kc-elm kc-css-8074 kc_accordion_wrapper\">\n<div class=\"kc-elm kc-css-449757 kc_accordion_section group \"><h3 class=\"kc_accordion_header ui-accordion-header\"><span class=\"ui-accordion-header-icon ui-icon\"><\/span><a href=\"#como-funciona\" data-prevent=\"scroll\"><i class=\"\"><\/i> \u00bfC\u00f3mo funciona?<\/a><\/h3><div class=\"kc_accordion_content ui-accordion-content kc_clearfix\"><div class=\"kc-panel-body\"><div class=\"kc-elm kc-css-148394 kc_text_block\"><\/p>\n<p class=\"MsoNormal\" style=\"text-align: justify;\"><span lang=\"ES\">La familia de paquetes de radio de microondas (MPR) Nokia 9500 incluye una gama de Unidades de transporte de paquetes de microondas (MPT) para aplicaciones de corto recorrido. Las unidades MPT funcionan en las bandas de frecuencia est\u00e1ndar y est\u00e1n dise\u00f1adas para proporcionar backhaul confiable de alta capacidad para macro c\u00e9lulas inal\u00e1mbricas 3G, 4G y segmentos de aplicaciones. Las unidades MPT-HC-HQAM est\u00e1n integradas en el Nokia5620 Service Aware Manager para una gesti\u00f3n com\u00fan con el resto de la cartera 9500 MPR, que permite operaciones consistentes en paquetes de extremo a extremo redes de microondas. Combinado con el interruptor de servicio de microondas 9500 MPR (MSS), el MPT establece el est\u00e1ndar para ofrecer una conexi\u00f3n inal\u00e1mbrica r\u00e1pida y enlaces eficientes de transmisi\u00f3n con redes flexibles y operaciones simples.<\/span><\/p>\n<p>\n<\/div><\/div><\/div><\/div><\/div>\n<\/div><\/div><\/div><\/div><\/section><section class=\"kc-elm kc-css-397200 kc_row\"><div class=\"kc-row-container  kc-container\"><div class=\"kc-wrap-columns\"><div class=\"kc-elm kc-css-100744 kc_col-sm-12 kc_column kc_col-sm-12\"><div class=\"kc-col-container\"><div class=\"kc-elm kc-css-165073\" style=\"height: 70px; clear: both; width:100%;\"><\/div><\/div><\/div><\/div><\/div><\/section><section class=\"kc-elm kc-css-963220 kc_row\"><div class=\"kc-row-container  kc-container\"><div class=\"kc-wrap-columns\"><div class=\"kc-elm kc-css-333657 kc_col-sm-4 kc_column kc_col-sm-4\"><div class=\"kc-col-container\">\n<div class=\"kc-elm kc-css-781800 kc-title-wrap \">\n\n\t<h3 class=\"kc_title\">Nuestra cobertura de instalaci\u00f3n de equipos MPR<\/h3>\n<\/div>\n<div class=\"kc-elm kc-css-730948\" style=\"height: 20px; clear: both; width:100%;\"><\/div><div class=\"kc-elm kc-css-25392 kc_text_block\"><\/p>\n<p>Hemos instalado m\u00e1s de 100 enlaces a lo largo del territorio mexicano.<\/p>\n<p>\n<\/div><div class=\"kc-elm kc-css-467684 kc_shortcode kc_single_image\">\n\n        <img decoding=\"async\" src=\"https:\/\/solucione.com.mx\/corporativo\/wp-content\/uploads\/2020\/04\/nokia-e1587071410396.png\" class=\"\" alt=\"\" \/>    <\/div>\n<\/div><\/div><div class=\"kc-elm kc-css-653208 kc_col-sm-8 kc_column kc_col-sm-8\"><div class=\"kc-col-container\"><div class=\"kc-elm kc-css-773517 kc_google_maps kc_shortcode\" data-wheel=\"disable\"><div style=\"height: 450px\" class=\"kc-google-maps\"><style>.embed-container {position: relative; padding-bottom: 80%; height: 0; max-width: 100%;} .embed-container iframe, .embed-container object, .embed-container iframe{position: absolute; top: 0; left: 0; width: 100%; height: 100%;} small{position: absolute; z-index: 40; bottom: 0; margin-bottom: -15px;}<\/style><div class=\"embed-container\"><small><a href=\"\/\/www.arcgis.com\/apps\/Embed\/index.html?webmap=7434d7757d2248f19338d53fc4f2b45a&extent=-129.1692,17.6531,-86.1028,36.9926&zoom=true&scale=true&disable_scroll=false&theme=light\" style=\"color:#0000FF;text-align:left\" target=\"_blank\">Ver mapa m\u00e1s grande<\/a><\/small><br><iframe loading=\"lazy\" width=\"100%\" height=\"450\" frameborder=\"0\" scrolling=\"no\" marginheight=\"450\" marginwidth=\"100%\" title=\"MapaMPR\" src=\"\/\/www.arcgis.com\/apps\/Embed\/index.html?webmap=7434d7757d2248f19338d53fc4f2b45a&extent=-129.1692,17.6531,-86.1028,36.9926&zoom=true&previewImage=false&scale=true&disable_scroll=false&theme=light\"><\/iframe><\/div><\/div><\/div><\/div><\/div><\/div><\/div><\/section><\/p>\n","protected":false},"excerpt":{"rendered":"","protected":false},"author":1,"featured_media":0,"parent":0,"menu_order":0,"comment_status":"closed","ping_status":"closed","template":"","meta":{"footnotes":""},"class_list":["post-2106","page","type-page","status-publish","hentry"],"_links":{"self":[{"href":"https:\/\/solucione.com.mx\/corporativo\/wp-json\/wp\/v2\/pages\/2106","targetHints":{"allow":["GET"]}}],"collection":[{"href":"https:\/\/solucione.com.mx\/corporativo\/wp-json\/wp\/v2\/pages"}],"about":[{"href":"https:\/\/solucione.com.mx\/corporativo\/wp-json\/wp\/v2\/types\/page"}],"author":[{"embeddable":true,"href":"https:\/\/solucione.com.mx\/corporativo\/wp-json\/wp\/v2\/users\/1"}],"replies":[{"embeddable":true,"href":"https:\/\/solucione.com.mx\/corporativo\/wp-json\/wp\/v2\/comments?post=2106"}],"version-history":[{"count":21,"href":"https:\/\/solucione.com.mx\/corporativo\/wp-json\/wp\/v2\/pages\/2106\/revisions"}],"predecessor-version":[{"id":2868,"href":"https:\/\/solucione.com.mx\/corporativo\/wp-json\/wp\/v2\/pages\/2106\/revisions\/2868"}],"wp:attachment":[{"href":"https:\/\/solucione.com.mx\/corporativo\/wp-json\/wp\/v2\/media?parent=2106"}],"curies":[{"name":"wp","href":"https:\/\/api.w.org\/{rel}","templated":true}]}}