{"id":2129,"date":"2020-04-27T15:50:40","date_gmt":"2020-04-27T15:50:40","guid":{"rendered":"http:\/\/corporativo.solucione.com.mx\/?page_id=2129"},"modified":"2020-10-08T23:08:07","modified_gmt":"2020-10-08T23:08:07","slug":"wdm","status":"publish","type":"page","link":"https:\/\/solucione.com.mx\/corporativo\/wdm\/","title":{"rendered":"WDM"},"content":{"rendered":"<p><section class=\"kc-elm kc-css-83721 kc_row\"><div class=\"kc-row-container  kc-container\"><div class=\"kc-wrap-columns\"><div class=\"kc-elm kc-css-807392 kc_col-sm-6 kc_column kc_col-sm-6\"><div class=\"kc-col-container\"><div class=\"kc-elm kc-css-593028 kc-animated kc-animate-eff-zoomIn kc_shortcode kc_single_image\">\n\n        <img decoding=\"async\" src=\"https:\/\/solucione.com.mx\/corporativo\/wp-content\/uploads\/2020\/10\/wdm-1-e1603298388479.jpeg\" class=\"\" alt=\"\" \/>    <\/div>\n<\/div><\/div><div class=\"kc-elm kc-css-132831 kc_col-sm-6 kc_column kc_col-sm-6\"><div class=\"kc-col-container\">\n<div class=\"kc-elm kc-css-883493 kc-title-wrap \">\n\n\t<h1 class=\"kc_title\">Wavelength Division Multiplexing<\/h1>\n<\/div>\n<div class=\"kc-elm kc-css-629409\" style=\"height: 20px; clear: both; width:100%;\"><\/div><div class=\"kc-elm kc-css-483810 kc_text_block\"><\/p>\n<p><span style=\"font-family: Arial, sans-serif;\"><span style=\"font-size: 14.6667px;\">Brinda a los operadores de redes \u00f3pticas la posibilidad de desarrollar redes escalables que pueden acelerar la entrega m\u00f3vil, v\u00eddeos, negocios, longitud de onda, ethernet, centros de datos de interconexi\u00f3n (DCI) y servicios en la nube.&nbsp;<\/span><\/span><\/p>\n<p>\n<\/div><div class=\"kc-elm kc-css-140787\" style=\"height: 10px; clear: both; width:100%;\"><\/div><div data-allowopenall=\"true\" data-closeall=\"true\" class=\"kc-elm kc-css-517253 kc_accordion_wrapper\">\n<div class=\"kc-elm kc-css-359954 kc_accordion_section group \"><h3 class=\"kc_accordion_header ui-accordion-header\"><span class=\"ui-accordion-header-icon ui-icon\"><\/span><a href=\"#equipos-que-instalamos\" data-prevent=\"scroll\"><i class=\"flaticon-chart\"><\/i> Equipos que instalamos<\/a><\/h3><div class=\"kc_accordion_content ui-accordion-content kc_clearfix\"><div class=\"kc-panel-body\"><div class=\"kc-elm kc-css-221837 kc_text_block\"><\/p>\n<p>En Grupo Alternativas Solucione instalamos y comisionamos dos&nbsp; de estos equipos, &nbsp;el &nbsp;DWDM 1830 PSS 32, equipado con &nbsp;una &nbsp;Tarjeta controladora PFDC50, filtros, transponder y el equipo 1830 PSS 36&nbsp; que se integra por una Tarjeta controladora PFC, ambos se caracterizan por utilizar como medio de trasporte la fibra \u00f3ptica que lo hace m\u00e1s eficaz,&nbsp; veloz y le da mayor alcance brindando simplicidad al momento de ser implementado en empresas.&nbsp;<\/p>\n<p>Por lo general, los equipos PSS 36 han sido m\u00e1s ampliamente utilizados &nbsp;ya que tienen mayor densidad de puertos comparado a los &nbsp;equipos PSS 32,&nbsp; que principalmente son utilizados como medio de trasporte para enlaces de corto alcance, usualmente el PSS 36 funge como maestro y el PSS 32 hace el rol de esclavo.<\/p>\n<p>\n<\/div><\/div><\/div><\/div><\/div>\n<\/div><\/div><\/div><\/div><\/section><section class=\"kc-elm kc-css-892776 kc_row\"><div class=\"kc-row-container  kc-container\"><div class=\"kc-wrap-columns\"><div class=\"kc-elm kc-css-149178 kc_col-sm-12 kc_column kc_col-sm-12\"><div class=\"kc-col-container\"><div data-allowopenall=\"true\" data-closeall=\"true\" class=\"kc-elm kc-css-298822 kc_accordion_wrapper\">\n<div class=\"kc-elm kc-css-390043 kc_accordion_section group \"><h3 class=\"kc_accordion_header ui-accordion-header\"><span class=\"ui-accordion-header-icon ui-icon\"><\/span><a href=\"#nuestra-cobertura\" data-prevent=\"scroll\"><i class=\"\"><\/i> Nuestra cobertura<\/a><\/h3><div class=\"kc_accordion_content ui-accordion-content kc_clearfix\"><div class=\"kc-panel-body\"><div class=\"kc-elm kc-css-265478 kc_text_block\"><\/p>\n<p class=\"MsoNormal\" style=\"text-align: justify;\"><span style=\"color: #000000; font-family: Arial, sans-serif;\">Hemos participado coordinando, supervisando, instalando y comisionando esta tecnolog\u00eda en los estados de Jalisco, M\u00e9xico, Quer\u00e9taro, Oaxaca, Chiapas, Coahuila, Veracruz, Puebla e Hidalgo.\u00a0<\/span><\/p>\n<p>\n<\/div><\/div><\/div><\/div><\/div>\n<div class=\"kc-elm kc-css-895555 kc_google_maps kc_shortcode\" data-wheel=\"disable\"><div style=\"height: 550px\" class=\"kc-google-maps\"><style>.embed-container {position: relative; padding-bottom: 80%; height: 0; max-width: 100%;} .embed-container iframe, .embed-container object, .embed-container iframe{position: absolute; top: 0; left: 0; width: 100%; height: 100%;} small{position: absolute; z-index: 40; bottom: 0; margin-bottom: -15px;}<\/style><div class=\"embed-container\"><iframe loading=\"lazy\" width=\"100%\" height=\"550\" frameborder=\"0\" scrolling=\"no\" marginheight=\"550\" marginwidth=\"100%\" title=\"MapaWDM\" src=\"\/\/www.arcgis.com\/apps\/Embed\/index.html?webmap=3b38b95adc1f4255b979bd570d56a2f7&extent=-108.157,12.6185,-86.6238,25.200&zoom=true&previewImage=false&scale=true&disable_scroll=true&theme=light\"><\/iframe><\/div><\/div><\/div><\/div><\/div><\/div><\/div><\/section><section class=\"kc-elm kc-css-674081 kc_row\"><div class=\"kc-row-container  kc-container\"><div class=\"kc-wrap-columns\"><div class=\"kc-elm kc-css-634969 kc_col-sm-12 kc_column kc_col-sm-12\"><div class=\"kc-col-container\"><div class=\"kc-elm kc-css-126188\" style=\"height: 20px; clear: both; width:100%;\"><\/div>\r\n\t\t\t<div class=\"clearfix kicuakta\">\r\n\t\t\t<div class=\"col-md-12\">\r\n\t\t\t\t<div class=\"portfolio_nav   kc-elm kc-css-388112\">\r\n\t\t\t\t\t<ul id=\"filter\" class=\"filter_menu \">\r\n\t\t\t\t\t\t<li class=\"current_menu_item\" data-filter=\"*\" >All Works<\/li>\r\n\t\t\t\t\t\t\t\t\t\t\t\t\t\t\t\r\n\t\t\t\t\t\t\t<li   data-filter=\".gpon\">GPON<\/li>\r\n\t\t\t\t\t\t\t\t\t\t\t\t\t\t\t\t\r\n\t\t\t\t\t\t\t<li   data-filter=\".portfolio\">MPR<\/li>\r\n\t\t\t\t\t\t\t\t\t\t\t\t\t\t\t\t\r\n\t\t\t\t\t\t\t<li   data-filter=\".branding\">WDM<\/li>\r\n\t\t\t\t\t\t\t\t\t\t\t<\/ul>\r\n\t\t\t\t<\/div>\r\n\r\n\t\t\t<\/div>\t\t\t\t\r\n\t\t<\/div>\t\t\r\n\t\t\t\t\t\t\r\n\t\t\t\r\n\t\t\t\r\n\t\t\t<div class=\" em_load pstyle_1 em_port_container\">\t\t\t\t\t\r\n\t\t\t\t<div class=\"prot_wrap\">\t\t\t\t\r\n\t\t\t\t\t\t\t\t\t\t\t<!-- single portfolio -->\r\n\t\t\t\t\t\t<div class=\" col-md-6 col-sm-12  col-lg-4 grid-item col-xs-12 col-sm-6 \" >\r\n\t\t\t\t\t<div class=\"single_protfolio  kc-elm kc-css-388112\">\r\n\t\t\t\t\t\t\t\t\t\t\t\t\r\n\t\t\t\t\t\t\t<div class=\"prot_thumb\">\r\n\t\t\t\t\t\t\t\t\r\n\t\t\t\t\t\t\t\t\t\t\t\t\t\t\t\t\t\r\n\t\t\t\t\t\t\t\t<div class=\"prot_content em_port_content \">\r\n\t\t\t\t\t\t\t\t\t<div class=\"prot_content_inner\">\r\n\r\n\t\t\t\t\t\t\t\t\t\r\n\t\t\t\t\t\t\t\t\t<div class=\"picon\">\r\n\t\t\t\t\t\t\t\t\t\t\t\t\t\t\t\t\t\t\r\n\t\t\t\t\t\t\t\t\t\t\t\t\t\t\t\t\r\n\t\t\t\t\t\t\t\t\t\t\t\t\t\t\t\t\t\t\t\r\n\t\t\t\t\t\t\t\t\t\t<a class=\"portfolio-icon venobox\" data-gall=\"myportfolio\" href=\"\"><i class=\"fa fa-photo\"><\/i><\/a>\r\n\t\t\t\t\t\t\t\t\t\t\r\n\t\t\t\t\t\t\t\t\t\t\t\r\n\t\t\t\t\t\t\t\t\t\t<a href=\"https:\/\/solucione.com.mx\/corporativo\/em_portfolios\/catastro-y-predial\/\"><i class=\"fa fa-link\"><\/i><\/a>\t\r\n\t\t\t\t\t\t\t\t\t\t\r\n\t\t\t\t\t\t\t\t\t\t\r\n\t\t\t\t\t\t\t\t\t\t\t\t\t\t\t\t\t\t\t<\/div>\r\n\t\t\t\t\t\t\t\t\t\t\t\t\t\t\t\t\t\t\t\t\r\n\t\t\t\t\t\t\t\t\t\t\t\t\t\t\t\t\t\t\t\t\r\n\t\t\t\t\t\t\t\t\t\t\t\t\t\t\t\t\t\t<div class=\"porttitle_inner\">\r\n\t\t\t\t\t\t\t\t\t\t<h3><a href=\"https:\/\/solucione.com.mx\/corporativo\/em_portfolios\/catastro-y-predial\/\">Catastro y Predial<\/a><\/h3>\r\n\t\t\t\t\t\t\t\t\t\t\t\t\t\t\t\t\t\t\t\t<p>\r\n\t\t\t\t\t\t\t\t\t\t\t\t\t\t\t\t\t\t\t\t\t<\/p>\r\n\t\t\t\t\t\t\t\t\t<\/div>\r\n\t\t\t\t\t\t\t\t\t\t\t\t\t\t\t\t\t\t\t\t\t\t\t\t\t\t\t<\/div>\r\n\t\t\t\t\t\t\t\t<\/div>\t\t\r\n\t\t\t\t\t\t\t<\/div>\t\t\t\t\r\n\t\r\n\t\t\t\t\t\t\t\t\t\t\t\r\n\t\t\t\t\t\t\t\t\t\t\t\t\t\t\t\t\t\r\n\t\t\t\t\t\t\t<\/div>\r\n\t\t\t\t\t\t<\/div>\r\n\t\t\t\t\t\t\t\t\t\t\t<!-- single portfolio -->\r\n\t\t\t\t\t\t<div class=\" col-md-6 col-sm-12  col-lg-4 grid-item col-xs-12 col-sm-6 gpon \" >\r\n\t\t\t\t\t<div class=\"single_protfolio  kc-elm kc-css-388112\">\r\n\t\t\t\t\t\t\t\t\t\t\t\t\r\n\t\t\t\t\t\t\t<div class=\"prot_thumb\">\r\n\t\t\t\t\t\t\t\t\r\n\t\t\t\t\t\t\t\t\t<img loading=\"lazy\" decoding=\"async\" width=\"1280\" height=\"841\" src=\"https:\/\/solucione.com.mx\/corporativo\/wp-content\/uploads\/2020\/10\/WhatsApp-Image-2020-10-16-at-15.44.57-e1603297825269.jpeg\" class=\"attachment-post-thumbnail size-post-thumbnail wp-post-image\" alt=\"\" srcset=\"https:\/\/solucione.com.mx\/corporativo\/wp-content\/uploads\/2020\/10\/WhatsApp-Image-2020-10-16-at-15.44.57-e1603297825269.jpeg 1280w, https:\/\/solucione.com.mx\/corporativo\/wp-content\/uploads\/2020\/10\/WhatsApp-Image-2020-10-16-at-15.44.57-e1603297825269-300x197.jpeg 300w, https:\/\/solucione.com.mx\/corporativo\/wp-content\/uploads\/2020\/10\/WhatsApp-Image-2020-10-16-at-15.44.57-e1603297825269-1024x673.jpeg 1024w, https:\/\/solucione.com.mx\/corporativo\/wp-content\/uploads\/2020\/10\/WhatsApp-Image-2020-10-16-at-15.44.57-e1603297825269-768x505.jpeg 768w\" sizes=\"auto, (max-width: 1280px) 100vw, 1280px\" \/>\t\t\t\t\t\t\t\t\r\n\t\t\t\t\t\t\t\t<div class=\"prot_content em_port_content \">\r\n\t\t\t\t\t\t\t\t\t<div class=\"prot_content_inner\">\r\n\r\n\t\t\t\t\t\t\t\t\t\r\n\t\t\t\t\t\t\t\t\t<div class=\"picon\">\r\n\t\t\t\t\t\t\t\t\t\t\t\t\t\t\t\t\t\t\r\n\t\t\t\t\t\t\t\t\t\t\t\t\t\t\t\t\r\n\t\t\t\t\t\t\t\t\t\t\r\n\t\t\t\t\t\t\t\t\t\t\r\n\t\t\t\t\t\t\t\t\t\t\r\n\t\t\t\t\t\t\t\t\t\t\t\t\t\t\t\t\t\t\t<\/div>\r\n\t\t\t\t\t\t\t\t\t\t\t\t\t\t\t\t\t\t\t\t\r\n\t\t\t\t\t\t\t\t\t\t\t\t\t\t\t\t\t\t\t\t\r\n\t\t\t\t\t\t\t\t\t\t\t\t\t\t\t\t\t\t<div class=\"porttitle_inner\">\r\n\t\t\t\t\t\t\t\t\t\t<h3><a href=\"https:\/\/solucione.com.mx\/corporativo\/em_portfolios\/loma-dorada\/\">Loma Dorada<\/a><\/h3>\r\n\t\t\t\t\t\t\t\t\t\t\t\t\t\t\t\t\t\t\t\t<p>\r\n\t\t\t\t\t\t\t\t\t\t\t\t\t\t\t\t\t\t\t\t\t\t\t<span class=\"category-item-p\">\r\n\t\t\t\t\t\t\t\t\t\t\t\t   GPON\t\t\t\t\t\t\t\t\t\t\t\t<\/span>\t\t\t\t\t\t\t\t\t\t\t\t\t\t\t\t\t\t\t\r\n\t\t\t\t\t\t\t\t\t\t\t\t\t\t\t\t\t\t\t\t\t<\/p>\r\n\t\t\t\t\t\t\t\t\t<\/div>\r\n\t\t\t\t\t\t\t\t\t\t\t\t\t\t\t\t\t\t\t\t\t\t\t\t\t\t\t<\/div>\r\n\t\t\t\t\t\t\t\t<\/div>\t\t\r\n\t\t\t\t\t\t\t<\/div>\t\t\t\t\r\n\t\r\n\t\t\t\t\t\t\t\t\t\t\t\r\n\t\t\t\t\t\t\t\t\t\t\t\t\t\t\t\t\t\r\n\t\t\t\t\t\t\t<\/div>\r\n\t\t\t\t\t\t<\/div>\r\n\t\t\t\t\t\t\t\t\t\t\t<!-- single portfolio -->\r\n\t\t\t\t\t\t<div class=\" col-md-6 col-sm-12  col-lg-4 grid-item col-xs-12 col-sm-6 portfolio \" >\r\n\t\t\t\t\t<div class=\"single_protfolio  kc-elm kc-css-388112\">\r\n\t\t\t\t\t\t\t\t\t\t\t\t\r\n\t\t\t\t\t\t\t<div class=\"prot_thumb\">\r\n\t\t\t\t\t\t\t\t\r\n\t\t\t\t\t\t\t\t\t<img loading=\"lazy\" decoding=\"async\" width=\"768\" height=\"921\" src=\"https:\/\/solucione.com.mx\/corporativo\/wp-content\/uploads\/2020\/10\/WhatsApp-Image-2020-10-08-at-17.03.057-e1603297861143.jpeg\" class=\"attachment-post-thumbnail size-post-thumbnail wp-post-image\" alt=\"\" srcset=\"https:\/\/solucione.com.mx\/corporativo\/wp-content\/uploads\/2020\/10\/WhatsApp-Image-2020-10-08-at-17.03.057-e1603297861143.jpeg 768w, https:\/\/solucione.com.mx\/corporativo\/wp-content\/uploads\/2020\/10\/WhatsApp-Image-2020-10-08-at-17.03.057-e1603297861143-250x300.jpeg 250w\" sizes=\"auto, (max-width: 768px) 100vw, 768px\" \/>\t\t\t\t\t\t\t\t\r\n\t\t\t\t\t\t\t\t<div class=\"prot_content em_port_content \">\r\n\t\t\t\t\t\t\t\t\t<div class=\"prot_content_inner\">\r\n\r\n\t\t\t\t\t\t\t\t\t\r\n\t\t\t\t\t\t\t\t\t<div class=\"picon\">\r\n\t\t\t\t\t\t\t\t\t\t\t\t\t\t\t\t\t\t\r\n\t\t\t\t\t\t\t\t\t\t\t\t\t\t\t\t\r\n\t\t\t\t\t\t\t\t\t\t\r\n\t\t\t\t\t\t\t\t\t\t\r\n\t\t\t\t\t\t\t\t\t\t\r\n\t\t\t\t\t\t\t\t\t\t\t\t\t\t\t\t\t\t\t<\/div>\r\n\t\t\t\t\t\t\t\t\t\t\t\t\t\t\t\t\t\t\t\t\r\n\t\t\t\t\t\t\t\t\t\t\t\t\t\t\t\t\t\t\t\t\r\n\t\t\t\t\t\t\t\t\t\t\t\t\t\t\t\t\t\t<div class=\"porttitle_inner\">\r\n\t\t\t\t\t\t\t\t\t\t<h3><a href=\"https:\/\/solucione.com.mx\/corporativo\/em_portfolios\/sitio-coatepec\/\">Sitio Coatepec<\/a><\/h3>\r\n\t\t\t\t\t\t\t\t\t\t\t\t\t\t\t\t\t\t\t\t<p>\r\n\t\t\t\t\t\t\t\t\t\t\t\t\t\t\t\t\t\t\t\t\t\t\t<span class=\"category-item-p\">\r\n\t\t\t\t\t\t\t\t\t\t\t\t   MPR\t\t\t\t\t\t\t\t\t\t\t\t<\/span>\t\t\t\t\t\t\t\t\t\t\t\t\t\t\t\t\t\t\t\r\n\t\t\t\t\t\t\t\t\t\t\t\t\t\t\t\t\t\t\t\t\t<\/p>\r\n\t\t\t\t\t\t\t\t\t<\/div>\r\n\t\t\t\t\t\t\t\t\t\t\t\t\t\t\t\t\t\t\t\t\t\t\t\t\t\t\t<\/div>\r\n\t\t\t\t\t\t\t\t<\/div>\t\t\r\n\t\t\t\t\t\t\t<\/div>\t\t\t\t\r\n\t\r\n\t\t\t\t\t\t\t\t\t\t\t\r\n\t\t\t\t\t\t\t\t\t\t\t\t\t\t\t\t\t\r\n\t\t\t\t\t\t\t<\/div>\r\n\t\t\t\t\t\t<\/div>\r\n\t\t\t\t\t\t\t\t\t\t\t<!-- single portfolio -->\r\n\t\t\t\t\t\t<div class=\" col-md-6 col-sm-12  col-lg-4 grid-item col-xs-12 col-sm-6 portfolio \" >\r\n\t\t\t\t\t<div class=\"single_protfolio  kc-elm kc-css-388112\">\r\n\t\t\t\t\t\t\t\t\t\t\t\t\r\n\t\t\t\t\t\t\t<div class=\"prot_thumb\">\r\n\t\t\t\t\t\t\t\t\r\n\t\t\t\t\t\t\t\t\t<img loading=\"lazy\" decoding=\"async\" width=\"768\" height=\"921\" src=\"https:\/\/solucione.com.mx\/corporativo\/wp-content\/uploads\/2020\/10\/WhatsApp-Image-2020-10-08-at-17.03.051-e1603298092751.jpeg\" class=\"attachment-post-thumbnail size-post-thumbnail wp-post-image\" alt=\"\" srcset=\"https:\/\/solucione.com.mx\/corporativo\/wp-content\/uploads\/2020\/10\/WhatsApp-Image-2020-10-08-at-17.03.051-e1603298092751.jpeg 768w, https:\/\/solucione.com.mx\/corporativo\/wp-content\/uploads\/2020\/10\/WhatsApp-Image-2020-10-08-at-17.03.051-e1603298092751-250x300.jpeg 250w\" sizes=\"auto, (max-width: 768px) 100vw, 768px\" \/>\t\t\t\t\t\t\t\t\r\n\t\t\t\t\t\t\t\t<div class=\"prot_content em_port_content \">\r\n\t\t\t\t\t\t\t\t\t<div class=\"prot_content_inner\">\r\n\r\n\t\t\t\t\t\t\t\t\t\r\n\t\t\t\t\t\t\t\t\t<div class=\"picon\">\r\n\t\t\t\t\t\t\t\t\t\t\t\t\t\t\t\t\t\t\r\n\t\t\t\t\t\t\t\t\t\t\t\t\t\t\t\t\r\n\t\t\t\t\t\t\t\t\t\t\r\n\t\t\t\t\t\t\t\t\t\t\r\n\t\t\t\t\t\t\t\t\t\t\r\n\t\t\t\t\t\t\t\t\t\t\t\t\t\t\t\t\t\t\t<\/div>\r\n\t\t\t\t\t\t\t\t\t\t\t\t\t\t\t\t\t\t\t\t\r\n\t\t\t\t\t\t\t\t\t\t\t\t\t\t\t\t\t\t\t\t\r\n\t\t\t\t\t\t\t\t\t\t\t\t\t\t\t\t\t\t<div class=\"porttitle_inner\">\r\n\t\t\t\t\t\t\t\t\t\t<h3><a href=\"https:\/\/solucione.com.mx\/corporativo\/em_portfolios\/sitio-cutzamala\/\">Sitio Cutzamala<\/a><\/h3>\r\n\t\t\t\t\t\t\t\t\t\t\t\t\t\t\t\t\t\t\t\t<p>\r\n\t\t\t\t\t\t\t\t\t\t\t\t\t\t\t\t\t\t\t\t\t\t\t<span class=\"category-item-p\">\r\n\t\t\t\t\t\t\t\t\t\t\t\t   MPR\t\t\t\t\t\t\t\t\t\t\t\t<\/span>\t\t\t\t\t\t\t\t\t\t\t\t\t\t\t\t\t\t\t\r\n\t\t\t\t\t\t\t\t\t\t\t\t\t\t\t\t\t\t\t\t\t<\/p>\r\n\t\t\t\t\t\t\t\t\t<\/div>\r\n\t\t\t\t\t\t\t\t\t\t\t\t\t\t\t\t\t\t\t\t\t\t\t\t\t\t\t<\/div>\r\n\t\t\t\t\t\t\t\t<\/div>\t\t\r\n\t\t\t\t\t\t\t<\/div>\t\t\t\t\r\n\t\r\n\t\t\t\t\t\t\t\t\t\t\t\r\n\t\t\t\t\t\t\t\t\t\t\t\t\t\t\t\t\t\r\n\t\t\t\t\t\t\t<\/div>\r\n\t\t\t\t\t\t<\/div>\r\n\t\t\t\t\t\t\t\t\t\t\t<!-- single portfolio -->\r\n\t\t\t\t\t\t<div class=\" col-md-6 col-sm-12  col-lg-4 grid-item col-xs-12 col-sm-6 portfolio \" >\r\n\t\t\t\t\t<div class=\"single_protfolio  kc-elm kc-css-388112\">\r\n\t\t\t\t\t\t\t\t\t\t\t\t\r\n\t\t\t\t\t\t\t<div class=\"prot_thumb\">\r\n\t\t\t\t\t\t\t\t\r\n\t\t\t\t\t\t\t\t\t<img loading=\"lazy\" decoding=\"async\" width=\"687\" height=\"832\" src=\"https:\/\/solucione.com.mx\/corporativo\/wp-content\/uploads\/2020\/10\/WhatsApp-Image-2020-10-08-at-17.03.05-e1603298150632.jpeg\" class=\"attachment-post-thumbnail size-post-thumbnail wp-post-image\" alt=\"\" srcset=\"https:\/\/solucione.com.mx\/corporativo\/wp-content\/uploads\/2020\/10\/WhatsApp-Image-2020-10-08-at-17.03.05-e1603298150632.jpeg 687w, https:\/\/solucione.com.mx\/corporativo\/wp-content\/uploads\/2020\/10\/WhatsApp-Image-2020-10-08-at-17.03.05-e1603298150632-248x300.jpeg 248w\" sizes=\"auto, (max-width: 687px) 100vw, 687px\" \/>\t\t\t\t\t\t\t\t\r\n\t\t\t\t\t\t\t\t<div class=\"prot_content em_port_content \">\r\n\t\t\t\t\t\t\t\t\t<div class=\"prot_content_inner\">\r\n\r\n\t\t\t\t\t\t\t\t\t\r\n\t\t\t\t\t\t\t\t\t<div class=\"picon\">\r\n\t\t\t\t\t\t\t\t\t\t\t\t\t\t\t\t\t\t\r\n\t\t\t\t\t\t\t\t\t\t\t\t\t\t\t\t\r\n\t\t\t\t\t\t\t\t\t\t\r\n\t\t\t\t\t\t\t\t\t\t\r\n\t\t\t\t\t\t\t\t\t\t\r\n\t\t\t\t\t\t\t\t\t\t\t\t\t\t\t\t\t\t\t<\/div>\r\n\t\t\t\t\t\t\t\t\t\t\t\t\t\t\t\t\t\t\t\t\r\n\t\t\t\t\t\t\t\t\t\t\t\t\t\t\t\t\t\t\t\t\r\n\t\t\t\t\t\t\t\t\t\t\t\t\t\t\t\t\t\t<div class=\"porttitle_inner\">\r\n\t\t\t\t\t\t\t\t\t\t<h3><a href=\"https:\/\/solucione.com.mx\/corporativo\/em_portfolios\/sitio-tamacuaro\/\">Sitio Tamacuaro<\/a><\/h3>\r\n\t\t\t\t\t\t\t\t\t\t\t\t\t\t\t\t\t\t\t\t<p>\r\n\t\t\t\t\t\t\t\t\t\t\t\t\t\t\t\t\t\t\t\t\t\t\t<span class=\"category-item-p\">\r\n\t\t\t\t\t\t\t\t\t\t\t\t   MPR\t\t\t\t\t\t\t\t\t\t\t\t<\/span>\t\t\t\t\t\t\t\t\t\t\t\t\t\t\t\t\t\t\t\r\n\t\t\t\t\t\t\t\t\t\t\t\t\t\t\t\t\t\t\t\t\t<\/p>\r\n\t\t\t\t\t\t\t\t\t<\/div>\r\n\t\t\t\t\t\t\t\t\t\t\t\t\t\t\t\t\t\t\t\t\t\t\t\t\t\t\t<\/div>\r\n\t\t\t\t\t\t\t\t<\/div>\t\t\r\n\t\t\t\t\t\t\t<\/div>\t\t\t\t\r\n\t\r\n\t\t\t\t\t\t\t\t\t\t\t\r\n\t\t\t\t\t\t\t\t\t\t\t\t\t\t\t\t\t\r\n\t\t\t\t\t\t\t<\/div>\r\n\t\t\t\t\t\t<\/div>\r\n\t\t\t\t\t\t\t\t\t\t\t<!-- single portfolio -->\r\n\t\t\t\t\t\t<div class=\" col-md-6 col-sm-12  col-lg-4 grid-item col-xs-12 col-sm-6 branding \" >\r\n\t\t\t\t\t<div class=\"single_protfolio  kc-elm kc-css-388112\">\r\n\t\t\t\t\t\t\t\t\t\t\t\t\r\n\t\t\t\t\t\t\t<div class=\"prot_thumb\">\r\n\t\t\t\t\t\t\t\t\r\n\t\t\t\t\t\t\t\t\t<img loading=\"lazy\" decoding=\"async\" width=\"1024\" height=\"673\" src=\"https:\/\/solucione.com.mx\/corporativo\/wp-content\/uploads\/2020\/10\/wdm-2-e1603298327787.jpeg\" class=\"attachment-post-thumbnail size-post-thumbnail wp-post-image\" alt=\"\" srcset=\"https:\/\/solucione.com.mx\/corporativo\/wp-content\/uploads\/2020\/10\/wdm-2-e1603298327787.jpeg 1024w, https:\/\/solucione.com.mx\/corporativo\/wp-content\/uploads\/2020\/10\/wdm-2-e1603298327787-300x197.jpeg 300w, https:\/\/solucione.com.mx\/corporativo\/wp-content\/uploads\/2020\/10\/wdm-2-e1603298327787-768x505.jpeg 768w\" sizes=\"auto, (max-width: 1024px) 100vw, 1024px\" \/>\t\t\t\t\t\t\t\t\r\n\t\t\t\t\t\t\t\t<div class=\"prot_content em_port_content \">\r\n\t\t\t\t\t\t\t\t\t<div class=\"prot_content_inner\">\r\n\r\n\t\t\t\t\t\t\t\t\t\r\n\t\t\t\t\t\t\t\t\t<div class=\"picon\">\r\n\t\t\t\t\t\t\t\t\t\t\t\t\t\t\t\t\t\t\r\n\t\t\t\t\t\t\t\t\t\t\t\t\t\t\t\t\r\n\t\t\t\t\t\t\t\t\t\t\r\n\t\t\t\t\t\t\t\t\t\t\r\n\t\t\t\t\t\t\t\t\t\t\r\n\t\t\t\t\t\t\t\t\t\t\t\t\t\t\t\t\t\t\t<\/div>\r\n\t\t\t\t\t\t\t\t\t\t\t\t\t\t\t\t\t\t\t\t\r\n\t\t\t\t\t\t\t\t\t\t\t\t\t\t\t\t\t\t\t\t\r\n\t\t\t\t\t\t\t\t\t\t\t\t\t\t\t\t\t\t<div class=\"porttitle_inner\">\r\n\t\t\t\t\t\t\t\t\t\t<h3><a href=\"https:\/\/solucione.com.mx\/corporativo\/em_portfolios\/wavelength-division-multiplexing-3\/\">Wavelength Division Multiplexing<\/a><\/h3>\r\n\t\t\t\t\t\t\t\t\t\t\t\t\t\t\t\t\t\t\t\t<p>\r\n\t\t\t\t\t\t\t\t\t\t\t\t\t\t\t\t\t\t\t\t\t\t\t<span class=\"category-item-p\">\r\n\t\t\t\t\t\t\t\t\t\t\t\t   WDM\t\t\t\t\t\t\t\t\t\t\t\t<\/span>\t\t\t\t\t\t\t\t\t\t\t\t\t\t\t\t\t\t\t\r\n\t\t\t\t\t\t\t\t\t\t\t\t\t\t\t\t\t\t\t\t\t<\/p>\r\n\t\t\t\t\t\t\t\t\t<\/div>\r\n\t\t\t\t\t\t\t\t\t\t\t\t\t\t\t\t\t\t\t\t\t\t\t\t\t\t\t<\/div>\r\n\t\t\t\t\t\t\t\t<\/div>\t\t\r\n\t\t\t\t\t\t\t<\/div>\t\t\t\t\r\n\t\r\n\t\t\t\t\t\t\t\t\t\t\t\r\n\t\t\t\t\t\t\t\t\t\t\t\t\t\t\t\t\t\r\n\t\t\t\t\t\t\t<\/div>\r\n\t\t\t\t\t\t<\/div>\r\n\t\t\t\t\t\t\t\t\t\t\t<!-- single portfolio -->\r\n\t\t\t\t\t\t<div class=\" col-md-6 col-sm-12  col-lg-4 grid-item col-xs-12 col-sm-6 branding \" >\r\n\t\t\t\t\t<div class=\"single_protfolio  kc-elm kc-css-388112\">\r\n\t\t\t\t\t\t\t\t\t\t\t\t\r\n\t\t\t\t\t\t\t<div class=\"prot_thumb\">\r\n\t\t\t\t\t\t\t\t\r\n\t\t\t\t\t\t\t\t\t<img loading=\"lazy\" decoding=\"async\" width=\"1024\" height=\"670\" src=\"https:\/\/solucione.com.mx\/corporativo\/wp-content\/uploads\/2020\/10\/wdm-1-e1603298388479.jpeg\" class=\"attachment-post-thumbnail size-post-thumbnail wp-post-image\" alt=\"\" srcset=\"https:\/\/solucione.com.mx\/corporativo\/wp-content\/uploads\/2020\/10\/wdm-1-e1603298388479.jpeg 1024w, https:\/\/solucione.com.mx\/corporativo\/wp-content\/uploads\/2020\/10\/wdm-1-e1603298388479-300x196.jpeg 300w, https:\/\/solucione.com.mx\/corporativo\/wp-content\/uploads\/2020\/10\/wdm-1-e1603298388479-768x503.jpeg 768w\" sizes=\"auto, (max-width: 1024px) 100vw, 1024px\" \/>\t\t\t\t\t\t\t\t\r\n\t\t\t\t\t\t\t\t<div class=\"prot_content em_port_content \">\r\n\t\t\t\t\t\t\t\t\t<div class=\"prot_content_inner\">\r\n\r\n\t\t\t\t\t\t\t\t\t\r\n\t\t\t\t\t\t\t\t\t<div class=\"picon\">\r\n\t\t\t\t\t\t\t\t\t\t\t\t\t\t\t\t\t\t\r\n\t\t\t\t\t\t\t\t\t\t\t\t\t\t\t\t\r\n\t\t\t\t\t\t\t\t\t\t\r\n\t\t\t\t\t\t\t\t\t\t\r\n\t\t\t\t\t\t\t\t\t\t\r\n\t\t\t\t\t\t\t\t\t\t\t\t\t\t\t\t\t\t\t<\/div>\r\n\t\t\t\t\t\t\t\t\t\t\t\t\t\t\t\t\t\t\t\t\r\n\t\t\t\t\t\t\t\t\t\t\t\t\t\t\t\t\t\t\t\t\r\n\t\t\t\t\t\t\t\t\t\t\t\t\t\t\t\t\t\t<div class=\"porttitle_inner\">\r\n\t\t\t\t\t\t\t\t\t\t<h3><a href=\"https:\/\/solucione.com.mx\/corporativo\/em_portfolios\/wavelength-division-multiplexing-2\/\">Wavelength Division Multiplexing<\/a><\/h3>\r\n\t\t\t\t\t\t\t\t\t\t\t\t\t\t\t\t\t\t\t\t<p>\r\n\t\t\t\t\t\t\t\t\t\t\t\t\t\t\t\t\t\t\t\t\t\t\t<span class=\"category-item-p\">\r\n\t\t\t\t\t\t\t\t\t\t\t\t   WDM\t\t\t\t\t\t\t\t\t\t\t\t<\/span>\t\t\t\t\t\t\t\t\t\t\t\t\t\t\t\t\t\t\t\r\n\t\t\t\t\t\t\t\t\t\t\t\t\t\t\t\t\t\t\t\t\t<\/p>\r\n\t\t\t\t\t\t\t\t\t<\/div>\r\n\t\t\t\t\t\t\t\t\t\t\t\t\t\t\t\t\t\t\t\t\t\t\t\t\t\t\t<\/div>\r\n\t\t\t\t\t\t\t\t<\/div>\t\t\r\n\t\t\t\t\t\t\t<\/div>\t\t\t\t\r\n\t\r\n\t\t\t\t\t\t\t\t\t\t\t\r\n\t\t\t\t\t\t\t\t\t\t\t\t\t\t\t\t\t\r\n\t\t\t\t\t\t\t<\/div>\r\n\t\t\t\t\t\t<\/div>\r\n\t\t\t\t\t\t\t\t\t\t\t<!-- single portfolio -->\r\n\t\t\t\t\t\t<div class=\" col-md-6 col-sm-12  col-lg-4 grid-item col-xs-12 col-sm-6 branding \" >\r\n\t\t\t\t\t<div class=\"single_protfolio  kc-elm kc-css-388112\">\r\n\t\t\t\t\t\t\t\t\t\t\t\t\r\n\t\t\t\t\t\t\t<div class=\"prot_thumb\">\r\n\t\t\t\t\t\t\t\t\r\n\t\t\t\t\t\t\t\t\t<img loading=\"lazy\" decoding=\"async\" width=\"1280\" height=\"851\" src=\"https:\/\/solucione.com.mx\/corporativo\/wp-content\/uploads\/2020\/03\/WDM-ISAM-1-e1603298228946.jpeg\" class=\"attachment-post-thumbnail size-post-thumbnail wp-post-image\" alt=\"\" srcset=\"https:\/\/solucione.com.mx\/corporativo\/wp-content\/uploads\/2020\/03\/WDM-ISAM-1-e1603298228946.jpeg 1280w, https:\/\/solucione.com.mx\/corporativo\/wp-content\/uploads\/2020\/03\/WDM-ISAM-1-e1603298228946-300x199.jpeg 300w, https:\/\/solucione.com.mx\/corporativo\/wp-content\/uploads\/2020\/03\/WDM-ISAM-1-e1603298228946-1024x681.jpeg 1024w, https:\/\/solucione.com.mx\/corporativo\/wp-content\/uploads\/2020\/03\/WDM-ISAM-1-e1603298228946-768x511.jpeg 768w\" sizes=\"auto, (max-width: 1280px) 100vw, 1280px\" \/>\t\t\t\t\t\t\t\t\r\n\t\t\t\t\t\t\t\t<div class=\"prot_content em_port_content \">\r\n\t\t\t\t\t\t\t\t\t<div class=\"prot_content_inner\">\r\n\r\n\t\t\t\t\t\t\t\t\t\r\n\t\t\t\t\t\t\t\t\t<div class=\"picon\">\r\n\t\t\t\t\t\t\t\t\t\t\t\t\t\t\t\t\t\t\r\n\t\t\t\t\t\t\t\t\t\t\t\t\t\t\t\t\r\n\t\t\t\t\t\t\t\t\t\t\r\n\t\t\t\t\t\t\t\t\t\t\r\n\t\t\t\t\t\t\t\t\t\t\r\n\t\t\t\t\t\t\t\t\t\t\t\t\t\t\t\t\t\t\t<\/div>\r\n\t\t\t\t\t\t\t\t\t\t\t\t\t\t\t\t\t\t\t\t\r\n\t\t\t\t\t\t\t\t\t\t\t\t\t\t\t\t\t\t\t\t\r\n\t\t\t\t\t\t\t\t\t\t\t\t\t\t\t\t\t\t<div class=\"porttitle_inner\">\r\n\t\t\t\t\t\t\t\t\t\t<h3><a href=\"https:\/\/solucione.com.mx\/corporativo\/em_portfolios\/wdm\/\">Wavelength Division Multiplexing<\/a><\/h3>\r\n\t\t\t\t\t\t\t\t\t\t\t\t\t\t\t\t\t\t\t\t<p>\r\n\t\t\t\t\t\t\t\t\t\t\t\t\t\t\t\t\t\t\t\t\t\t\t<span class=\"category-item-p\">\r\n\t\t\t\t\t\t\t\t\t\t\t\t   WDM\t\t\t\t\t\t\t\t\t\t\t\t<\/span>\t\t\t\t\t\t\t\t\t\t\t\t\t\t\t\t\t\t\t\r\n\t\t\t\t\t\t\t\t\t\t\t\t\t\t\t\t\t\t\t\t\t<\/p>\r\n\t\t\t\t\t\t\t\t\t<\/div>\r\n\t\t\t\t\t\t\t\t\t\t\t\t\t\t\t\t\t\t\t\t\t\t\t\t\t\t\t<\/div>\r\n\t\t\t\t\t\t\t\t<\/div>\t\t\r\n\t\t\t\t\t\t\t<\/div>\t\t\t\t\r\n\t\r\n\t\t\t\t\t\t\t\t\t\t\t\r\n\t\t\t\t\t\t\t\t\t\t\t\t\t\t\t\t\t\r\n\t\t\t\t\t\t\t<\/div>\r\n\t\t\t\t\t\t<\/div>\r\n\t\t\t\t\t\t\r\n\t\t\t\t\t\t\t\t\t<\/div>\r\n\t\t\t<\/div>\t\t\t\t\t\r\n\t\t\t\t\t\t\r\n\t\t<\/div><\/div><\/div><\/div><\/section><\/p>\n","protected":false},"excerpt":{"rendered":"","protected":false},"author":1,"featured_media":0,"parent":0,"menu_order":0,"comment_status":"closed","ping_status":"closed","template":"","meta":{"footnotes":""},"class_list":["post-2129","page","type-page","status-publish","hentry"],"_links":{"self":[{"href":"https:\/\/solucione.com.mx\/corporativo\/wp-json\/wp\/v2\/pages\/2129","targetHints":{"allow":["GET"]}}],"collection":[{"href":"https:\/\/solucione.com.mx\/corporativo\/wp-json\/wp\/v2\/pages"}],"about":[{"href":"https:\/\/solucione.com.mx\/corporativo\/wp-json\/wp\/v2\/types\/page"}],"author":[{"embeddable":true,"href":"https:\/\/solucione.com.mx\/corporativo\/wp-json\/wp\/v2\/users\/1"}],"replies":[{"embeddable":true,"href":"https:\/\/solucione.com.mx\/corporativo\/wp-json\/wp\/v2\/comments?post=2129"}],"version-history":[{"count":11,"href":"https:\/\/solucione.com.mx\/corporativo\/wp-json\/wp\/v2\/pages\/2129\/revisions"}],"predecessor-version":[{"id":2767,"href":"https:\/\/solucione.com.mx\/corporativo\/wp-json\/wp\/v2\/pages\/2129\/revisions\/2767"}],"wp:attachment":[{"href":"https:\/\/solucione.com.mx\/corporativo\/wp-json\/wp\/v2\/media?parent=2129"}],"curies":[{"name":"wp","href":"https:\/\/api.w.org\/{rel}","templated":true}]}}