{"id":2140,"date":"2020-04-27T16:49:24","date_gmt":"2020-04-27T16:49:24","guid":{"rendered":"http:\/\/corporativo.solucione.com.mx\/?page_id=2140"},"modified":"2020-04-27T16:50:49","modified_gmt":"2020-04-27T16:50:49","slug":"csr","status":"publish","type":"page","link":"https:\/\/solucione.com.mx\/corporativo\/csr\/","title":{"rendered":"CSR"},"content":{"rendered":"<p><section class=\"kc-elm kc-css-810657 kc_row\"><div class=\"kc-row-container  kc-container\"><div class=\"kc-wrap-columns\"><div class=\"kc-elm kc-css-596569 kc_col-sm-6 kc_column kc_col-sm-6\"><div class=\"kc-col-container\">\n<div class=\"kc-elm kc-css-515522 kc-title-wrap \">\n\n\t<h1 class=\"kc_title\">Cell Site Router<\/h1>\n<\/div>\n<div class=\"kc-elm kc-css-152094\" style=\"height: 20px; clear: both; width:100%;\"><\/div><div class=\"kc-elm kc-css-906097 kc_text_block\"><\/p>\n<p class=\"MsoNormal\"><span style=\"color: #222222; background-image: initial; background-position: initial; background-size: initial; background-repeat: initial; background-attachment: initial; background-origin: initial; background-clip: initial;\">Los equipos Alcatel 7705, representan la plataforma tecnol\u00f3gica de transporte para el desarrollo de banda ancha, tanto en servicios empresariales, como residenciales y m\u00f3viles.<\/span><\/p>\n<p class=\"MsoNormal\"><span style=\"color: #222222; background-image: initial; background-position: initial; background-size: initial; background-repeat: initial; background-attachment: initial; background-origin: initial; background-clip: initial;\">Es el encargado de proporcionar se\u00f1al telef\u00f3nica en \u00e1reas espec\u00edficas exclusivamente de Telcel. <\/span><\/p>\n<p class=\"MsoNormal\"><span style=\"background-image: initial; background-position: initial; background-size: initial; background-repeat: initial; background-attachment: initial; background-origin: initial; background-clip: initial; font-style: inherit; color: #222222;\">Estos equipos se instalan en radio bases del cliente p<\/span><span style=\"font-style: inherit;\">ara proporcionar los servicios Enlaces Ethernet, se debe instalar un Equipo de Demarcaci\u00f3n Ethernet (DDE) por cada interfaz Gigabit Ethernet requerida para interconexi\u00f3n (por medio de FO).<\/span><\/p>\n<p>\n<\/div><\/div><\/div><div class=\"kc-elm kc-css-596964 kc_col-sm-6 kc_column kc_col-sm-6\"><div class=\"kc-col-container\"><div class=\"kc-elm kc-css-107556 kc-animated kc-animate-eff-zoomIn kc_shortcode kc_single_image\">\n\n        <img decoding=\"async\" src=\"https:\/\/solucione.com.mx\/corporativo\/wp-content\/uploads\/2020\/04\/torree.jpg\" class=\"\" alt=\"\" \/>    <\/div>\n<div class=\"kc-elm kc-css-394988\" style=\"height: 20px; clear: both; width:100%;\"><\/div><\/div><\/div><\/div><\/div><\/section><section class=\"kc-elm kc-css-712022 kc_row\"><div class=\"kc-row-container  kc-container\"><div class=\"kc-wrap-columns\"><div class=\"kc-elm kc-css-657753 kc_col-sm-12 kc_column kc_col-sm-12\"><div class=\"kc-col-container\"><div data-closeall=\"true\" class=\"kc-elm kc-css-446125 kc_accordion_wrapper\">\n<div class=\"kc-elm kc-css-416624 kc_accordion_section group \"><h3 class=\"kc_accordion_header ui-accordion-header\"><span class=\"ui-accordion-header-icon ui-icon\"><\/span><a href=\"#nuestro-alcance\" data-prevent=\"scroll\"><i class=\"\"><\/i> Nuestro alcance<\/a><\/h3><div class=\"kc_accordion_content ui-accordion-content kc_clearfix\"><div class=\"kc-panel-body\"><div class=\"kc-elm kc-css-742721 kc_text_block\"><\/p>\n<p class=\"MsoNormal\" style=\"text-align:justify\"><span style=\"color: rgb(34, 34, 34); text-align: start;\">Iniciamos instalando en 2010 en las regiones R3, R4, R6, R7, R8, R9&nbsp;<\/span><span style=\"color: rgb(34, 34, 34); text-align: start;\">con un aproximado de 500 equipos.<\/span><\/p>\n<p>\n<\/div><\/div><\/div><\/div><\/div>\n<div class=\"kc-elm kc-css-849010\" style=\"height: 20px; clear: both; width:100%;\"><\/div><div class=\"kc-elm kc-css-818177 kc_google_maps kc_shortcode\" data-wheel=\"disable\"><div style=\"height: 650px\" class=\"kc-google-maps\"><style>.embed-container {position: relative; padding-bottom: 80%; height: 0; max-width: 100%;} .embed-container iframe, .embed-container object, .embed-container iframe{position: absolute; top: 0; left: 0; width: 100%; height: 100%;} small{position: absolute; z-index: 40; bottom: 0; margin-bottom: -15px;}<\/style><div class=\"embed-container\"><small><a href=\"\/\/www.arcgis.com\/apps\/Embed\/index.html?webmap=dd239d6b5991445d96eed3368f009e70&extent=-127.5641,9.7067,-79.0484,36.7722&zoom=true&scale=true&disable_scroll=false&theme=light\" style=\"color:#0000FF;text-align:left\" target=\"_blank\">Ver mapa m\u00e1s grande<\/a><\/small><br><iframe loading=\"lazy\" width=\"100%\" height=\"650\" frameborder=\"0\" scrolling=\"no\" marginheight=\"650\" marginwidth=\"100%\" title=\"MapaCSR\" src=\"\/\/www.arcgis.com\/apps\/Embed\/index.html?webmap=dd239d6b5991445d96eed3368f009e70&extent=-127.5641,9.7067,-79.0484,36.7722&zoom=true&previewImage=false&scale=true&disable_scroll=false&theme=light\"><\/iframe><\/div><\/div><\/div><div class=\"kc-elm kc-css-831484\" style=\"height: 20px; clear: both; width:100%;\"><\/div><\/div><\/div><\/div><\/div><\/section><section class=\"kc-elm kc-css-207175 kc_row\"><div class=\"kc-row-container  kc-container\"><div class=\"kc-wrap-columns\"><div class=\"kc-elm kc-css-800391 kc_col-sm-12 kc_column kc_col-sm-12\"><div class=\"kc-col-container\">\r\n\t\t\t<div class=\"clearfix kicuakta\">\r\n\t\t\t<div class=\"col-md-12\">\r\n\t\t\t\t<div class=\"portfolio_nav   kc-elm kc-css-594508\">\r\n\t\t\t\t\t<ul id=\"filter\" class=\"filter_menu \">\r\n\t\t\t\t\t\t<li class=\"current_menu_item\" data-filter=\"*\" >All Works<\/li>\r\n\t\t\t\t\t\t\t\t\t\t\t\t\t\t\t\r\n\t\t\t\t\t\t\t<li   data-filter=\".gpon\">GPON<\/li>\r\n\t\t\t\t\t\t\t\t\t\t\t\t\t\t\t\t\r\n\t\t\t\t\t\t\t<li   data-filter=\".portfolio\">MPR<\/li>\r\n\t\t\t\t\t\t\t\t\t\t\t\t\t\t\t\t\r\n\t\t\t\t\t\t\t<li   data-filter=\".branding\">WDM<\/li>\r\n\t\t\t\t\t\t\t\t\t\t\t<\/ul>\r\n\t\t\t\t<\/div>\r\n\r\n\t\t\t<\/div>\t\t\t\t\r\n\t\t<\/div>\t\t\r\n\t\t\t\t\t\t\r\n\t\t\t\r\n\t\t\t\r\n\t\t\t<div class=\" em_load pstyle_1 em_port_container\">\t\t\t\t\t\r\n\t\t\t\t<div class=\"prot_wrap\">\t\t\t\t\r\n\t\t\t\t\t\t\t\t\t\t\t<!-- single portfolio -->\r\n\t\t\t\t\t\t<div class=\" col-md-6 col-sm-12  col-lg-4 grid-item col-xs-12 col-sm-6 \" >\r\n\t\t\t\t\t<div class=\"single_protfolio  kc-elm kc-css-594508\">\r\n\t\t\t\t\t\t\t\t\t\t\t\t\r\n\t\t\t\t\t\t\t<div class=\"prot_thumb\">\r\n\t\t\t\t\t\t\t\t\r\n\t\t\t\t\t\t\t\t\t\t\t\t\t\t\t\t\t\r\n\t\t\t\t\t\t\t\t<div class=\"prot_content em_port_content \">\r\n\t\t\t\t\t\t\t\t\t<div class=\"prot_content_inner\">\r\n\r\n\t\t\t\t\t\t\t\t\t\r\n\t\t\t\t\t\t\t\t\t<div class=\"picon\">\r\n\t\t\t\t\t\t\t\t\t\t\t\t\t\t\t\t\t\t\r\n\t\t\t\t\t\t\t\t\t\t\t\t\t\t\t\t\r\n\t\t\t\t\t\t\t\t\t\t\t\t\t\t\t\t\t\t\t\r\n\t\t\t\t\t\t\t\t\t\t<a class=\"portfolio-icon venobox\" data-gall=\"myportfolio\" href=\"\"><i class=\"fa fa-photo\"><\/i><\/a>\r\n\t\t\t\t\t\t\t\t\t\t\r\n\t\t\t\t\t\t\t\t\t\t\t\r\n\t\t\t\t\t\t\t\t\t\t<a href=\"https:\/\/solucione.com.mx\/corporativo\/em_portfolios\/catastro-y-predial\/\"><i class=\"fa fa-link\"><\/i><\/a>\t\r\n\t\t\t\t\t\t\t\t\t\t\r\n\t\t\t\t\t\t\t\t\t\t\r\n\t\t\t\t\t\t\t\t\t\t\t\t\t\t\t\t\t\t\t<\/div>\r\n\t\t\t\t\t\t\t\t\t\t\t\t\t\t\t\t\t\t\t\t\r\n\t\t\t\t\t\t\t\t\t\t\t\t\t\t\t\t\t\t\t\t\r\n\t\t\t\t\t\t\t\t\t\t\t\t\t\t\t\t\t\t<div class=\"porttitle_inner\">\r\n\t\t\t\t\t\t\t\t\t\t<h3><a href=\"https:\/\/solucione.com.mx\/corporativo\/em_portfolios\/catastro-y-predial\/\">Catastro y Predial<\/a><\/h3>\r\n\t\t\t\t\t\t\t\t\t\t\t\t\t\t\t\t\t\t\t\t<p>\r\n\t\t\t\t\t\t\t\t\t\t\t\t\t\t\t\t\t\t\t\t\t<\/p>\r\n\t\t\t\t\t\t\t\t\t<\/div>\r\n\t\t\t\t\t\t\t\t\t\t\t\t\t\t\t\t\t\t\t\t\t\t\t\t\t\t\t<\/div>\r\n\t\t\t\t\t\t\t\t<\/div>\t\t\r\n\t\t\t\t\t\t\t<\/div>\t\t\t\t\r\n\t\r\n\t\t\t\t\t\t\t\t\t\t\t\r\n\t\t\t\t\t\t\t\t\t\t\t\t\t\t\t\t\t\r\n\t\t\t\t\t\t\t<\/div>\r\n\t\t\t\t\t\t<\/div>\r\n\t\t\t\t\t\t\t\t\t\t\t<!-- single portfolio -->\r\n\t\t\t\t\t\t<div class=\" col-md-6 col-sm-12  col-lg-4 grid-item col-xs-12 col-sm-6 gpon \" >\r\n\t\t\t\t\t<div class=\"single_protfolio  kc-elm kc-css-594508\">\r\n\t\t\t\t\t\t\t\t\t\t\t\t\r\n\t\t\t\t\t\t\t<div class=\"prot_thumb\">\r\n\t\t\t\t\t\t\t\t\r\n\t\t\t\t\t\t\t\t\t<img loading=\"lazy\" decoding=\"async\" width=\"1280\" height=\"841\" src=\"https:\/\/solucione.com.mx\/corporativo\/wp-content\/uploads\/2020\/10\/WhatsApp-Image-2020-10-16-at-15.44.57-e1603297825269.jpeg\" class=\"attachment-post-thumbnail size-post-thumbnail wp-post-image\" alt=\"\" srcset=\"https:\/\/solucione.com.mx\/corporativo\/wp-content\/uploads\/2020\/10\/WhatsApp-Image-2020-10-16-at-15.44.57-e1603297825269.jpeg 1280w, https:\/\/solucione.com.mx\/corporativo\/wp-content\/uploads\/2020\/10\/WhatsApp-Image-2020-10-16-at-15.44.57-e1603297825269-300x197.jpeg 300w, https:\/\/solucione.com.mx\/corporativo\/wp-content\/uploads\/2020\/10\/WhatsApp-Image-2020-10-16-at-15.44.57-e1603297825269-1024x673.jpeg 1024w, https:\/\/solucione.com.mx\/corporativo\/wp-content\/uploads\/2020\/10\/WhatsApp-Image-2020-10-16-at-15.44.57-e1603297825269-768x505.jpeg 768w\" sizes=\"auto, (max-width: 1280px) 100vw, 1280px\" \/>\t\t\t\t\t\t\t\t\r\n\t\t\t\t\t\t\t\t<div class=\"prot_content em_port_content \">\r\n\t\t\t\t\t\t\t\t\t<div class=\"prot_content_inner\">\r\n\r\n\t\t\t\t\t\t\t\t\t\r\n\t\t\t\t\t\t\t\t\t<div class=\"picon\">\r\n\t\t\t\t\t\t\t\t\t\t\t\t\t\t\t\t\t\t\r\n\t\t\t\t\t\t\t\t\t\t\t\t\t\t\t\t\r\n\t\t\t\t\t\t\t\t\t\t\r\n\t\t\t\t\t\t\t\t\t\t\r\n\t\t\t\t\t\t\t\t\t\t\r\n\t\t\t\t\t\t\t\t\t\t\t\t\t\t\t\t\t\t\t<\/div>\r\n\t\t\t\t\t\t\t\t\t\t\t\t\t\t\t\t\t\t\t\t\r\n\t\t\t\t\t\t\t\t\t\t\t\t\t\t\t\t\t\t\t\t\r\n\t\t\t\t\t\t\t\t\t\t\t\t\t\t\t\t\t\t<div class=\"porttitle_inner\">\r\n\t\t\t\t\t\t\t\t\t\t<h3><a href=\"https:\/\/solucione.com.mx\/corporativo\/em_portfolios\/loma-dorada\/\">Loma Dorada<\/a><\/h3>\r\n\t\t\t\t\t\t\t\t\t\t\t\t\t\t\t\t\t\t\t\t<p>\r\n\t\t\t\t\t\t\t\t\t\t\t\t\t\t\t\t\t\t\t\t\t\t\t<span class=\"category-item-p\">\r\n\t\t\t\t\t\t\t\t\t\t\t\t   GPON\t\t\t\t\t\t\t\t\t\t\t\t<\/span>\t\t\t\t\t\t\t\t\t\t\t\t\t\t\t\t\t\t\t\r\n\t\t\t\t\t\t\t\t\t\t\t\t\t\t\t\t\t\t\t\t\t<\/p>\r\n\t\t\t\t\t\t\t\t\t<\/div>\r\n\t\t\t\t\t\t\t\t\t\t\t\t\t\t\t\t\t\t\t\t\t\t\t\t\t\t\t<\/div>\r\n\t\t\t\t\t\t\t\t<\/div>\t\t\r\n\t\t\t\t\t\t\t<\/div>\t\t\t\t\r\n\t\r\n\t\t\t\t\t\t\t\t\t\t\t\r\n\t\t\t\t\t\t\t\t\t\t\t\t\t\t\t\t\t\r\n\t\t\t\t\t\t\t<\/div>\r\n\t\t\t\t\t\t<\/div>\r\n\t\t\t\t\t\t\t\t\t\t\t<!-- single portfolio -->\r\n\t\t\t\t\t\t<div class=\" col-md-6 col-sm-12  col-lg-4 grid-item col-xs-12 col-sm-6 portfolio \" >\r\n\t\t\t\t\t<div class=\"single_protfolio  kc-elm kc-css-594508\">\r\n\t\t\t\t\t\t\t\t\t\t\t\t\r\n\t\t\t\t\t\t\t<div class=\"prot_thumb\">\r\n\t\t\t\t\t\t\t\t\r\n\t\t\t\t\t\t\t\t\t<img loading=\"lazy\" decoding=\"async\" width=\"768\" height=\"921\" src=\"https:\/\/solucione.com.mx\/corporativo\/wp-content\/uploads\/2020\/10\/WhatsApp-Image-2020-10-08-at-17.03.057-e1603297861143.jpeg\" class=\"attachment-post-thumbnail size-post-thumbnail wp-post-image\" alt=\"\" srcset=\"https:\/\/solucione.com.mx\/corporativo\/wp-content\/uploads\/2020\/10\/WhatsApp-Image-2020-10-08-at-17.03.057-e1603297861143.jpeg 768w, https:\/\/solucione.com.mx\/corporativo\/wp-content\/uploads\/2020\/10\/WhatsApp-Image-2020-10-08-at-17.03.057-e1603297861143-250x300.jpeg 250w\" sizes=\"auto, (max-width: 768px) 100vw, 768px\" \/>\t\t\t\t\t\t\t\t\r\n\t\t\t\t\t\t\t\t<div class=\"prot_content em_port_content \">\r\n\t\t\t\t\t\t\t\t\t<div class=\"prot_content_inner\">\r\n\r\n\t\t\t\t\t\t\t\t\t\r\n\t\t\t\t\t\t\t\t\t<div class=\"picon\">\r\n\t\t\t\t\t\t\t\t\t\t\t\t\t\t\t\t\t\t\r\n\t\t\t\t\t\t\t\t\t\t\t\t\t\t\t\t\r\n\t\t\t\t\t\t\t\t\t\t\r\n\t\t\t\t\t\t\t\t\t\t\r\n\t\t\t\t\t\t\t\t\t\t\r\n\t\t\t\t\t\t\t\t\t\t\t\t\t\t\t\t\t\t\t<\/div>\r\n\t\t\t\t\t\t\t\t\t\t\t\t\t\t\t\t\t\t\t\t\r\n\t\t\t\t\t\t\t\t\t\t\t\t\t\t\t\t\t\t\t\t\r\n\t\t\t\t\t\t\t\t\t\t\t\t\t\t\t\t\t\t<div class=\"porttitle_inner\">\r\n\t\t\t\t\t\t\t\t\t\t<h3><a href=\"https:\/\/solucione.com.mx\/corporativo\/em_portfolios\/sitio-coatepec\/\">Sitio Coatepec<\/a><\/h3>\r\n\t\t\t\t\t\t\t\t\t\t\t\t\t\t\t\t\t\t\t\t<p>\r\n\t\t\t\t\t\t\t\t\t\t\t\t\t\t\t\t\t\t\t\t\t\t\t<span class=\"category-item-p\">\r\n\t\t\t\t\t\t\t\t\t\t\t\t   MPR\t\t\t\t\t\t\t\t\t\t\t\t<\/span>\t\t\t\t\t\t\t\t\t\t\t\t\t\t\t\t\t\t\t\r\n\t\t\t\t\t\t\t\t\t\t\t\t\t\t\t\t\t\t\t\t\t<\/p>\r\n\t\t\t\t\t\t\t\t\t<\/div>\r\n\t\t\t\t\t\t\t\t\t\t\t\t\t\t\t\t\t\t\t\t\t\t\t\t\t\t\t<\/div>\r\n\t\t\t\t\t\t\t\t<\/div>\t\t\r\n\t\t\t\t\t\t\t<\/div>\t\t\t\t\r\n\t\r\n\t\t\t\t\t\t\t\t\t\t\t\r\n\t\t\t\t\t\t\t\t\t\t\t\t\t\t\t\t\t\r\n\t\t\t\t\t\t\t<\/div>\r\n\t\t\t\t\t\t<\/div>\r\n\t\t\t\t\t\t\t\t\t\t\t<!-- single portfolio -->\r\n\t\t\t\t\t\t<div class=\" col-md-6 col-sm-12  col-lg-4 grid-item col-xs-12 col-sm-6 portfolio \" >\r\n\t\t\t\t\t<div class=\"single_protfolio  kc-elm kc-css-594508\">\r\n\t\t\t\t\t\t\t\t\t\t\t\t\r\n\t\t\t\t\t\t\t<div class=\"prot_thumb\">\r\n\t\t\t\t\t\t\t\t\r\n\t\t\t\t\t\t\t\t\t<img loading=\"lazy\" decoding=\"async\" width=\"768\" height=\"921\" src=\"https:\/\/solucione.com.mx\/corporativo\/wp-content\/uploads\/2020\/10\/WhatsApp-Image-2020-10-08-at-17.03.051-e1603298092751.jpeg\" class=\"attachment-post-thumbnail size-post-thumbnail wp-post-image\" alt=\"\" srcset=\"https:\/\/solucione.com.mx\/corporativo\/wp-content\/uploads\/2020\/10\/WhatsApp-Image-2020-10-08-at-17.03.051-e1603298092751.jpeg 768w, https:\/\/solucione.com.mx\/corporativo\/wp-content\/uploads\/2020\/10\/WhatsApp-Image-2020-10-08-at-17.03.051-e1603298092751-250x300.jpeg 250w\" sizes=\"auto, (max-width: 768px) 100vw, 768px\" \/>\t\t\t\t\t\t\t\t\r\n\t\t\t\t\t\t\t\t<div class=\"prot_content em_port_content \">\r\n\t\t\t\t\t\t\t\t\t<div class=\"prot_content_inner\">\r\n\r\n\t\t\t\t\t\t\t\t\t\r\n\t\t\t\t\t\t\t\t\t<div class=\"picon\">\r\n\t\t\t\t\t\t\t\t\t\t\t\t\t\t\t\t\t\t\r\n\t\t\t\t\t\t\t\t\t\t\t\t\t\t\t\t\r\n\t\t\t\t\t\t\t\t\t\t\r\n\t\t\t\t\t\t\t\t\t\t\r\n\t\t\t\t\t\t\t\t\t\t\r\n\t\t\t\t\t\t\t\t\t\t\t\t\t\t\t\t\t\t\t<\/div>\r\n\t\t\t\t\t\t\t\t\t\t\t\t\t\t\t\t\t\t\t\t\r\n\t\t\t\t\t\t\t\t\t\t\t\t\t\t\t\t\t\t\t\t\r\n\t\t\t\t\t\t\t\t\t\t\t\t\t\t\t\t\t\t<div class=\"porttitle_inner\">\r\n\t\t\t\t\t\t\t\t\t\t<h3><a href=\"https:\/\/solucione.com.mx\/corporativo\/em_portfolios\/sitio-cutzamala\/\">Sitio Cutzamala<\/a><\/h3>\r\n\t\t\t\t\t\t\t\t\t\t\t\t\t\t\t\t\t\t\t\t<p>\r\n\t\t\t\t\t\t\t\t\t\t\t\t\t\t\t\t\t\t\t\t\t\t\t<span class=\"category-item-p\">\r\n\t\t\t\t\t\t\t\t\t\t\t\t   MPR\t\t\t\t\t\t\t\t\t\t\t\t<\/span>\t\t\t\t\t\t\t\t\t\t\t\t\t\t\t\t\t\t\t\r\n\t\t\t\t\t\t\t\t\t\t\t\t\t\t\t\t\t\t\t\t\t<\/p>\r\n\t\t\t\t\t\t\t\t\t<\/div>\r\n\t\t\t\t\t\t\t\t\t\t\t\t\t\t\t\t\t\t\t\t\t\t\t\t\t\t\t<\/div>\r\n\t\t\t\t\t\t\t\t<\/div>\t\t\r\n\t\t\t\t\t\t\t<\/div>\t\t\t\t\r\n\t\r\n\t\t\t\t\t\t\t\t\t\t\t\r\n\t\t\t\t\t\t\t\t\t\t\t\t\t\t\t\t\t\r\n\t\t\t\t\t\t\t<\/div>\r\n\t\t\t\t\t\t<\/div>\r\n\t\t\t\t\t\t\t\t\t\t\t<!-- single portfolio -->\r\n\t\t\t\t\t\t<div class=\" col-md-6 col-sm-12  col-lg-4 grid-item col-xs-12 col-sm-6 portfolio \" >\r\n\t\t\t\t\t<div class=\"single_protfolio  kc-elm kc-css-594508\">\r\n\t\t\t\t\t\t\t\t\t\t\t\t\r\n\t\t\t\t\t\t\t<div class=\"prot_thumb\">\r\n\t\t\t\t\t\t\t\t\r\n\t\t\t\t\t\t\t\t\t<img loading=\"lazy\" decoding=\"async\" width=\"687\" height=\"832\" src=\"https:\/\/solucione.com.mx\/corporativo\/wp-content\/uploads\/2020\/10\/WhatsApp-Image-2020-10-08-at-17.03.05-e1603298150632.jpeg\" class=\"attachment-post-thumbnail size-post-thumbnail wp-post-image\" alt=\"\" srcset=\"https:\/\/solucione.com.mx\/corporativo\/wp-content\/uploads\/2020\/10\/WhatsApp-Image-2020-10-08-at-17.03.05-e1603298150632.jpeg 687w, https:\/\/solucione.com.mx\/corporativo\/wp-content\/uploads\/2020\/10\/WhatsApp-Image-2020-10-08-at-17.03.05-e1603298150632-248x300.jpeg 248w\" sizes=\"auto, (max-width: 687px) 100vw, 687px\" \/>\t\t\t\t\t\t\t\t\r\n\t\t\t\t\t\t\t\t<div class=\"prot_content em_port_content \">\r\n\t\t\t\t\t\t\t\t\t<div class=\"prot_content_inner\">\r\n\r\n\t\t\t\t\t\t\t\t\t\r\n\t\t\t\t\t\t\t\t\t<div class=\"picon\">\r\n\t\t\t\t\t\t\t\t\t\t\t\t\t\t\t\t\t\t\r\n\t\t\t\t\t\t\t\t\t\t\t\t\t\t\t\t\r\n\t\t\t\t\t\t\t\t\t\t\r\n\t\t\t\t\t\t\t\t\t\t\r\n\t\t\t\t\t\t\t\t\t\t\r\n\t\t\t\t\t\t\t\t\t\t\t\t\t\t\t\t\t\t\t<\/div>\r\n\t\t\t\t\t\t\t\t\t\t\t\t\t\t\t\t\t\t\t\t\r\n\t\t\t\t\t\t\t\t\t\t\t\t\t\t\t\t\t\t\t\t\r\n\t\t\t\t\t\t\t\t\t\t\t\t\t\t\t\t\t\t<div class=\"porttitle_inner\">\r\n\t\t\t\t\t\t\t\t\t\t<h3><a href=\"https:\/\/solucione.com.mx\/corporativo\/em_portfolios\/sitio-tamacuaro\/\">Sitio Tamacuaro<\/a><\/h3>\r\n\t\t\t\t\t\t\t\t\t\t\t\t\t\t\t\t\t\t\t\t<p>\r\n\t\t\t\t\t\t\t\t\t\t\t\t\t\t\t\t\t\t\t\t\t\t\t<span class=\"category-item-p\">\r\n\t\t\t\t\t\t\t\t\t\t\t\t   MPR\t\t\t\t\t\t\t\t\t\t\t\t<\/span>\t\t\t\t\t\t\t\t\t\t\t\t\t\t\t\t\t\t\t\r\n\t\t\t\t\t\t\t\t\t\t\t\t\t\t\t\t\t\t\t\t\t<\/p>\r\n\t\t\t\t\t\t\t\t\t<\/div>\r\n\t\t\t\t\t\t\t\t\t\t\t\t\t\t\t\t\t\t\t\t\t\t\t\t\t\t\t<\/div>\r\n\t\t\t\t\t\t\t\t<\/div>\t\t\r\n\t\t\t\t\t\t\t<\/div>\t\t\t\t\r\n\t\r\n\t\t\t\t\t\t\t\t\t\t\t\r\n\t\t\t\t\t\t\t\t\t\t\t\t\t\t\t\t\t\r\n\t\t\t\t\t\t\t<\/div>\r\n\t\t\t\t\t\t<\/div>\r\n\t\t\t\t\t\t\t\t\t\t\t<!-- single portfolio -->\r\n\t\t\t\t\t\t<div class=\" col-md-6 col-sm-12  col-lg-4 grid-item col-xs-12 col-sm-6 branding \" >\r\n\t\t\t\t\t<div class=\"single_protfolio  kc-elm kc-css-594508\">\r\n\t\t\t\t\t\t\t\t\t\t\t\t\r\n\t\t\t\t\t\t\t<div class=\"prot_thumb\">\r\n\t\t\t\t\t\t\t\t\r\n\t\t\t\t\t\t\t\t\t<img loading=\"lazy\" decoding=\"async\" width=\"1024\" height=\"673\" src=\"https:\/\/solucione.com.mx\/corporativo\/wp-content\/uploads\/2020\/10\/wdm-2-e1603298327787.jpeg\" class=\"attachment-post-thumbnail size-post-thumbnail wp-post-image\" alt=\"\" srcset=\"https:\/\/solucione.com.mx\/corporativo\/wp-content\/uploads\/2020\/10\/wdm-2-e1603298327787.jpeg 1024w, https:\/\/solucione.com.mx\/corporativo\/wp-content\/uploads\/2020\/10\/wdm-2-e1603298327787-300x197.jpeg 300w, https:\/\/solucione.com.mx\/corporativo\/wp-content\/uploads\/2020\/10\/wdm-2-e1603298327787-768x505.jpeg 768w\" sizes=\"auto, (max-width: 1024px) 100vw, 1024px\" \/>\t\t\t\t\t\t\t\t\r\n\t\t\t\t\t\t\t\t<div class=\"prot_content em_port_content \">\r\n\t\t\t\t\t\t\t\t\t<div class=\"prot_content_inner\">\r\n\r\n\t\t\t\t\t\t\t\t\t\r\n\t\t\t\t\t\t\t\t\t<div class=\"picon\">\r\n\t\t\t\t\t\t\t\t\t\t\t\t\t\t\t\t\t\t\r\n\t\t\t\t\t\t\t\t\t\t\t\t\t\t\t\t\r\n\t\t\t\t\t\t\t\t\t\t\r\n\t\t\t\t\t\t\t\t\t\t\r\n\t\t\t\t\t\t\t\t\t\t\r\n\t\t\t\t\t\t\t\t\t\t\t\t\t\t\t\t\t\t\t<\/div>\r\n\t\t\t\t\t\t\t\t\t\t\t\t\t\t\t\t\t\t\t\t\r\n\t\t\t\t\t\t\t\t\t\t\t\t\t\t\t\t\t\t\t\t\r\n\t\t\t\t\t\t\t\t\t\t\t\t\t\t\t\t\t\t<div class=\"porttitle_inner\">\r\n\t\t\t\t\t\t\t\t\t\t<h3><a href=\"https:\/\/solucione.com.mx\/corporativo\/em_portfolios\/wavelength-division-multiplexing-3\/\">Wavelength Division Multiplexing<\/a><\/h3>\r\n\t\t\t\t\t\t\t\t\t\t\t\t\t\t\t\t\t\t\t\t<p>\r\n\t\t\t\t\t\t\t\t\t\t\t\t\t\t\t\t\t\t\t\t\t\t\t<span class=\"category-item-p\">\r\n\t\t\t\t\t\t\t\t\t\t\t\t   WDM\t\t\t\t\t\t\t\t\t\t\t\t<\/span>\t\t\t\t\t\t\t\t\t\t\t\t\t\t\t\t\t\t\t\r\n\t\t\t\t\t\t\t\t\t\t\t\t\t\t\t\t\t\t\t\t\t<\/p>\r\n\t\t\t\t\t\t\t\t\t<\/div>\r\n\t\t\t\t\t\t\t\t\t\t\t\t\t\t\t\t\t\t\t\t\t\t\t\t\t\t\t<\/div>\r\n\t\t\t\t\t\t\t\t<\/div>\t\t\r\n\t\t\t\t\t\t\t<\/div>\t\t\t\t\r\n\t\r\n\t\t\t\t\t\t\t\t\t\t\t\r\n\t\t\t\t\t\t\t\t\t\t\t\t\t\t\t\t\t\r\n\t\t\t\t\t\t\t<\/div>\r\n\t\t\t\t\t\t<\/div>\r\n\t\t\t\t\t\t\t\t\t\t\t<!-- single portfolio -->\r\n\t\t\t\t\t\t<div class=\" col-md-6 col-sm-12  col-lg-4 grid-item col-xs-12 col-sm-6 branding \" >\r\n\t\t\t\t\t<div class=\"single_protfolio  kc-elm kc-css-594508\">\r\n\t\t\t\t\t\t\t\t\t\t\t\t\r\n\t\t\t\t\t\t\t<div class=\"prot_thumb\">\r\n\t\t\t\t\t\t\t\t\r\n\t\t\t\t\t\t\t\t\t<img loading=\"lazy\" decoding=\"async\" width=\"1024\" height=\"670\" src=\"https:\/\/solucione.com.mx\/corporativo\/wp-content\/uploads\/2020\/10\/wdm-1-e1603298388479.jpeg\" class=\"attachment-post-thumbnail size-post-thumbnail wp-post-image\" alt=\"\" srcset=\"https:\/\/solucione.com.mx\/corporativo\/wp-content\/uploads\/2020\/10\/wdm-1-e1603298388479.jpeg 1024w, https:\/\/solucione.com.mx\/corporativo\/wp-content\/uploads\/2020\/10\/wdm-1-e1603298388479-300x196.jpeg 300w, https:\/\/solucione.com.mx\/corporativo\/wp-content\/uploads\/2020\/10\/wdm-1-e1603298388479-768x503.jpeg 768w\" sizes=\"auto, (max-width: 1024px) 100vw, 1024px\" \/>\t\t\t\t\t\t\t\t\r\n\t\t\t\t\t\t\t\t<div class=\"prot_content em_port_content \">\r\n\t\t\t\t\t\t\t\t\t<div class=\"prot_content_inner\">\r\n\r\n\t\t\t\t\t\t\t\t\t\r\n\t\t\t\t\t\t\t\t\t<div class=\"picon\">\r\n\t\t\t\t\t\t\t\t\t\t\t\t\t\t\t\t\t\t\r\n\t\t\t\t\t\t\t\t\t\t\t\t\t\t\t\t\r\n\t\t\t\t\t\t\t\t\t\t\r\n\t\t\t\t\t\t\t\t\t\t\r\n\t\t\t\t\t\t\t\t\t\t\r\n\t\t\t\t\t\t\t\t\t\t\t\t\t\t\t\t\t\t\t<\/div>\r\n\t\t\t\t\t\t\t\t\t\t\t\t\t\t\t\t\t\t\t\t\r\n\t\t\t\t\t\t\t\t\t\t\t\t\t\t\t\t\t\t\t\t\r\n\t\t\t\t\t\t\t\t\t\t\t\t\t\t\t\t\t\t<div class=\"porttitle_inner\">\r\n\t\t\t\t\t\t\t\t\t\t<h3><a href=\"https:\/\/solucione.com.mx\/corporativo\/em_portfolios\/wavelength-division-multiplexing-2\/\">Wavelength Division Multiplexing<\/a><\/h3>\r\n\t\t\t\t\t\t\t\t\t\t\t\t\t\t\t\t\t\t\t\t<p>\r\n\t\t\t\t\t\t\t\t\t\t\t\t\t\t\t\t\t\t\t\t\t\t\t<span class=\"category-item-p\">\r\n\t\t\t\t\t\t\t\t\t\t\t\t   WDM\t\t\t\t\t\t\t\t\t\t\t\t<\/span>\t\t\t\t\t\t\t\t\t\t\t\t\t\t\t\t\t\t\t\r\n\t\t\t\t\t\t\t\t\t\t\t\t\t\t\t\t\t\t\t\t\t<\/p>\r\n\t\t\t\t\t\t\t\t\t<\/div>\r\n\t\t\t\t\t\t\t\t\t\t\t\t\t\t\t\t\t\t\t\t\t\t\t\t\t\t\t<\/div>\r\n\t\t\t\t\t\t\t\t<\/div>\t\t\r\n\t\t\t\t\t\t\t<\/div>\t\t\t\t\r\n\t\r\n\t\t\t\t\t\t\t\t\t\t\t\r\n\t\t\t\t\t\t\t\t\t\t\t\t\t\t\t\t\t\r\n\t\t\t\t\t\t\t<\/div>\r\n\t\t\t\t\t\t<\/div>\r\n\t\t\t\t\t\t\t\t\t\t\t<!-- single portfolio -->\r\n\t\t\t\t\t\t<div class=\" col-md-6 col-sm-12  col-lg-4 grid-item col-xs-12 col-sm-6 branding \" >\r\n\t\t\t\t\t<div class=\"single_protfolio  kc-elm kc-css-594508\">\r\n\t\t\t\t\t\t\t\t\t\t\t\t\r\n\t\t\t\t\t\t\t<div class=\"prot_thumb\">\r\n\t\t\t\t\t\t\t\t\r\n\t\t\t\t\t\t\t\t\t<img loading=\"lazy\" decoding=\"async\" width=\"1280\" height=\"851\" src=\"https:\/\/solucione.com.mx\/corporativo\/wp-content\/uploads\/2020\/03\/WDM-ISAM-1-e1603298228946.jpeg\" class=\"attachment-post-thumbnail size-post-thumbnail wp-post-image\" alt=\"\" srcset=\"https:\/\/solucione.com.mx\/corporativo\/wp-content\/uploads\/2020\/03\/WDM-ISAM-1-e1603298228946.jpeg 1280w, https:\/\/solucione.com.mx\/corporativo\/wp-content\/uploads\/2020\/03\/WDM-ISAM-1-e1603298228946-300x199.jpeg 300w, https:\/\/solucione.com.mx\/corporativo\/wp-content\/uploads\/2020\/03\/WDM-ISAM-1-e1603298228946-1024x681.jpeg 1024w, https:\/\/solucione.com.mx\/corporativo\/wp-content\/uploads\/2020\/03\/WDM-ISAM-1-e1603298228946-768x511.jpeg 768w\" sizes=\"auto, (max-width: 1280px) 100vw, 1280px\" \/>\t\t\t\t\t\t\t\t\r\n\t\t\t\t\t\t\t\t<div class=\"prot_content em_port_content \">\r\n\t\t\t\t\t\t\t\t\t<div class=\"prot_content_inner\">\r\n\r\n\t\t\t\t\t\t\t\t\t\r\n\t\t\t\t\t\t\t\t\t<div class=\"picon\">\r\n\t\t\t\t\t\t\t\t\t\t\t\t\t\t\t\t\t\t\r\n\t\t\t\t\t\t\t\t\t\t\t\t\t\t\t\t\r\n\t\t\t\t\t\t\t\t\t\t\r\n\t\t\t\t\t\t\t\t\t\t\r\n\t\t\t\t\t\t\t\t\t\t\r\n\t\t\t\t\t\t\t\t\t\t\t\t\t\t\t\t\t\t\t<\/div>\r\n\t\t\t\t\t\t\t\t\t\t\t\t\t\t\t\t\t\t\t\t\r\n\t\t\t\t\t\t\t\t\t\t\t\t\t\t\t\t\t\t\t\t\r\n\t\t\t\t\t\t\t\t\t\t\t\t\t\t\t\t\t\t<div class=\"porttitle_inner\">\r\n\t\t\t\t\t\t\t\t\t\t<h3><a href=\"https:\/\/solucione.com.mx\/corporativo\/em_portfolios\/wdm\/\">Wavelength Division Multiplexing<\/a><\/h3>\r\n\t\t\t\t\t\t\t\t\t\t\t\t\t\t\t\t\t\t\t\t<p>\r\n\t\t\t\t\t\t\t\t\t\t\t\t\t\t\t\t\t\t\t\t\t\t\t<span class=\"category-item-p\">\r\n\t\t\t\t\t\t\t\t\t\t\t\t   WDM\t\t\t\t\t\t\t\t\t\t\t\t<\/span>\t\t\t\t\t\t\t\t\t\t\t\t\t\t\t\t\t\t\t\r\n\t\t\t\t\t\t\t\t\t\t\t\t\t\t\t\t\t\t\t\t\t<\/p>\r\n\t\t\t\t\t\t\t\t\t<\/div>\r\n\t\t\t\t\t\t\t\t\t\t\t\t\t\t\t\t\t\t\t\t\t\t\t\t\t\t\t<\/div>\r\n\t\t\t\t\t\t\t\t<\/div>\t\t\r\n\t\t\t\t\t\t\t<\/div>\t\t\t\t\r\n\t\r\n\t\t\t\t\t\t\t\t\t\t\t\r\n\t\t\t\t\t\t\t\t\t\t\t\t\t\t\t\t\t\r\n\t\t\t\t\t\t\t<\/div>\r\n\t\t\t\t\t\t<\/div>\r\n\t\t\t\t\t\t\r\n\t\t\t\t\t\t\t\t\t<\/div>\r\n\t\t\t<\/div>\t\t\t\t\t\r\n\t\t\t\t\t\t\r\n\t\t<\/div><\/div><\/div><\/div><\/section><\/p>\n","protected":false},"excerpt":{"rendered":"","protected":false},"author":1,"featured_media":0,"parent":0,"menu_order":0,"comment_status":"closed","ping_status":"closed","template":"","meta":{"footnotes":""},"class_list":["post-2140","page","type-page","status-publish","hentry"],"_links":{"self":[{"href":"https:\/\/solucione.com.mx\/corporativo\/wp-json\/wp\/v2\/pages\/2140","targetHints":{"allow":["GET"]}}],"collection":[{"href":"https:\/\/solucione.com.mx\/corporativo\/wp-json\/wp\/v2\/pages"}],"about":[{"href":"https:\/\/solucione.com.mx\/corporativo\/wp-json\/wp\/v2\/types\/page"}],"author":[{"embeddable":true,"href":"https:\/\/solucione.com.mx\/corporativo\/wp-json\/wp\/v2\/users\/1"}],"replies":[{"embeddable":true,"href":"https:\/\/solucione.com.mx\/corporativo\/wp-json\/wp\/v2\/comments?post=2140"}],"version-history":[{"count":4,"href":"https:\/\/solucione.com.mx\/corporativo\/wp-json\/wp\/v2\/pages\/2140\/revisions"}],"predecessor-version":[{"id":2465,"href":"https:\/\/solucione.com.mx\/corporativo\/wp-json\/wp\/v2\/pages\/2140\/revisions\/2465"}],"wp:attachment":[{"href":"https:\/\/solucione.com.mx\/corporativo\/wp-json\/wp\/v2\/media?parent=2140"}],"curies":[{"name":"wp","href":"https:\/\/api.w.org\/{rel}","templated":true}]}}