{"id":2192,"date":"2020-04-29T22:38:25","date_gmt":"2020-04-29T22:38:25","guid":{"rendered":"http:\/\/corporativo.solucione.com.mx\/?page_id=2192"},"modified":"2024-09-30T15:56:08","modified_gmt":"2024-09-30T20:56:08","slug":"red-de-datos-gubernamental","status":"publish","type":"page","link":"https:\/\/solucione.com.mx\/corporativo\/red-de-datos-gubernamental\/","title":{"rendered":"Red de datos gubernamental"},"content":{"rendered":"<p><section class=\"kc-elm kc-css-657381 kc_row\"><div class=\"kc-row-container  kc-container\"><div class=\"kc-wrap-columns\"><div class=\"kc-elm kc-css-922138 kc_col-sm-12 kc_column kc_col-sm-12\"><div class=\"kc-col-container\"><div class=\"kc-elm kc-css-846124 kc_row kc_row_inner\"><div class=\"kc-elm kc-css-563529 kc_col-sm-5 kc_column_inner kc_col-sm-5\"><div class=\"kc_wrapper kc-col-inner-container\">\n<div class=\"kc-elm kc-css-296997 kc-title-wrap \">\n\n\t<h1 class=\"kc_title\">1,400<\/h1>\n<\/div>\n\n<div class=\"kc-elm kc-css-543906 kc-title-wrap \">\n\n\t<h2 class=\"kc_title\">Servicios a Dependencias de Gobierno \r\n<\/h2>\n<\/div>\n<\/div><\/div><div class=\"kc-elm kc-css-118099 kc_col-sm-7 kc_column_inner kc_col-sm-7\"><div class=\"kc_wrapper kc-col-inner-container\"><div class=\"kc-elm kc-css-647488 kc_row kc_row_inner\"><div class=\"kc-elm kc-css-214045 kc_col-sm-12 kc_column_inner kc_col-sm-12\"><div class=\"kc_wrapper kc-col-inner-container\">\n<div class=\"kc-elm kc-css-21012 kc-title-wrap \">\n\n\t<h4 class=\"kc_title\">En Grupo Alternativas somos especialistas en la integraci\u00f3n de redes de datos para el Gobierno Federal, Instituciones de Salud como el IMSS o el ISSSTE entre otras. <\/h4>\n<\/div>\n<\/div><\/div><\/div><div class=\"kc-elm kc-css-257768 kc_text_block\"><\/p>\n<p>Nuestra metodolog\u00eda ha sido perfeccionada a trav\u00e9s de los a\u00f1os para generar sistemas altamente confiables y apegados a las normas y est\u00e1ndares internacionales de seguridad con nosotros tiene la confianza de recibir un servicio que cumpla ampliamente sus expectativas y esta a la altura de las exigencias actuales.\u00a0<\/p>\n<p>\n<\/div><\/div><\/div><\/div><\/div><\/div><\/div><\/div><\/section><section class=\"kc-elm kc-css-761059 kc_row\"><div class=\"kc-row-container  kc-container\"><div class=\"kc-wrap-columns\"><div class=\"kc-elm kc-css-938064 kc_col-sm-12 kc_column kc_col-sm-12\"><div class=\"kc-col-container\"><div class=\"kc-elm kc-css-933209 kc_row kc_row_inner\"><div class=\"kc-elm kc-css-460501 kc_col-sm-12 kc_column_inner kc_col-sm-12\"><div class=\"kc_wrapper kc-col-inner-container\">\t\r\r\t<div class=\"kc-elm kc-css-630284 \">\r\r\t\t<div class=\"section-title  t_center\">\r\t\t\t\t\t\t\t<h5>Servicios<\/h5>\r\t\t\t\t\t\t<h3>Tenemos amplia experiencia <\/h3>\r\t\t\t<h2>en Tecnolog\u00edas de la Informaci\u00f3n<\/h2>\r\t\t\t\r\t\t\t\t\t\t\r\t\t\t\t\t\t\r\t\t\t\t<div class=\"em-bar-main\">\r\t\t\t\t\t<div class=\"em-bar em-bar-big\"><\/div>\r\t\t\t\t<\/div>\r\t\t\t\t\r\t\t\t\r\r\t\t\t\t\t\t\r\t\t\t\t\r\r\t\t<\/div>\t\r\r\t<\/div>\t\r\r\t<div class=\"kc-elm kc-css-104752\" style=\"height: 30px; clear: both; width:100%;\"><\/div><div class=\"kc-elm kc-css-971801 kc_row kc_row_inner\"><div class=\"kc-elm kc-css-750094 kc_col-sm-4 kc_column_inner kc_col-sm-4\"><div class=\"kc_wrapper kc-col-inner-container\">\r\n\t\t\t<div class=\"em-service service-style-two  kc-elm kc-css-99074\">\t\t\r\n\t\t\t\t\r\n\t\t\t\t\t\t\t\t\t<div class=\"em-service-icon\">\r\n\t\t\t\t\t\t<i class=\"flaticon-server\"><\/i>\r\n\t\t\t\t\t<\/div>\t\t\t\r\n\t\t\t\t\t\r\n\t\t\t\t<div class=\"em_service_content\">\r\n\t\t\t\t\t<div class=\"em-service-title\"><h2>Infraestructura de cableado estructurado <\/h2><\/div>\t\t\t\t\t\t\t\r\n\t\t\t\t\t<div class=\"em-service-desc\"><p>Es un sistema completo de cableado que permite una infraestructura de telecomunicaciones para diferentes fines.<\/p><\/div>\t\t\t\t\t<div class=\"service-btn\"><a href=\"https:\/\/solucione.com.mx\/corporativo\/infra\/\">Leer m\u00e1s<i class=\"fa fa-angle-right\"><\/i><\/a><\/div>\t\t\t\t\t\t\t\t\r\n\t\t\t\t<\/div>\r\n\t\t\t<\/div>\t\r\n\t\t\t<\/div><\/div><div class=\"kc-elm kc-css-84234 kc_col-sm-4 kc_column_inner kc_col-sm-4\"><div class=\"kc_wrapper kc-col-inner-container\">\r\n\t\t\t<div class=\"em-service service-style-two  kc-elm kc-css-26652\">\t\t\r\n\t\t\t\t\r\n\t\t\t\t\t\t\t\t\t<div class=\"em-service-icon\">\r\n\t\t\t\t\t\t<i class=\"icofont-wifi\"><\/i>\r\n\t\t\t\t\t<\/div>\t\t\t\r\n\t\t\t\t\t\r\n\t\t\t\t<div class=\"em_service_content\">\r\n\t\t\t\t\t<div class=\"em-service-title\"><h2>Integraci\u00f3n de redes in\u00e1lambricas<\/h2><\/div>\t\t\t\t\t\t\t\r\n\t\t\t\t\t<div class=\"em-service-desc\"><p>Proyecto, cuyo objetivo es contribuir a cerrar la brecha digital en la adopci\u00f3n de tecnolog\u00edas de la informaci\u00f3n en zonas urbana y rural.<\/p><\/div>\t\t\t\t\t<div class=\"service-btn\"><a href=\"https:\/\/solucione.com.mx\/corporativo\/integracion-de-redes-inalambricas\/\">Leer m\u00e1s<i class=\"fa fa-angle-right\"><\/i><\/a><\/div>\t\t\t\t\t\t\t\t\r\n\t\t\t\t<\/div>\r\n\t\t\t<\/div>\t\r\n\t\t\t<\/div><\/div><div class=\"kc-elm kc-css-756980 kc_col-sm-4 kc_column_inner kc_col-sm-4\"><div class=\"kc_wrapper kc-col-inner-container\">\r\n\t\t\t<div class=\"em-service service-style-two  kc-elm kc-css-350127\">\t\t\r\n\t\t\t\t\r\n\t\t\t\t\t\t\t\t\t<div class=\"em-service-icon\">\r\n\t\t\t\t\t\t<i class=\"icofont-network-tower\"><\/i>\r\n\t\t\t\t\t<\/div>\t\t\t\r\n\t\t\t\t\t\r\n\t\t\t\t<div class=\"em_service_content\">\r\n\t\t\t\t\t<div class=\"em-service-title\"><h2>Integraci\u00f3n de equipos de red.<\/h2><\/div>\t\t\t\t\t\t\t\r\n\t\t\t\t\t<div class=\"em-service-desc\"><p>Microwave Packet Radio (MPR),  radio digital de microondas habilita tecnolog\u00eda  PDH y paquetes de datos para migrar TDM a IP. <\/p><\/div>\t\t\t\t\t<div class=\"service-btn\"><a href=\"https:\/\/solucione.com.mx\/corporativo\/integracion-de-equipos-de-red\/\">Leer m\u00e1s<i class=\"fa fa-angle-right\"><\/i><\/a><\/div>\t\t\t\t\t\t\t\t\r\n\t\t\t\t<\/div>\r\n\t\t\t<\/div>\t\r\n\t\t\t<\/div><\/div><\/div><\/div><\/div><\/div><\/div><\/div><\/div><\/div><\/section><\/p>\n","protected":false},"excerpt":{"rendered":"","protected":false},"author":1,"featured_media":0,"parent":0,"menu_order":0,"comment_status":"closed","ping_status":"closed","template":"","meta":{"footnotes":""},"class_list":["post-2192","page","type-page","status-publish","hentry"],"_links":{"self":[{"href":"https:\/\/solucione.com.mx\/corporativo\/wp-json\/wp\/v2\/pages\/2192","targetHints":{"allow":["GET"]}}],"collection":[{"href":"https:\/\/solucione.com.mx\/corporativo\/wp-json\/wp\/v2\/pages"}],"about":[{"href":"https:\/\/solucione.com.mx\/corporativo\/wp-json\/wp\/v2\/types\/page"}],"author":[{"embeddable":true,"href":"https:\/\/solucione.com.mx\/corporativo\/wp-json\/wp\/v2\/users\/1"}],"replies":[{"embeddable":true,"href":"https:\/\/solucione.com.mx\/corporativo\/wp-json\/wp\/v2\/comments?post=2192"}],"version-history":[{"count":16,"href":"https:\/\/solucione.com.mx\/corporativo\/wp-json\/wp\/v2\/pages\/2192\/revisions"}],"predecessor-version":[{"id":3312,"href":"https:\/\/solucione.com.mx\/corporativo\/wp-json\/wp\/v2\/pages\/2192\/revisions\/3312"}],"wp:attachment":[{"href":"https:\/\/solucione.com.mx\/corporativo\/wp-json\/wp\/v2\/media?parent=2192"}],"curies":[{"name":"wp","href":"https:\/\/api.w.org\/{rel}","templated":true}]}}