{"id":2197,"date":"2020-04-30T01:50:31","date_gmt":"2020-04-30T01:50:31","guid":{"rendered":"http:\/\/corporativo.solucione.com.mx\/?page_id=2197"},"modified":"2020-05-02T03:32:49","modified_gmt":"2020-05-02T03:32:49","slug":"infra","status":"publish","type":"page","link":"https:\/\/solucione.com.mx\/corporativo\/infra\/","title":{"rendered":"Infraestructura de cableado estructurado"},"content":{"rendered":"<p><section class=\"kc-elm kc-css-289262 kc_row\"><div class=\"kc-row-container  kc-container\"><div class=\"kc-wrap-columns\"><div class=\"kc-elm kc-css-52593 kc_col-sm-6 kc_column kc_col-sm-6\"><div class=\"kc-col-container\"><div class=\"kc-elm kc-css-377908 kc-animated kc-animate-eff-zoomInUp kc_shortcode kc_single_image\">\n\n        <img decoding=\"async\" src=\"https:\/\/solucione.com.mx\/corporativo\/wp-content\/uploads\/2020\/03\/blog2.jpg\" class=\"\" alt=\"\" \/>    <\/div>\n<\/div><\/div><div class=\"kc-elm kc-css-967306 kc_col-sm-6 kc_column kc_col-sm-6\"><div class=\"kc-col-container\">\n<div class=\"kc-elm kc-css-82269 kc-title-wrap \">\n\n\t<h1 class=\"kc_title\">Infraestructura <\/h1>\n<\/div>\n\n<div class=\"kc-elm kc-css-731286 kc-title-wrap \">\n\n\t<h4 class=\"kc_title\">De cableado estructurado<\/h4>\n<\/div>\n<div class=\"kc-elm kc-css-646690\" style=\"height: 45px; clear: both; width:100%;\"><\/div><div class=\"kc-elm kc-css-405867 kc_text_block\"><\/p>\n<p>Nos referimos a un sistema de conectores, cables, dispositivos y canalizaciones\u00a0que forman la infraestructura que implanta una red de \u00e1rea local en un edificio o recinto, y su funci\u00f3n es transportar se\u00f1ales desde distintos emisores hasta los receptores correspondientes.<\/p>\n<p>\n<\/div><div class=\"kc-elm kc-css-636989\" style=\"height: 8px; clear: both; width:100%;\"><\/div><div class=\"kc-elm kc-css-53738 kc_text_block\"><\/p>\n<p><span style=\"color: #525c69; font-family: &#039;Open Sans&#039;, sans-serif;\">Su estructura contiene una combinaci\u00f3n de cables de par trenzado protegidos o no protegidos (STP y UTP por sus siglas en ingl\u00e9s, respectivamente), y en algunas ocasiones de fibras \u00f3pticas y cables coaxiales. Sus elementos principales son el\u00a0cableado horizontal, el\u00a0cableado vertical y el\u00a0cuarto de telecomunicaciones.<\/span><\/p>\n<p>\n<\/div><\/div><\/div><\/div><\/div><\/section><section class=\"kc-elm kc-css-977646 kc_row\"><div class=\"kc-row-container  kc-container\"><div class=\"kc-wrap-columns\"><div class=\"kc-elm kc-css-153508 kc_col-sm-12 kc_column kc_col-sm-12\"><div class=\"kc-col-container\"><div class=\"kc-elm kc-css-650457\" style=\"height: 20px; clear: both; width:100%;\"><\/div><div data-allowopenall=\"true\" data-closeall=\"true\" class=\"kc-elm kc-css-352566 kc_accordion_wrapper\">\n<div class=\"kc-elm kc-css-378803 kc_accordion_section group \"><h3 class=\"kc_accordion_header ui-accordion-header\"><span class=\"ui-accordion-header-icon ui-icon\"><\/span><a href=\"#cuales-son-los-elementos-a-considerar\" data-prevent=\"scroll\"><i class=\"\"><\/i> \u00bfCu\u00e1les son los elementos a considerar?<\/a><\/h3><div class=\"kc_accordion_content ui-accordion-content kc_clearfix\"><div class=\"kc-panel-body\"><div class=\"kc-elm kc-css-541826 kc-feature-boxes kc-fb-layout-3\">\n\n\t<div class=\"content-icon\"><i class=\"icofont-check-circled\"><\/i><\/div><div class=\"box-right\"><div class=\"content-desc\">Estructura del edificio  (Hospital, gobierno, escuela)<\/div><\/div>\n<\/div>\n<div class=\"kc-elm kc-css-326335 kc-feature-boxes kc-fb-layout-3\">\n\n\t<div class=\"content-icon\"><i class=\"icofont-check-circled\"><\/i><\/div><div class=\"box-right\"><div class=\"content-desc\">Infraestructura de canalizaci\u00f3n, cableado y ancho de banda requerido<\/div><\/div>\n<\/div>\n<div class=\"kc-elm kc-css-790056 kc-feature-boxes kc-fb-layout-3\">\n\n\t<div class=\"content-icon\"><i class=\"icofont-check-circled\"><\/i><\/div><div class=\"box-right\"><div class=\"content-desc\">Equipo de networking a utilizar<\/div><\/div>\n<\/div>\n<div class=\"kc-elm kc-css-279366 kc-feature-boxes kc-fb-layout-3\">\n\n\t<div class=\"content-icon\"><i class=\"icofont-check-circled\"><\/i><\/div><div class=\"box-right\"><div class=\"content-desc\">Requisitos de cada Instituci\u00f3n o Dependencia<\/div><\/div>\n<\/div>\n<div class=\"kc-elm kc-css-397368 kc-feature-boxes kc-fb-layout-3\">\n\n\t<div class=\"content-icon\"><i class=\"icofont-check-circled\"><\/i><\/div><div class=\"box-right\"><div class=\"content-desc\">Uso final de la instalaci\u00f3n <\/div><\/div>\n<\/div>\n<\/div><\/div><\/div><\/div>\n<\/div><\/div><\/div><\/div><\/section><section class=\"kc-elm kc-css-602431 kc_row\"><div class=\"kc-row-container  kc-container\"><div class=\"kc-wrap-columns\"><div class=\"kc-elm kc-css-416011 kc_col-sm-12 kc_column kc_col-sm-12\"><div class=\"kc-col-container\">\n<div class=\"kc-elm kc-css-886430 kc-title-wrap \">\n\n\t<h1 class=\"kc_title\">Algunos proyectos que nos respaldan<\/h1>\n<\/div>\n<div class=\"kc-elm kc-css-555035\" style=\"height: 40px; clear: both; width:100%;\"><\/div><\/div><\/div><\/div><\/div><\/section><section class=\"kc-elm kc-css-621353 kc_row\"><div class=\"kc-row-container  kc-container\"><div class=\"kc-wrap-columns\"><div class=\"kc-elm kc-css-137557 kc_col-sm-4 kc_column kc_col-sm-4\"><div class=\"kc-col-container\"><div class=\"kc-elm kc-css-614722 kc_shortcode kc_single_image\">\n\n        <img decoding=\"async\" src=\"https:\/\/solucione.com.mx\/corporativo\/wp-content\/uploads\/2020\/03\/imss-e1597960042422.png\" class=\"\" alt=\"\" \/>    <\/div>\n<div class=\"kc-elm kc-css-37632\" style=\"height: 10px; clear: both; width:100%;\"><\/div>\n<div class=\"kc-elm kc-css-268914 kc-flipbox kc-flip-container\" ontouchstart=\"this.classList.toggle('hover');\">\n\t<div class=\"flipper\">\n\t\t<div class=\"front\">\n\t\t\t<div class=\"front-content\">\n\t\t\t\t<h3>IMSS<\/h3><p>Instituto Mexicano del Seguro Social<\/p>\t\t\t<\/div>\n\t\t<\/div>\n\t\t<div class=\"back\">\n\t\t\t<div class=\"des\">\n\t\t\t\t<p>Grupo Alternativas Solucione ha participado en el proyecto de proceso de licitaci\u00f3n para la ampliaci\u00f3n de la red de datos para el IMSS en el estado de Hidalgo, ganando este proceso en el a\u00f1o 2016,  2018  y  2019. <\/p>\t\t\t<\/div>\n\t\t<\/div>\n\t<\/div>\n<\/div>\n<\/div><\/div><div class=\"kc-elm kc-css-401927 kc_col-sm-4 kc_column kc_col-sm-4\"><div class=\"kc-col-container\"><div class=\"kc-elm kc-css-827884 kc_shortcode kc_single_image\">\n\n        <img decoding=\"async\" src=\"https:\/\/solucione.com.mx\/corporativo\/wp-content\/uploads\/2020\/03\/hgo-e1587074719432.jpg\" class=\"\" alt=\"\" \/>    <\/div>\n<div class=\"kc-elm kc-css-868626\" style=\"height: 10px; clear: both; width:100%;\"><\/div>\n<div class=\"kc-elm kc-css-680457 kc-flipbox kc-flip-container\" ontouchstart=\"this.classList.toggle('hover');\">\n\t<div class=\"flipper\">\n\t\t<div class=\"front\">\n\t\t\t<div class=\"front-content\">\n\t\t\t\t<h3>Gobierno<\/h3><p>Palacio de Gobierno del Estado de Hidalgo <\/p>\t\t\t<\/div>\n\t\t<\/div>\n\t\t<div class=\"back\">\n\t\t\t<div class=\"des\">\n\t\t\t\t<p>En el a\u00f1o 2014-2015 a trav\u00e9s de Alcatel Lucent  Enterprise participo en la migraci\u00f3n de la red de voz del Gobierno del Estado de Hidalgo, se cambi\u00f3 de equipos Avaya a equipos Alcatel Media Gateway Large y equipos telef\u00f3nicos IP<\/p>\t\t\t<\/div>\n\t\t<\/div>\n\t<\/div>\n<\/div>\n<\/div><\/div><div class=\"kc-elm kc-css-701224 kc_col-sm-4 kc_column kc_col-sm-4\"><div class=\"kc-col-container\"><div class=\"kc-elm kc-css-837147 kc_shortcode kc_single_image\">\n\n        <img decoding=\"async\" src=\"https:\/\/solucione.com.mx\/corporativo\/wp-content\/uploads\/2020\/04\/Logo-Grupo-Modelo.png\" class=\"\" alt=\"\" \/>    <\/div>\n<div class=\"kc-elm kc-css-653807\" style=\"height: 10px; clear: both; width:100%;\"><\/div>\n<div class=\"kc-elm kc-css-683432 kc-flipbox kc-flip-container\" ontouchstart=\"this.classList.toggle('hover');\">\n\t<div class=\"flipper\">\n\t\t<div class=\"front\">\n\t\t\t<div class=\"front-content\">\n\t\t\t\t<h3>Grupo Modelo <\/h3><p>Empresa privada dedicada a la producci\u00f3n de cerveza<\/p>\t\t\t<\/div>\n\t\t<\/div>\n\t\t<div class=\"back\">\n\t\t\t<div class=\"des\">\n\t\t\t\t<p>En 2013 en colaboraci\u00f3n de Grupo Schnedider; se instalaron c\u00e1maras de video vigilancia en las instalaciones de Grupo Modelo en Tuxtla Gutierrez y Tapachula Chiapas, as\u00ed como tambi\u00e9n en Toluca Edo. de M\u00e9xico y Cuernavaca Morelos.<\/p>\t\t\t<\/div>\n\t\t<\/div>\n\t<\/div>\n<\/div>\n<\/div><\/div><\/div><\/div><\/section><\/p>\n","protected":false},"excerpt":{"rendered":"","protected":false},"author":1,"featured_media":0,"parent":0,"menu_order":0,"comment_status":"closed","ping_status":"closed","template":"","meta":{"footnotes":""},"class_list":["post-2197","page","type-page","status-publish","hentry"],"_links":{"self":[{"href":"https:\/\/solucione.com.mx\/corporativo\/wp-json\/wp\/v2\/pages\/2197","targetHints":{"allow":["GET"]}}],"collection":[{"href":"https:\/\/solucione.com.mx\/corporativo\/wp-json\/wp\/v2\/pages"}],"about":[{"href":"https:\/\/solucione.com.mx\/corporativo\/wp-json\/wp\/v2\/types\/page"}],"author":[{"embeddable":true,"href":"https:\/\/solucione.com.mx\/corporativo\/wp-json\/wp\/v2\/users\/1"}],"replies":[{"embeddable":true,"href":"https:\/\/solucione.com.mx\/corporativo\/wp-json\/wp\/v2\/comments?post=2197"}],"version-history":[{"count":9,"href":"https:\/\/solucione.com.mx\/corporativo\/wp-json\/wp\/v2\/pages\/2197\/revisions"}],"predecessor-version":[{"id":2489,"href":"https:\/\/solucione.com.mx\/corporativo\/wp-json\/wp\/v2\/pages\/2197\/revisions\/2489"}],"wp:attachment":[{"href":"https:\/\/solucione.com.mx\/corporativo\/wp-json\/wp\/v2\/media?parent=2197"}],"curies":[{"name":"wp","href":"https:\/\/api.w.org\/{rel}","templated":true}]}}