{"id":2246,"date":"2020-08-11T22:25:11","date_gmt":"2020-08-11T22:25:11","guid":{"rendered":"http:\/\/corporativo.solucione.com.mx\/?page_id=2246"},"modified":"2020-09-29T18:20:45","modified_gmt":"2020-09-29T18:20:45","slug":"fibra","status":"publish","type":"page","link":"https:\/\/solucione.com.mx\/corporativo\/fibra\/","title":{"rendered":"Fibra \u00f3ptica"},"content":{"rendered":"<p><section class=\"kc-elm kc-css-464787 kc_row\"><div class=\"kc-row-container  kc-container\"><div class=\"kc-wrap-columns\"><div class=\"kc-elm kc-css-230982 kc_col-sm-6 kc_column kc_col-sm-6\"><div class=\"kc-col-container\"><div class=\"kc-elm kc-css-557740 kc-animated kc-animate-eff-zoomIn kc_shortcode kc_single_image\">\n\n        <img decoding=\"async\" src=\"https:\/\/solucione.com.mx\/corporativo\/wp-content\/uploads\/2020\/03\/blog1.jpg\" class=\"\" alt=\"\" \/>    <\/div>\n<\/div><\/div><div class=\"kc-elm kc-css-245077 kc_col-sm-6 kc_column kc_col-sm-6\"><div class=\"kc-col-container\">\n<div class=\"kc-elm kc-css-876385 kc-title-wrap \">\n\n\t<h1 class=\"kc_title\">Proyectos con fibra \u00f3ptica<\/h1>\n<\/div>\n\n<div class=\"kc-elm kc-css-660114 divider_line\">\n\t<div class=\"divider_inner divider_line1\">\n\t\t\t<\/div>\n<\/div>\n<div class=\"kc-elm kc-css-200919 kc_text_block\"><\/p>\n<p>Somos un equipo con la experiencia y conocimientos para apoyar tus proyectos ya sea para operadores de telecomunicaciones, empresas u oficinas de gobierno. Siempre estaremos a tu lado para apoyarte con\u00a0nuestro incre\u00edble equipo de ingenier\u00eda.\u00a0<\/p>\n<p>\n<\/div><\/div><\/div><\/div><\/div><\/section><section class=\"kc-elm kc-css-428891 kc_row\"><div class=\"kc-row-container  kc-container\"><div class=\"kc-wrap-columns\"><div class=\"kc-elm kc-css-687064 kc_col-sm-12 kc_column kc_col-sm-12\"><div class=\"kc-col-container\"><div class=\"kc-elm kc-css-543427\" style=\"height: 20px; clear: both; width:100%;\"><\/div><div class=\"kc-elm kc-css-984026 kc_row kc_row_inner\"><div class=\"kc-elm kc-css-19886 kc_col-sm-4 kc_column_inner kc_col-sm-4\"><div class=\"kc_wrapper kc-col-inner-container\">\n<div class=\"kc-elm kc-css-468008 kc-flipbox kc-flip-container\" ontouchstart=\"this.classList.toggle('hover');\">\n\t<div class=\"flipper\">\n\t\t<div class=\"front\">\n\t\t\t<div class=\"front-content\">\n\t\t\t\t<h3>VIDEO Y CIRCUITO CERRADO<\/h3><p>Instalaciones de CCTV en empresas, centros comerciales u hogares.<\/p>\t\t\t<\/div>\n\t\t<\/div>\n\t\t<div class=\"back\">\n\t\t\t<div class=\"des\">\n\t\t\t\t<p>Mant\u00e9n un monitoreo detallado en tiempo real, con la m\u00e1xima calidad de cada detalle<\/p>\t\t\t<\/div>\n\t\t<\/div>\n\t<\/div>\n<\/div>\n<div class=\"kc-elm kc-css-955968\" style=\"height: 20px; clear: both; width:100%;\"><\/div>\n<div class=\"kc-elm kc-css-70659 kc-flipbox kc-flip-container\" ontouchstart=\"this.classList.toggle('hover');\">\n\t<div class=\"flipper\">\n\t\t<div class=\"front\">\n\t\t\t<div class=\"front-content\">\n\t\t\t\t<h3>Planta externa<\/h3><p>Instalaciones de fibra \u00f3ptica en planta externa <\/p>\t\t\t<\/div>\n\t\t<\/div>\n\t\t<div class=\"back\">\n\t\t\t<div class=\"des\">\n\t\t\t\t<h3>Planta externa fibra \u00f3ptica <\/h3><p>Tenemos experiencia en instalaciones de infraestructura y tendido de fibra \u00f3ptica.<\/p>\t\t\t<\/div>\n\t\t<\/div>\n\t<\/div>\n<\/div>\n<\/div><\/div><div class=\"kc-elm kc-css-358230 kc_col-sm-4 kc_column_inner kc_col-sm-4\"><div class=\"kc_wrapper kc-col-inner-container\">\n<div class=\"kc-elm kc-css-495111 kc-flipbox kc-flip-container\" ontouchstart=\"this.classList.toggle('hover');\">\n\t<div class=\"flipper\">\n\t\t<div class=\"front\">\n\t\t\t<div class=\"front-content\">\n\t\t\t\t<h3>Enlaces subterr\u00e1neos<\/h3><p>Realizaci\u00f3n de enlaces subterr\u00e1neos y a\u00e9reos de fibra \u00f3ptica. <\/p>\t\t\t<\/div>\n\t\t<\/div>\n\t\t<div class=\"back\">\n\t\t\t<div class=\"des\">\n\t\t\t\t<h3>Enlaces subterr\u00e1neos<\/h3><p>Tenemos experiencia en instalaci\u00f3n de cables a\u00e9reos (CCTV) y subterr\u00e1neos de fibra \u00f3ptica (torres). <\/p>\t\t\t<\/div>\n\t\t<\/div>\n\t<\/div>\n<\/div>\n<div class=\"kc-elm kc-css-286214\" style=\"height: 20px; clear: both; width:100%;\"><\/div>\n<div class=\"kc-elm kc-css-505804 kc-flipbox kc-flip-container\" ontouchstart=\"this.classList.toggle('hover');\">\n\t<div class=\"flipper\">\n\t\t<div class=\"front\">\n\t\t\t<div class=\"front-content\">\n\t\t\t\t<h3>Caracterizaciones <\/h3><p>Realizado de pruebas de caracterizaci\u00f3n de fibra. <\/p>\t\t\t<\/div>\n\t\t<\/div>\n\t\t<div class=\"back\">\n\t\t\t<div class=\"des\">\n\t\t\t\t<h3>Caracterizaci\u00f3n de fibra <\/h3><p>Contamos con experiencia en caracterizaci\u00f3n de fibra \u00f3ptica en la realizaci\u00f3n de pruebas, an\u00e1lisis de extremo a extremo e instalaci\u00f3n. <\/p>\t\t\t<\/div>\n\t\t<\/div>\n\t<\/div>\n<\/div>\n<\/div><\/div><div class=\"kc-elm kc-css-875677 kc_col-sm-4 kc_column_inner kc_col-sm-4\"><div class=\"kc_wrapper kc-col-inner-container\">\n<div class=\"kc-elm kc-css-351270 kc-flipbox kc-flip-container\" ontouchstart=\"this.classList.toggle('hover');\">\n\t<div class=\"flipper\">\n\t\t<div class=\"front\">\n\t\t\t<div class=\"front-content\">\n\t\t\t\t<h3>Empalmes<\/h3><p>Fusiones de fibra \u00f3ptica en planta interna y externa<\/p>\t\t\t<\/div>\n\t\t<\/div>\n\t\t<div class=\"back\">\n\t\t\t<div class=\"des\">\n\t\t\t\t<h3>Empalmes de fibra \u00f3ptica <\/h3><p>Tenemos experiencia en realizar empalmes entre planta interna y externa para lograr continuidad en la fibra. <\/p>\t\t\t<\/div>\n\t\t<\/div>\n\t<\/div>\n<\/div>\n<div class=\"kc-elm kc-css-626226\" style=\"height: 20px; clear: both; width:100%;\"><\/div>\n<div class=\"kc-elm kc-css-304992 kc-flipbox kc-flip-container\" ontouchstart=\"this.classList.toggle('hover');\">\n\t<div class=\"flipper\">\n\t\t<div class=\"front\">\n\t\t\t<div class=\"front-content\">\n\t\t\t\t<h3>Certificaci\u00f3n<\/h3><p>Certificaciones de fibra \u00f3ptica<\/p>\t\t\t<\/div>\n\t\t<\/div>\n\t\t<div class=\"back\">\n\t\t\t<div class=\"des\">\n\t\t\t\t<h3>Certificaciones en la fibra \u00f3ptica <\/h3><p>Realizaci\u00f3n de pruebas en la instalaci\u00f3n para verificar normativas y est\u00e1ndares industriales a seguir. <\/p>\t\t\t<\/div>\n\t\t<\/div>\n\t<\/div>\n<\/div>\n<\/div><\/div><\/div><\/div><\/div><\/div><\/div><\/section><\/p>\n","protected":false},"excerpt":{"rendered":"","protected":false},"author":1,"featured_media":0,"parent":0,"menu_order":0,"comment_status":"closed","ping_status":"open","template":"","meta":{"footnotes":""},"class_list":["post-2246","page","type-page","status-publish","hentry"],"_links":{"self":[{"href":"https:\/\/solucione.com.mx\/corporativo\/wp-json\/wp\/v2\/pages\/2246","targetHints":{"allow":["GET"]}}],"collection":[{"href":"https:\/\/solucione.com.mx\/corporativo\/wp-json\/wp\/v2\/pages"}],"about":[{"href":"https:\/\/solucione.com.mx\/corporativo\/wp-json\/wp\/v2\/types\/page"}],"author":[{"embeddable":true,"href":"https:\/\/solucione.com.mx\/corporativo\/wp-json\/wp\/v2\/users\/1"}],"replies":[{"embeddable":true,"href":"https:\/\/solucione.com.mx\/corporativo\/wp-json\/wp\/v2\/comments?post=2246"}],"version-history":[{"count":9,"href":"https:\/\/solucione.com.mx\/corporativo\/wp-json\/wp\/v2\/pages\/2246\/revisions"}],"predecessor-version":[{"id":2721,"href":"https:\/\/solucione.com.mx\/corporativo\/wp-json\/wp\/v2\/pages\/2246\/revisions\/2721"}],"wp:attachment":[{"href":"https:\/\/solucione.com.mx\/corporativo\/wp-json\/wp\/v2\/media?parent=2246"}],"curies":[{"name":"wp","href":"https:\/\/api.w.org\/{rel}","templated":true}]}}