{"id":3236,"date":"2024-09-24T14:44:39","date_gmt":"2024-09-24T19:44:39","guid":{"rendered":"https:\/\/solucione.com.mx\/corporativo\/?page_id=3236"},"modified":"2024-10-02T13:26:37","modified_gmt":"2024-10-02T18:26:37","slug":"servicios-ti-telecomunicaciones","status":"publish","type":"page","link":"https:\/\/solucione.com.mx\/corporativo\/servicios-ti-telecomunicaciones\/","title":{"rendered":"Servicios TI Telecomunicaciones"},"content":{"rendered":"<section class=\"kc-elm kc-css-76789 kc_row\"><div class=\"kc-row-container  kc-container\"><div class=\"kc-wrap-columns\"><div class=\"kc-elm kc-css-67937 kc_col-sm-6 kc_column kc_col-sm-6\"><div class=\"kc-col-container\"><div class=\"kc-elm kc-css-296077 kc_text_block\"><\/p>\n<p>Los servicios TI en telecomunicaciones incluyen una amplia gama de soluciones que optimizan la infraestructura tecnol\u00f3gica de las empresas. Estos servicios abarcan la gesti\u00f3n y monitoreo de redes, configuraci\u00f3n y mantenimiento de servidores, soluciones de ciberseguridad, telecomunicaciones en la nube, soporte t\u00e9cnico y la integraci\u00f3n de sistemas de telecomunicaciones con aplicaciones empresariales. Su objetivo es asegurar la disponibilidad, seguridad y eficiencia de los sistemas de comunicaci\u00f3n y datos, permitiendo a las empresas operar de manera continua y eficiente en un entorno digital competitivo.<\/p>\n<p>\n<\/div><\/div><\/div><div class=\"kc-elm kc-css-61995 kc_col-sm-6 kc_column kc_col-sm-6\"><div class=\"kc-col-container\"><div class=\"kc-elm kc-css-319569 kc-raw-code\"><!DOCTYPE html>\r\n<html lang=\"en\">\r\n\r\n<head>\r\n  <meta charset=\"UTF-8\">\r\n  <style>\r\n    .fader {\r\n      display: inline-block;\r\n      width: 99.1%;\r\n      height: auto;\r\n      background-color: transparent;\r\n      margin-bottom: 10px;\r\n    }\r\n\r\n    .fader>img {\r\n      width: 98%;\r\n      object-fit: cover;\r\n      position: absolute;\r\n      display: none;\r\n      margin-bottom: 2px;\r\n    }\r\n  <\/style>\r\n<\/head>\r\n\r\n<body>\r\n  <div class=\"fader\">\r\n    <img decoding=\"async\"\r\n      src=\"https:\/\/solucione.com.mx\/corporativo\/wp-content\/uploads\/2024\/10\/Beneficios-del-outsourcing-de-la-gestion-de-la-infraestructura-de-TI-copia.webp\"\r\n      style=\"display: block;\" \/>\r\n    <img decoding=\"async\" src=\"https:\/\/solucione.com.mx\/corporativo\/wp-content\/uploads\/2024\/10\/dplnews_torres-telecom_dn060919-scaled.jpg\" \/>\r\n    <img decoding=\"async\"\r\n      src=\"https:\/\/solucione.com.mx\/corporativo\/wp-content\/uploads\/2024\/10\/ingeniero-trabajador-masculino-casco-mascara-gafas-seguridad-torre-telecomunicaciones-trabajo-campo-1-1024x683-1.jpg\" \/>\r\n    <img decoding=\"async\"\r\n      src=\"https:\/\/solucione.com.mx\/corporativo\/wp-content\/uploads\/2024\/10\/shutterstock_2322137639-copy-1.webp\" \/>\r\n\r\n      <img decoding=\"async\"\r\n      src=\"https:\/\/solucione.com.mx\/corporativo\/wp-content\/uploads\/2024\/10\/images-1.jpg\" \/>\r\n  <\/div>\r\n  <script src='https:\/\/cdnjs.cloudflare.com\/ajax\/libs\/jquery\/3.1.1\/jquery.min.js'><\/script>\r\n  <script>\r\n    var $imgs = $(\".fader\").find(\"img\"),\r\n      i = 0;\r\n\r\n    function changeImage() {\r\n      var next = (++i % $imgs.length);\r\n      $($imgs.get(next - 1)).fadeOut(500);\r\n      $($imgs.get(next)).fadeIn(500);\r\n    }\r\n    var interval = setInterval(changeImage, 2000);\r\n  <\/script>\r\n<\/body>\r\n\r\n<\/html><\/div><\/div><\/div><\/div><\/div><\/section>\n","protected":false},"excerpt":{"rendered":"","protected":false},"author":3,"featured_media":0,"parent":0,"menu_order":0,"comment_status":"closed","ping_status":"closed","template":"","meta":{"footnotes":""},"class_list":["post-3236","page","type-page","status-publish","hentry"],"_links":{"self":[{"href":"https:\/\/solucione.com.mx\/corporativo\/wp-json\/wp\/v2\/pages\/3236","targetHints":{"allow":["GET"]}}],"collection":[{"href":"https:\/\/solucione.com.mx\/corporativo\/wp-json\/wp\/v2\/pages"}],"about":[{"href":"https:\/\/solucione.com.mx\/corporativo\/wp-json\/wp\/v2\/types\/page"}],"author":[{"embeddable":true,"href":"https:\/\/solucione.com.mx\/corporativo\/wp-json\/wp\/v2\/users\/3"}],"replies":[{"embeddable":true,"href":"https:\/\/solucione.com.mx\/corporativo\/wp-json\/wp\/v2\/comments?post=3236"}],"version-history":[{"count":5,"href":"https:\/\/solucione.com.mx\/corporativo\/wp-json\/wp\/v2\/pages\/3236\/revisions"}],"predecessor-version":[{"id":3356,"href":"https:\/\/solucione.com.mx\/corporativo\/wp-json\/wp\/v2\/pages\/3236\/revisions\/3356"}],"wp:attachment":[{"href":"https:\/\/solucione.com.mx\/corporativo\/wp-json\/wp\/v2\/media?parent=3236"}],"curies":[{"name":"wp","href":"https:\/\/api.w.org\/{rel}","templated":true}]}}