{"id":3307,"date":"2024-09-30T15:53:25","date_gmt":"2024-09-30T20:53:25","guid":{"rendered":"https:\/\/solucione.com.mx\/corporativo\/?page_id=3307"},"modified":"2024-10-02T13:12:22","modified_gmt":"2024-10-02T18:12:22","slug":"integracion-de-redes-inalambricas","status":"publish","type":"page","link":"https:\/\/solucione.com.mx\/corporativo\/integracion-de-redes-inalambricas\/","title":{"rendered":"Integraci\u00f3n de redes in\u00e1lambricas"},"content":{"rendered":"<section class=\"kc-elm kc-css-877877 kc_row\"><div class=\"kc-row-container  kc-container\"><div class=\"kc-wrap-columns\"><div class=\"kc-elm kc-css-979399 kc_col-sm-6 kc_column kc_col-sm-6\"><div class=\"kc-col-container\"><div class=\"kc-elm kc-css-246309 kc_text_block\"><\/p>\n<p>La integraci\u00f3n de redes inal\u00e1mbricas es fundamental para asegurar una conectividad eficiente y flexible en cualquier tipo de entorno, ya sea corporativo, industrial o residencial. Ofrecemos soluciones completas que van desde el dise\u00f1o hasta la implementaci\u00f3n y mantenimiento de redes Wi-Fi, garantizando una cobertura \u00f3ptima y un rendimiento superior.<\/p>\n<p>Nuestros expertos est\u00e1n capacitados para trabajar con las \u00faltimas tecnolog\u00edas inal\u00e1mbricas, incluyendo Wi-Fi 6, LTE y 5G, asegurando que las redes no solo sean r\u00e1pidas, sino tambi\u00e9n seguras y escalables. Adaptamos nuestras soluciones a las necesidades espec\u00edficas de cada cliente, permitiendo la conectividad de dispositivos m\u00f3viles, estaciones de trabajo, sensores y otros equipos clave para su negocio.<\/p>\n<p>Contamos con amplia experiencia en la integraci\u00f3n de redes en diversas industrias como manufactura, retail, educaci\u00f3n y oficinas corporativas, logrando siempre altos est\u00e1ndares de confiabilidad, seguridad y eficiencia.<\/p>\n<p>\n<\/div><\/div><\/div><div class=\"kc-elm kc-css-638484 kc_col-sm-6 kc_column kc_col-sm-6\"><div class=\"kc-col-container\"><div class=\"kc-elm kc-css-212557 kc-raw-code\"><!DOCTYPE html>\r\n<html lang=\"en\" >\r\n<head>\r\n  <meta charset=\"UTF-8\">\r\n<style>\r\n  .fader {\r\n    display: inline-block;\r\n    width: 99.1%;\r\n    height: auto;\r\n    background-color: transparent;\r\n    margin-bottom: 10px;\r\n  }\r\n  .fader > img {\r\n    width: 98%;\r\n    object-fit: cover;\r\n    position: absolute;\r\n    display: none;\r\n    margin-bottom: 2px;\r\n  }\r\n<\/style>\r\n<\/head>\r\n<body>\r\n<div class=\"fader\">\r\n  <img decoding=\"async\" src=\"https:\/\/solucione.com.mx\/corporativo\/wp-content\/uploads\/2024\/09\/MESH.jpg\" style=\"display: block;\" \/>\r\n  <img decoding=\"async\" src=\"https:\/\/solucione.com.mx\/corporativo\/wp-content\/uploads\/2024\/09\/98.webp\" \/>\r\n  <img decoding=\"async\" src=\"https:\/\/solucione.com.mx\/corporativo\/wp-content\/uploads\/2024\/10\/router-wifi-2623703-scaled.webp\" \/>\r\n<\/div>\r\n  <script src='https:\/\/cdnjs.cloudflare.com\/ajax\/libs\/jquery\/3.1.1\/jquery.min.js'><\/script>\r\n<script>\r\n  var $imgs = $(\".fader\").find(\"img\"),\r\n            i = 0;\r\n\r\n        function changeImage() {\r\n            var next = (++i % $imgs.length);\r\n            $($imgs.get(next - 1)).fadeOut(500);\r\n            $($imgs.get(next)).fadeIn(500);\r\n        }\r\n        var interval = setInterval(changeImage, 2000);\r\n<\/script>\r\n<\/body>\r\n<\/html>\r\n\r\n<\/div><\/div><\/div><\/div><\/div><\/section>\n","protected":false},"excerpt":{"rendered":"","protected":false},"author":1,"featured_media":0,"parent":0,"menu_order":0,"comment_status":"closed","ping_status":"closed","template":"","meta":{"footnotes":""},"class_list":["post-3307","page","type-page","status-publish","hentry"],"_links":{"self":[{"href":"https:\/\/solucione.com.mx\/corporativo\/wp-json\/wp\/v2\/pages\/3307","targetHints":{"allow":["GET"]}}],"collection":[{"href":"https:\/\/solucione.com.mx\/corporativo\/wp-json\/wp\/v2\/pages"}],"about":[{"href":"https:\/\/solucione.com.mx\/corporativo\/wp-json\/wp\/v2\/types\/page"}],"author":[{"embeddable":true,"href":"https:\/\/solucione.com.mx\/corporativo\/wp-json\/wp\/v2\/users\/1"}],"replies":[{"embeddable":true,"href":"https:\/\/solucione.com.mx\/corporativo\/wp-json\/wp\/v2\/comments?post=3307"}],"version-history":[{"count":8,"href":"https:\/\/solucione.com.mx\/corporativo\/wp-json\/wp\/v2\/pages\/3307\/revisions"}],"predecessor-version":[{"id":3343,"href":"https:\/\/solucione.com.mx\/corporativo\/wp-json\/wp\/v2\/pages\/3307\/revisions\/3343"}],"wp:attachment":[{"href":"https:\/\/solucione.com.mx\/corporativo\/wp-json\/wp\/v2\/media?parent=3307"}],"curies":[{"name":"wp","href":"https:\/\/api.w.org\/{rel}","templated":true}]}}