{"id":3310,"date":"2024-09-30T15:55:04","date_gmt":"2024-09-30T20:55:04","guid":{"rendered":"https:\/\/solucione.com.mx\/corporativo\/?page_id=3310"},"modified":"2024-10-02T13:20:23","modified_gmt":"2024-10-02T18:20:23","slug":"integracion-de-equipos-de-red","status":"publish","type":"page","link":"https:\/\/solucione.com.mx\/corporativo\/integracion-de-equipos-de-red\/","title":{"rendered":"Integraci\u00f3n de equipos de red"},"content":{"rendered":"<section class=\"kc-elm kc-css-258019 kc_row\"><div class=\"kc-row-container  kc-container\"><div class=\"kc-wrap-columns\"><div class=\"kc-elm kc-css-508992 kc_col-sm-6 kc_column kc_col-sm-6\"><div class=\"kc-col-container\"><div class=\"kc-elm kc-css-926505 kc_text_block\"><\/p>\n<p>La integraci\u00f3n de equipos de red implica conectar y configurar dispositivos como routers, switches, firewalls y puntos de acceso, para que trabajen de manera conjunta dentro de una infraestructura de TI. Este proceso asegura la interconexi\u00f3n eficiente, la seguridad de los datos y la optimizaci\u00f3n del tr\u00e1fico de la red. La correcta integraci\u00f3n es fundamental para garantizar la continuidad operativa, la escalabilidad y la capacidad de gesti\u00f3n en las telecomunicaciones.<\/p>\n<p>\n<\/div><\/div><\/div><div class=\"kc-elm kc-css-601476 kc_col-sm-6 kc_column kc_col-sm-6\"><div class=\"kc-col-container\"><div class=\"kc-elm kc-css-541122 kc-raw-code\"><!DOCTYPE html>\r\n<html lang=\"en\">\r\n\r\n<head>\r\n  <meta charset=\"UTF-8\">\r\n  <style>\r\n    .fader {\r\n      display: inline-block;\r\n      width: 99.1%;\r\n      height: auto;\r\n      background-color: transparent;\r\n      margin-bottom: 10px;\r\n    }\r\n\r\n    .fader>img {\r\n      width: 98%;\r\n      object-fit: cover;\r\n      position: absolute;\r\n      display: none;\r\n      margin-bottom: 2px;\r\n    }\r\n  <\/style>\r\n<\/head>\r\n\r\n<body>\r\n  <div class=\"fader\">\r\n    <img decoding=\"async\"\r\n      src=\"https:\/\/solucione.com.mx\/corporativo\/wp-content\/uploads\/2024\/10\/711820-rut241-esim-launch-article-banner-3-840xAuto.webp\"\r\n      style=\"display: block;\" \/>\r\n    <img decoding=\"async\" src=\"https:\/\/solucione.com.mx\/corporativo\/wp-content\/uploads\/2024\/10\/images.jpg\" \/>\r\n    <img decoding=\"async\"\r\n      src=\"https:\/\/solucione.com.mx\/corporativo\/wp-content\/uploads\/2024\/10\/connection-diagnosis-blur-cable-wallpaper-preview.jpg\" \/>\r\n    <img decoding=\"async\"\r\n      src=\"https:\/\/solucione.com.mx\/corporativo\/wp-content\/uploads\/2024\/10\/network-engineer-with-laptop-long-shot-scaled-770x400-1.jpg\" \/>\r\n\r\n\r\n  <\/div>\r\n  <script src='https:\/\/cdnjs.cloudflare.com\/ajax\/libs\/jquery\/3.1.1\/jquery.min.js'><\/script>\r\n  <script>\r\n    var $imgs = $(\".fader\").find(\"img\"),\r\n      i = 0;\r\n\r\n    function changeImage() {\r\n      var next = (++i % $imgs.length);\r\n      $($imgs.get(next - 1)).fadeOut(500);\r\n      $($imgs.get(next)).fadeIn(500);\r\n    }\r\n    var interval = setInterval(changeImage, 2000);\r\n  <\/script>\r\n<\/body>\r\n\r\n<\/html><\/div><\/div><\/div><\/div><\/div><\/section>\n","protected":false},"excerpt":{"rendered":"","protected":false},"author":1,"featured_media":0,"parent":0,"menu_order":0,"comment_status":"closed","ping_status":"closed","template":"","meta":{"footnotes":""},"class_list":["post-3310","page","type-page","status-publish","hentry"],"_links":{"self":[{"href":"https:\/\/solucione.com.mx\/corporativo\/wp-json\/wp\/v2\/pages\/3310","targetHints":{"allow":["GET"]}}],"collection":[{"href":"https:\/\/solucione.com.mx\/corporativo\/wp-json\/wp\/v2\/pages"}],"about":[{"href":"https:\/\/solucione.com.mx\/corporativo\/wp-json\/wp\/v2\/types\/page"}],"author":[{"embeddable":true,"href":"https:\/\/solucione.com.mx\/corporativo\/wp-json\/wp\/v2\/users\/1"}],"replies":[{"embeddable":true,"href":"https:\/\/solucione.com.mx\/corporativo\/wp-json\/wp\/v2\/comments?post=3310"}],"version-history":[{"count":6,"href":"https:\/\/solucione.com.mx\/corporativo\/wp-json\/wp\/v2\/pages\/3310\/revisions"}],"predecessor-version":[{"id":3350,"href":"https:\/\/solucione.com.mx\/corporativo\/wp-json\/wp\/v2\/pages\/3310\/revisions\/3350"}],"wp:attachment":[{"href":"https:\/\/solucione.com.mx\/corporativo\/wp-json\/wp\/v2\/media?parent=3310"}],"curies":[{"name":"wp","href":"https:\/\/api.w.org\/{rel}","templated":true}]}}