{"id":5403,"date":"2026-04-07T12:23:19","date_gmt":"2026-04-07T18:23:19","guid":{"rendered":"https:\/\/solucione.com.mx\/corporativo\/?page_id=5403"},"modified":"2026-04-07T21:23:58","modified_gmt":"2026-04-08T03:23:58","slug":"desarrollo-backend","status":"publish","type":"page","link":"https:\/\/solucione.com.mx\/corporativo\/desarrollo-backend\/","title":{"rendered":"Desarrollo Backend"},"content":{"rendered":"<p><section class=\"kc-elm kc-css-154750 kc_row\"><div class=\"kc-row-container\"><div class=\"kc-wrap-columns\"><div class=\"kc-elm kc-css-65919 kc_col-sm-12 kc_column kc_col-sm-12\"><div class=\"kc-col-container\"><div class=\"kc-elm kc-css-284971 kc_row kc_row_inner\"><div class=\"kc-elm kc-css-299402 kc_col-sm-12 kc_column_inner kc_col-sm-12\"><div class=\"kc_wrapper kc-col-inner-container\">       <!-- INTRO -->\r\n        <section id=\"parallax\" class=\"banner-area em-slick-slider-new kc-elm kc-css-67030\">\r\n\r\n\t\t\t\t    <div class=\"single-slide slide-one-bg slider-style-four kc-elm kc-css-831714\" style=\"background-image:url(https:\/\/solucione.com.mx\/corporativo\/wp-content\/uploads\/2026\/04\/WhatsApp-Image-2026-04-07-at-8.53.13-PM.jpeg)\t\">\r\n\t\t <div class=\"banner-content banner-slick text-left\">\r\n\t\t<h4 class=\"wow fadeInDown\" animation-duration=\"1s\" animation-delay=\"0s\"><\/h4>\r\n\t\t\t<h1 class=\"wow fadeInDown\" animation-duration=\"2s\" animation-delay=\"1s\">Desarrollo Backend<span class=\"redX\"><\/span><\/h1>\r\n\t\t\t<h2 class=\"wow fadeInDown\" animation-duration=\"3s\" animation-delay=\"1s\"><\/h2>\r\n\t\t\t<h3 class=\"wow fadeInDown\" animation-duration=\"3s\" animation-delay=\"1s\"><\/h3>\r\n\t\t\t<p>Construimos infraestructuras digitales s\u00f3lidas que garantizan rendimiento, seguridad y escalabilidad para aplicaciones empresariales modernas. <\/p>\r\n\t\t\t<div class=\"slick-slider-button wow fadeInUp\" animation-duration=\"3s\" animation-delay=\"1s\">\r\n\t\t\t\t\t\t\t\t\t<\/div>\r\n\r\n\t\t\t<\/div>\r\n\t\t\t\t\t\t\t<div class=\"slider-video-icon\">\r\n\t\t\t\t\t\t\t\t\t\t\t\t\t\t\t\r\n\t\t\t\t<\/div>\r\n\t\t\t\t\r\n\t\t<\/div>\r\n\t        <\/section>\r\n        <!-- \/INTRO -->\r\n\r\n\t<div class=\"kc-elm kc-css-827166\" style=\"height: 71px; clear: both; width:100%;\"><\/div><\/div><\/div><\/div><div class=\"kc-elm kc-css-849276 kc_row kc_row_inner\"><div class=\"kc-elm kc-css-339142 kc_col-sm-4 kc_column_inner kc_col-sm-4\"><div class=\"kc_wrapper kc-col-inner-container\">\t<div class=\"em_work_progress kc-elm kc-css-569535\">\r\n\t\t<div class=\"wrok_process_thumb\">\r\n\t\t\t<img decoding=\"async\" src=\"https:\/\/solucione.com.mx\/corporativo\/wp-content\/uploads\/2026\/04\/WhatsApp-Image-2026-04-07-at-8.29.27-PM.jpeg\" alt=\"\">\r\n\t\t\t\t\t<\/div>\r\n\t\t<div class=\"em_progress_content\">\r\n\r\n\t\t\t<div class=\"em_work_progress-title\"><h2>Arquitectura Escalable<\/h2><\/div>\t\t\t<div class=\"em_work_progress-desc\"><p>Dise\u00f1o de sistemas preparados para crecer sin comprometer el rendimiento.<\/p><\/div>\t\t<\/div>\r\n\t<\/div>\r\n\t<\/div><\/div><div class=\"kc-elm kc-css-832991 kc_col-sm-4 kc_column_inner kc_col-sm-4\"><div class=\"kc_wrapper kc-col-inner-container\">\t<div class=\"em_work_progress kc-elm kc-css-43551\">\r\n\t\t<div class=\"wrok_process_thumb\">\r\n\t\t\t<img decoding=\"async\" src=\"https:\/\/solucione.com.mx\/corporativo\/wp-content\/uploads\/2026\/04\/WhatsApp-Image-2026-04-07-at-8.29.27-PM1.jpeg\" alt=\"\">\r\n\t\t\t\t\t<\/div>\r\n\t\t<div class=\"em_progress_content\">\r\n\r\n\t\t\t<div class=\"em_work_progress-title\"><h2>Gesti\u00f3n de Datos<\/h2><\/div>\t\t\t<div class=\"em_work_progress-desc\"><p>Optimizaci\u00f3n, almacenamiento y procesamiento eficiente de grandes vol\u00famenes de informaci\u00f3n.<\/p><\/div>\t\t<\/div>\r\n\t<\/div>\r\n\t<\/div><\/div><div class=\"kc-elm kc-css-657752 kc_col-sm-4 kc_column_inner kc_col-sm-4\"><div class=\"kc_wrapper kc-col-inner-container\">\t<div class=\"em_work_progress kc-elm kc-css-795364\">\r\n\t\t<div class=\"wrok_process_thumb\">\r\n\t\t\t<img decoding=\"async\" src=\"https:\/\/solucione.com.mx\/corporativo\/wp-content\/uploads\/2026\/04\/WhatsApp-Image-2026-04-07-at-8.29.28-PM.jpeg\" alt=\"\">\r\n\t\t\t\t\t<\/div>\r\n\t\t<div class=\"em_progress_content\">\r\n\r\n\t\t\t<div class=\"em_work_progress-title\"><h2>Seguridad Avanzada<\/h2><\/div>\t\t\t<div class=\"em_work_progress-desc\"><p>Implementaci\u00f3n de est\u00e1ndares de seguridad, cifrado y control de accesos.<\/p><\/div>\t\t<\/div>\r\n\t<\/div>\r\n\t<\/div><\/div><\/div><\/div><\/div><\/div><\/div><\/section><section class=\"kc-elm kc-css-735974 kc_row\"><div class=\"kc-row-container  kc-container\"><div class=\"kc-wrap-columns\"><div class=\"kc-elm kc-css-91838 kc_col-sm-12 kc_column kc_col-sm-12\"><div class=\"kc-col-container\">\t\r\r\t<div class=\"kc-elm kc-css-957073 \">\r\r\t\t<div class=\"section-title  t_center\">\r\t\t\t\t\t\t<h3>BENEFICIOS<\/h3>\r\t\t\t<h2><\/h2>\r\t\t\t\r\t\t\t\t\t\t\r\t\t\t\t\r\t\t\t\r\r\t\t\t\t\t\t\r\t\t\t\t\r\r\t\t<\/div>\t\r\r\t<\/div>\t\r\r\t<div class=\"kc-elm kc-css-913913 kc_row kc_row_inner\"><div class=\"kc-elm kc-css-655651 kc_col-sm-3 kc_column_inner kc_col-sm-3\"><div class=\"kc_wrapper kc-col-inner-container\"><div class=\"kc-elm kc-css-512370 kc-feature-boxes kc-fb-layout-1\">\n\n\t<div class=\"content-icon\"><i class=\"flaticon-lifebuoy\"><\/i><\/div><div class=\"content-title\">Alta disponibilidad y rendimiento<\/div><div class=\"content-desc\">Garantiza la continuidad operativa de los sistemas mediante infraestructuras robustas y redundantes, minimizando tiempos de inactividad y asegurando un desempe\u00f1o \u00f3ptimo incluso en momentos de alta demanda.<\/div>\n<\/div>\n<\/div><\/div><div class=\"kc-elm kc-css-899610 kc_col-sm-3 kc_column_inner kc_col-sm-3\"><div class=\"kc_wrapper kc-col-inner-container\"><div class=\"kc-elm kc-css-857725 kc-feature-boxes kc-fb-layout-1\">\n\n\t<div class=\"content-icon\"><i class=\"flaticon-mobile-app\"><\/i><\/div><div class=\"content-title\">Seguridad empresarial<\/div><div class=\"content-desc\">Optimiza el manejo y an\u00e1lisis de la informaci\u00f3n mediante tecnolog\u00edas avanzadas, permitiendo una r\u00e1pida toma de decisiones y un mejor aprovechamiento de los recursos disponibles.<\/div>\n<\/div>\n<\/div><\/div><div class=\"kc-elm kc-css-105091 kc_col-sm-3 kc_column_inner kc_col-sm-3\"><div class=\"kc_wrapper kc-col-inner-container\"><div class=\"kc-elm kc-css-945485 kc-feature-boxes kc-fb-layout-1\">\n\n\t<div class=\"content-icon\"><i class=\"flaticon-web\"><\/i><\/div><div class=\"content-title\">Procesamiento eficiente de datos<\/div><div class=\"content-desc\">Protege la informaci\u00f3n cr\u00edtica y los activos digitales mediante mecanismos de seguridad avanzados, reduciendo riesgos ante amenazas cibern\u00e9ticas y garantizando la confidencialidad, integridad y disponibilidad de los datos.<\/div>\n<\/div>\n<\/div><\/div><div class=\"kc-elm kc-css-855561 kc_col-sm-3 kc_column_inner kc_col-sm-3\"><div class=\"kc_wrapper kc-col-inner-container\"><div class=\"kc-elm kc-css-679127 kc-feature-boxes kc-fb-layout-1\">\n\n\t<div class=\"content-icon\"><i class=\"flaticon-analytics\"><\/i><\/div><div class=\"content-title\">Escalabilidad garantizada<\/div><div class=\"content-desc\">Permite el crecimiento flexible de la infraestructura conforme a las necesidades del negocio, adapt\u00e1ndose f\u00e1cilmente a incrementos en la demanda sin comprometer el rendimiento ni la estabilidad.<\/div>\n<\/div>\n<\/div><\/div><\/div><div class=\"kc-elm kc-css-111266 kc_row kc_row_inner\"><div class=\"kc-elm kc-css-344798 kc_col-sm-12 kc_column_inner kc_col-sm-12\"><div class=\"kc_wrapper kc-col-inner-container\"><div class=\"kc-elm kc-css-115026\" style=\"height: 71px; clear: both; width:100%;\"><\/div>\t\r\r\t<div class=\"kc-elm kc-css-63055 \">\r\r\t\t<div class=\"section-title  t_center\">\r\t\t\t\t\t\t<h3>SOLUCIONES EMPRESARIALES<\/h3>\r\t\t\t<h2><\/h2>\r\t\t\t\r\t\t\t\t\t\t\r\t\t\t\t\r\t\t\t\r\r\t\t\t\t\t\t\r\t\t\t\t\r\r\t\t<\/div>\t\r\r\t<\/div>\t\r\r\t<div class=\"kc-elm kc-css-379497 kc_text_block\"><\/p>\n<p><span style=\"font-size: 25px;\">Desarrollamos plataformas backend enfocadas en la integraci\u00f3n de servicios, automatizaci\u00f3n de procesos y an\u00e1lisis de datos en tiempo real. Nuestras soluciones est\u00e1n dise\u00f1adas para soportar entornos cr\u00edticos, alta concurrencia y crecimiento continuo.<\/span><\/p>\n<p>\n<\/div><div class=\"kc-elm kc-css-618628\" style=\"height: 71px; clear: both; width:100%;\"><\/div><\/div><\/div><\/div><\/div><\/div><\/div><\/div><\/section><\/p>\n","protected":false},"excerpt":{"rendered":"","protected":false},"author":12,"featured_media":0,"parent":0,"menu_order":0,"comment_status":"closed","ping_status":"open","template":"page-templates\/template-default.php","meta":{"footnotes":""},"class_list":["post-5403","page","type-page","status-publish","hentry"],"_links":{"self":[{"href":"https:\/\/solucione.com.mx\/corporativo\/wp-json\/wp\/v2\/pages\/5403","targetHints":{"allow":["GET"]}}],"collection":[{"href":"https:\/\/solucione.com.mx\/corporativo\/wp-json\/wp\/v2\/pages"}],"about":[{"href":"https:\/\/solucione.com.mx\/corporativo\/wp-json\/wp\/v2\/types\/page"}],"author":[{"embeddable":true,"href":"https:\/\/solucione.com.mx\/corporativo\/wp-json\/wp\/v2\/users\/12"}],"replies":[{"embeddable":true,"href":"https:\/\/solucione.com.mx\/corporativo\/wp-json\/wp\/v2\/comments?post=5403"}],"version-history":[{"count":50,"href":"https:\/\/solucione.com.mx\/corporativo\/wp-json\/wp\/v2\/pages\/5403\/revisions"}],"predecessor-version":[{"id":5501,"href":"https:\/\/solucione.com.mx\/corporativo\/wp-json\/wp\/v2\/pages\/5403\/revisions\/5501"}],"wp:attachment":[{"href":"https:\/\/solucione.com.mx\/corporativo\/wp-json\/wp\/v2\/media?parent=5403"}],"curies":[{"name":"wp","href":"https:\/\/api.w.org\/{rel}","templated":true}]}}