{"id":5504,"date":"2026-04-07T21:59:04","date_gmt":"2026-04-08T03:59:04","guid":{"rendered":"https:\/\/solucione.com.mx\/corporativo\/?page_id=5504"},"modified":"2026-04-07T22:34:06","modified_gmt":"2026-04-08T04:34:06","slug":"desarrollo-frontend","status":"publish","type":"page","link":"https:\/\/solucione.com.mx\/corporativo\/desarrollo-frontend\/","title":{"rendered":"Desarrollo Frontend"},"content":{"rendered":"<p><section class=\"kc-elm kc-css-126597 kc_row\"><div class=\"kc-row-container\"><div class=\"kc-wrap-columns\"><div class=\"kc-elm kc-css-515685 kc_col-sm-12 kc_column kc_col-sm-12\"><div class=\"kc-col-container\"><div class=\"kc-elm kc-css-724771 kc_row kc_row_inner\"><div class=\"kc-elm kc-css-723774 kc_col-sm-12 kc_column_inner kc_col-sm-12\"><div class=\"kc_wrapper kc-col-inner-container\">       <!-- INTRO -->\r\n        <section id=\"parallax\" class=\"banner-area em-slick-slider-new kc-elm kc-css-479827\">\r\n\r\n\t\t\t\t    <div class=\"single-slide slide-one-bg kc-elm kc-css-719121\" style=\"background-image:url(https:\/\/solucione.com.mx\/corporativo\/wp-content\/uploads\/2026\/04\/Front.png)\t\">\r\n                 <div class=\"banner-content banner-slick text-left\">\r\n                    <h4><\/h4>\r\n\t\t\t\t\t<h1>Desarrollo Frontend<span class=\"redX\"><\/span><\/h1>\r\n                    <h2><\/h2>\r\n                    <h3><\/h3>\r\n                    <p>Creamos interfaces digitales modernas, optimizadas y escalables, enfocadas en mejorar la experiencia del usuario y potenciar resultados empresariales. <\/p>\r\n                                        \t\t\t\t\t\t\t\t\t\t\t\t\t<div class=\"slider-video-icon\">\r\n\t\t\t\t\t\t\t\t\t\t\t\t\t\t\t\t\t\t\t\t\t\r\n\r\n\t\t\t\t\t\t\t<\/div>\r\n\t\t\t\t\t\t\t\r\n\t\t\t\t\t                <\/div>\r\n            <\/div>\r\n\t        <\/section>\r\n        <!-- \/INTRO -->\r\n\r\n\t<div class=\"kc-elm kc-css-756051\" style=\"height: 71px; clear: both; width:100%;\"><\/div><\/div><\/div><\/div><div class=\"kc-elm kc-css-627868 kc_row kc_row_inner\"><div class=\"kc-elm kc-css-227582 kc_col-sm-3 kc_column_inner kc_col-sm-3\"><div class=\"kc_wrapper kc-col-inner-container\"><div class=\"kc-elm kc-css-496739 kc-feature-boxes kc-fb-layout-1\">\n\n\t<div class=\"content-icon\"><i class=\"flaticon-developer\"><\/i><\/div><div class=\"content-title\">Dise\u00f1o UX\/UI<\/div><div class=\"content-desc\">Experiencias intuitivas centradas en el usuario para maximizar interacci\u00f3n.<\/div>\n<\/div>\n<\/div><\/div><div class=\"kc-elm kc-css-13984 kc_col-sm-3 kc_column_inner kc_col-sm-3\"><div class=\"kc_wrapper kc-col-inner-container\"><div class=\"kc-elm kc-css-137050 kc-feature-boxes kc-fb-layout-1\">\n\n\t<div class=\"content-icon\"><i class=\"flaticon-ui\"><\/i><\/div><div class=\"content-title\">Responsive Design<\/div><div class=\"content-desc\">Interfaces adaptables a todos los dispositivos y resoluciones.<\/div>\n<\/div>\n<\/div><\/div><div class=\"kc-elm kc-css-676448 kc_col-sm-3 kc_column_inner kc_col-sm-3\"><div class=\"kc_wrapper kc-col-inner-container\"><div class=\"kc-elm kc-css-350641 kc-feature-boxes kc-fb-layout-1\">\n\n\t<div class=\"content-icon\"><i class=\"flaticon-analytics\"><\/i><\/div><div class=\"content-title\">Alto Rendimiento<\/div><div class=\"content-desc\">Optimizaci\u00f3n de carga y velocidad para mejorar la experiencia digital.<\/div>\n<\/div>\n<\/div><\/div><div class=\"kc-elm kc-css-226550 kc_col-sm-3 kc_column_inner kc_col-sm-3\"><div class=\"kc_wrapper kc-col-inner-container\"><div class=\"kc-elm kc-css-370073 kc-feature-boxes kc-fb-layout-1\">\n\n\t<div class=\"content-icon\"><i class=\"flaticon-intelligent\"><\/i><\/div><div class=\"content-title\">Tecnolog\u00edas Modernas<\/div><div class=\"content-desc\">Desarrollo con frameworks actuales para soluciones escalables.<\/div>\n<\/div>\n<\/div><\/div><\/div><\/div><\/div><\/div><\/div><\/section><section class=\"kc-elm kc-css-582043 kc_row\"><div class=\"kc-row-container  kc-container\"><div class=\"kc-wrap-columns\"><div class=\"kc-elm kc-css-257153 kc_col-sm-12 kc_column kc_col-sm-12\"><div class=\"kc-col-container\"><div class=\"kc-elm kc-css-462949 kc_row kc_row_inner\"><div class=\"kc-elm kc-css-810720 kc_col-sm-12 kc_column_inner kc_col-sm-12\"><div class=\"kc_wrapper kc-col-inner-container\"><div class=\"kc-elm kc-css-987810\" style=\"height: 71px; clear: both; width:100%;\"><\/div>\t\r\r\t<div class=\"kc-elm kc-css-428898 \">\r\r\t\t<div class=\"section-title  t_center\">\r\t\t\t\t\t\t<h3>SOLUCIONES EMPRESARIALES<\/h3>\r\t\t\t<h2><\/h2>\r\t\t\t\r\t\t\t\t\t\t\r\t\t\t\t\r\t\t\t\r\r\t\t\t\t\t\t\r\t\t\t\t\r\r\t\t<\/div>\t\r\r\t<\/div>\t\r\r\t<div class=\"kc-elm kc-css-470295 kc_text_block\"><\/p>\n<p><span style=\"font-size: 20px;\">Desarrollamos plataformas backend enfocadas en la integraci\u00f3n de servicios, automatizaci\u00f3n de procesos y an\u00e1lisis de datos en tiempo real. Nuestras soluciones est\u00e1n dise\u00f1adas para soportar entornos cr\u00edticos, alta concurrencia y crecimiento continuo.<\/span><\/p>\n<p>\n<\/div><div class=\"kc-elm kc-css-407027\" style=\"height: 71px; clear: both; width:100%;\"><\/div><\/div><\/div><\/div><\/div><\/div><\/div><\/div><\/section><\/p>\n","protected":false},"excerpt":{"rendered":"","protected":false},"author":12,"featured_media":0,"parent":0,"menu_order":0,"comment_status":"closed","ping_status":"open","template":"page-templates\/template-default.php","meta":{"footnotes":""},"class_list":["post-5504","page","type-page","status-publish","hentry"],"_links":{"self":[{"href":"https:\/\/solucione.com.mx\/corporativo\/wp-json\/wp\/v2\/pages\/5504","targetHints":{"allow":["GET"]}}],"collection":[{"href":"https:\/\/solucione.com.mx\/corporativo\/wp-json\/wp\/v2\/pages"}],"about":[{"href":"https:\/\/solucione.com.mx\/corporativo\/wp-json\/wp\/v2\/types\/page"}],"author":[{"embeddable":true,"href":"https:\/\/solucione.com.mx\/corporativo\/wp-json\/wp\/v2\/users\/12"}],"replies":[{"embeddable":true,"href":"https:\/\/solucione.com.mx\/corporativo\/wp-json\/wp\/v2\/comments?post=5504"}],"version-history":[{"count":4,"href":"https:\/\/solucione.com.mx\/corporativo\/wp-json\/wp\/v2\/pages\/5504\/revisions"}],"predecessor-version":[{"id":5537,"href":"https:\/\/solucione.com.mx\/corporativo\/wp-json\/wp\/v2\/pages\/5504\/revisions\/5537"}],"wp:attachment":[{"href":"https:\/\/solucione.com.mx\/corporativo\/wp-json\/wp\/v2\/media?parent=5504"}],"curies":[{"name":"wp","href":"https:\/\/api.w.org\/{rel}","templated":true}]}}