{"id":5541,"date":"2026-04-08T13:28:46","date_gmt":"2026-04-08T19:28:46","guid":{"rendered":"https:\/\/solucione.com.mx\/corporativo\/?page_id=5541"},"modified":"2026-04-08T16:42:36","modified_gmt":"2026-04-08T22:42:36","slug":"aplicaciones-moviles","status":"publish","type":"page","link":"https:\/\/solucione.com.mx\/corporativo\/aplicaciones-moviles\/","title":{"rendered":"Aplicaciones Moviles"},"content":{"rendered":"<p><section class=\"kc-elm kc-css-370952 kc_row\"><div class=\"kc-row-container\"><div class=\"kc-wrap-columns\"><div class=\"kc-elm kc-css-283441 kc_col-sm-12 kc_column kc_col-sm-12\"><div class=\"kc-col-container\"><div class=\"kc-elm kc-css-69644 kc_row kc_row_inner\"><div class=\"kc-elm kc-css-282954 kc_col-sm-12 kc_column_inner kc_col-sm-12\"><div class=\"kc_wrapper kc-col-inner-container\">       <!-- INTRO -->\r\n        <section id=\"parallax\" class=\"banner-area em-slick-slider-new kc-elm kc-css-790841\">\r\n\r\n\t\t\t\t\t  <div class=\"single-slide slide-two-bg slick-style-two kc-elm kc-css-172017\" style=\"background-image:url(https:\/\/solucione.com.mx\/corporativo\/wp-content\/uploads\/2026\/04\/AM-2.jpeg)\t\">\r\n\t\t <div class=\"banner-content banner-slick text-left\">\r\n\t\t\t<h4><\/h4>\r\n\t\t\t<h1>Aplicaciones M\u00f3viles<span class=\"redX\"><\/span><\/h1>\r\n\t\t\t<h2><\/h2>\r\n\t\t\t<h3><\/h3>\r\n\t\t\t<p>Desarrollamos aplicaciones m\u00f3viles modernas, seguras y de alto rendimiento, dise\u00f1adas para ofrecer experiencias fluidas en dispositivos Android e iOS. <\/p>\r\n\t\t\t\t\t\t\t\t\t\t\t\t\t\t\t\t\t<div class=\"slider-video-icon\">\r\n\t\t\t\t\t\t\t\t\t\t\t\t\t\t\t\t\t\r\n\r\n\t\t\t\t\t<\/div>\r\n\t\t\t\t\t\r\n\t\t\t<\/div>\r\n\t\t\t\t\t\t<div class=\"slider_circle_img rotateme\">\r\n\t\t\t\t<img decoding=\"async\" src=\"https:\/\/solucione.com.mx\/corporativo\/wp-content\/themes\/ittech\/assets\/images\/dot-circle.png\" alt=\"circle-image\">\r\n\t\t\t<\/div>\r\n\t<\/div>\r\n\t        <\/section>\r\n        <!-- \/INTRO -->\r\n\r\n\t<div class=\"kc-elm kc-css-575570\" style=\"height: 71px; clear: both; width:100%;\"><\/div><\/div><\/div><\/div><div class=\"kc-elm kc-css-125608 kc_row kc_row_inner\"><div class=\"kc-elm kc-css-983619 kc_col-sm-4 kc_column_inner kc_col-sm-4\"><div class=\"kc_wrapper kc-col-inner-container\"><div class=\"kc-elm kc-css-923282 kc-feature-boxes kc-fb-layout-1\">\n\n\t<div class=\"content-icon\"><i class=\"flaticon-ui\"><\/i><\/div><div class=\"content-title\">Multiplataforma<\/div><div class=\"content-desc\">Aplicaciones compatibles con Android e iOS desde una sola base de c\u00f3digo.<\/div>\n<\/div>\n<\/div><\/div><div class=\"kc-elm kc-css-37184 kc_col-sm-4 kc_column_inner kc_col-sm-4\"><div class=\"kc_wrapper kc-col-inner-container\"><div class=\"kc-elm kc-css-534051 kc-feature-boxes kc-fb-layout-1\">\n\n\t<div class=\"content-icon\"><i class=\"flaticon-analytics\"><\/i><\/div><div class=\"content-title\">Alto Rendimiento<\/div><div class=\"content-desc\">Apps r\u00e1pidas, eficientes y optimizadas para el mejor desempe\u00f1o.<\/div>\n<\/div>\n<\/div><\/div><div class=\"kc-elm kc-css-750398 kc_col-sm-4 kc_column_inner kc_col-sm-4\"><div class=\"kc_wrapper kc-col-inner-container\"><div class=\"kc-elm kc-css-161999 kc-feature-boxes kc-fb-layout-1\">\n\n\t<div class=\"content-icon\"><i class=\"flaticon-data\"><\/i><\/div><div class=\"content-title\">Integraci\u00f3n<\/div><div class=\"content-desc\">Conectividad con APIs, bases de datos y servicios en la nube.<\/div>\n<\/div>\n<\/div><\/div><\/div><\/div><\/div><\/div><\/div><\/section><section class=\"kc-elm kc-css-262682 kc_row\"><div class=\"kc-row-container  kc-container\"><div class=\"kc-wrap-columns\"><div class=\"kc-elm kc-css-535849 kc_col-sm-12 kc_column kc_col-sm-12\"><div class=\"kc-col-container\">\t\r\r\t<div class=\"kc-elm kc-css-160445 \">\r\r\t\t<div class=\"section-title  t_center\">\r\t\t\t\t\t\t<h3>BENEFICIOS<\/h3>\r\t\t\t<h2><\/h2>\r\t\t\t\r\t\t\t\t\t\t\r\t\t\t\t\r\t\t\t\r\r\t\t\t\t\t\t\r\t\t\t\t\r\r\t\t<\/div>\t\r\r\t<\/div>\t\r\r\t<div class=\"kc-elm kc-css-304980 kc_row kc_row_inner\"><div class=\"kc-elm kc-css-748437 kc_col-sm-12 kc_column_inner kc_col-sm-12\"><div class=\"kc_wrapper kc-col-inner-container\"><div class=\"kc-elm kc-css-6827 kc_row kc_row_inner\"><div class=\"kc-elm kc-css-359273 kc_col-sm-3 kc_column_inner kc_col-sm-3\"><div class=\"kc_wrapper kc-col-inner-container\"><div class=\"kc-elm kc-css-402859 kc-feature-boxes kc-fb-layout-1\">\n\n\t<div class=\"content-icon\"><i class=\"flaticon-next-1\"><\/i><\/div><div class=\"content-title\">MAYOR ALCANCE DE LOS CLIENTES<\/div><div class=\"content-desc\">Permite llegar a un p\u00fablico m\u00e1s amplio sin limitaciones geogr\u00e1ficas, ampliando las oportunidades de negocio. A trav\u00e9s de plataformas digitales, tu empresa puede ser visible para clientes potenciales en diferentes ciudades o incluso pa\u00edses, incrementando las posibilidades de crecimiento y posicionamiento de marca.<\/div>\n<\/div>\n<\/div><\/div><div class=\"kc-elm kc-css-996578 kc_col-sm-3 kc_column_inner kc_col-sm-3\"><div class=\"kc_wrapper kc-col-inner-container\"><div class=\"kc-elm kc-css-318628 kc-feature-boxes kc-fb-layout-1\">\n\n\t<div class=\"content-icon\"><i class=\"flaticon-system\"><\/i><\/div><div class=\"content-title\">ACCESO DESDE CUALQUIER LUGAR<\/div><div class=\"content-desc\">Facilita el uso de servicios o plataformas desde cualquier ubicaci\u00f3n y en cualquier momento, siempre que exista conexi\u00f3n a internet. Esto brinda flexibilidad tanto a los usuarios como a las empresas, permitiendo operar de manera continua y adaptarse a entornos de trabajo remoto o distribuido.<\/div>\n<\/div>\n<\/div><\/div><div class=\"kc-elm kc-css-650911 kc_col-sm-3 kc_column_inner kc_col-sm-3\"><div class=\"kc_wrapper kc-col-inner-container\"><div class=\"kc-elm kc-css-376614 kc-feature-boxes kc-fb-layout-1\">\n\n\t<div class=\"content-icon\"><i class=\"flaticon-web\"><\/i><\/div><div class=\"content-title\">AUTOMATIZACI\u00d3N DE PROCESOS<\/div><div class=\"content-desc\">Optimiza tareas repetitivas mediante el uso de tecnolog\u00eda, reduciendo errores humanos y aumentando la eficiencia operativa. La automatizaci\u00f3n permite ahorrar tiempo y recursos, mejorar la productividad y enfocar los esfuerzos del equipo en actividades estrat\u00e9gicas de mayor valor.<\/div>\n<\/div>\n<\/div><\/div><div class=\"kc-elm kc-css-6512 kc_col-sm-3 kc_column_inner kc_col-sm-3\"><div class=\"kc_wrapper kc-col-inner-container\"><div class=\"kc-elm kc-css-281635 kc-feature-boxes kc-fb-layout-1\">\n\n\t<div class=\"content-icon\"><i class=\"flaticon-aeroplane\"><\/i><\/div><div class=\"content-title\">MEJOR EXPERIENCIA DE USUARIO<\/div><div class=\"content-desc\">Ofrece interfaces intuitivas, r\u00e1pidas y adaptadas a las necesidades del cliente, lo que facilita la interacci\u00f3n con los servicios o productos. Una buena experiencia de usuario incrementa la satisfacci\u00f3n, fidelizaci\u00f3n y confianza, generando una relaci\u00f3n m\u00e1s s\u00f3lida entre la empresa y sus clientes.<\/div>\n<\/div>\n<\/div><\/div><\/div><div class=\"kc-elm kc-css-928214\" style=\"height: 71px; clear: both; width:100%;\"><\/div>\t\r\r\t<div class=\"kc-elm kc-css-210101 \">\r\r\t\t<div class=\"section-title  t_center\">\r\t\t\t\t\t\t<h3>SOLUCIONES EMPRESARIALES<\/h3>\r\t\t\t<h2><\/h2>\r\t\t\t\r\t\t\t\t\t\t\r\t\t\t\t\r\t\t\t\r\r\t\t\t\t\t\t\r\t\t\t\t\r\r\t\t<\/div>\t\r\r\t<\/div>\t\r\r\t<div class=\"kc-elm kc-css-175 kc_text_block\"><\/p>\n<p style=\"text-align: center;\"><span style=\"font-size: 20px;\">Creamos aplicaciones enfocadas en ventas, monitoreo, control de procesos y gesti\u00f3n empresarial. Nuestras apps permiten recopilar datos en tiempo real, mejorar la productividad y facilitar la toma de decisiones estrat\u00e9gicas dentro de la organizaci\u00f3n.<\/span><\/p>\n<p>\n<\/div><div class=\"kc-elm kc-css-821447\" style=\"height: 71px; clear: both; width:100%;\"><\/div><div class=\"kc-elm kc-css-555833\" style=\"height: 30px; clear: both; width:100%;\"><\/div><\/div><\/div><\/div><div class=\"kc-elm kc-css-493296\" style=\"height: 30px; clear: both; width:100%;\"><\/div><\/div><\/div><\/div><\/div><\/section><\/p>\n","protected":false},"excerpt":{"rendered":"","protected":false},"author":12,"featured_media":0,"parent":0,"menu_order":0,"comment_status":"closed","ping_status":"open","template":"page-templates\/template-default.php","meta":{"footnotes":""},"class_list":["post-5541","page","type-page","status-publish","hentry"],"_links":{"self":[{"href":"https:\/\/solucione.com.mx\/corporativo\/wp-json\/wp\/v2\/pages\/5541","targetHints":{"allow":["GET"]}}],"collection":[{"href":"https:\/\/solucione.com.mx\/corporativo\/wp-json\/wp\/v2\/pages"}],"about":[{"href":"https:\/\/solucione.com.mx\/corporativo\/wp-json\/wp\/v2\/types\/page"}],"author":[{"embeddable":true,"href":"https:\/\/solucione.com.mx\/corporativo\/wp-json\/wp\/v2\/users\/12"}],"replies":[{"embeddable":true,"href":"https:\/\/solucione.com.mx\/corporativo\/wp-json\/wp\/v2\/comments?post=5541"}],"version-history":[{"count":18,"href":"https:\/\/solucione.com.mx\/corporativo\/wp-json\/wp\/v2\/pages\/5541\/revisions"}],"predecessor-version":[{"id":5671,"href":"https:\/\/solucione.com.mx\/corporativo\/wp-json\/wp\/v2\/pages\/5541\/revisions\/5671"}],"wp:attachment":[{"href":"https:\/\/solucione.com.mx\/corporativo\/wp-json\/wp\/v2\/media?parent=5541"}],"curies":[{"name":"wp","href":"https:\/\/api.w.org\/{rel}","templated":true}]}}